{"id":32,"date":"2023-01-05T11:07:14","date_gmt":"2023-01-05T16:07:14","guid":{"rendered":"https:\/\/carreras.uleam.edu.ec\/santo-domingo\/?page_id=32"},"modified":"2025-12-03T08:47:16","modified_gmt":"2025-12-03T13:47:16","slug":"carrera-administracion-de-empresas-santo-domingo","status":"publish","type":"page","link":"https:\/\/carreras.uleam.edu.ec\/santo-domingo\/carrera-administracion-de-empresas-santo-domingo\/","title":{"rendered":"carrera administraci\u00f3n de empresas"},"content":{"rendered":"\t\t<div data-elementor-type=\"wp-page\" data-elementor-id=\"32\" class=\"elementor elementor-32\" data-elementor-settings=\"[]\">\n\t\t\t\t\t\t\t<div class=\"elementor-section-wrap\">\n\t\t\t\t\t\t\t<section class=\"elementor-section elementor-top-section elementor-element elementor-element-eb6b27b elementor-section-boxed elementor-section-height-default elementor-section-height-default\" data-id=\"eb6b27b\" data-element_type=\"section\">\n\t\t\t\t\t\t<div class=\"elementor-container elementor-column-gap-default\">\n\t\t\t\t\t<div class=\"elementor-column elementor-col-100 elementor-top-column elementor-element elementor-element-8b9fe12\" data-id=\"8b9fe12\" data-element_type=\"column\">\n\t\t\t<div class=\"elementor-widget-wrap elementor-element-populated\">\n\t\t\t\t\t\t\t\t<div class=\"elementor-element elementor-element-8284473 elementor-tabs-view-horizontal elementor-widget elementor-widget-tabs\" data-id=\"8284473\" data-element_type=\"widget\" data-widget_type=\"tabs.default\">\n\t\t\t\t<div class=\"elementor-widget-container\">\n\t\t\t\t\t<div class=\"elementor-tabs\">\n\t\t\t<div class=\"elementor-tabs-wrapper\" role=\"tablist\" >\n\t\t\t\t\t\t\t\t\t<div id=\"elementor-tab-title-1361\" class=\"elementor-tab-title elementor-tab-desktop-title\" aria-selected=\"true\" data-tab=\"1\" role=\"tab\" tabindex=\"0\" aria-controls=\"elementor-tab-content-1361\" aria-expanded=\"false\">Misi\u00f3n y visi\u00f3n<\/div>\n\t\t\t\t\t\t\t\t\t<div id=\"elementor-tab-title-1362\" class=\"elementor-tab-title elementor-tab-desktop-title\" aria-selected=\"false\" data-tab=\"2\" role=\"tab\" tabindex=\"-1\" aria-controls=\"elementor-tab-content-1362\" aria-expanded=\"false\">Descripci\u00f3n General de la Carrera<\/div>\n\t\t\t\t\t\t\t\t\t<div id=\"elementor-tab-title-1363\" class=\"elementor-tab-title elementor-tab-desktop-title\" aria-selected=\"false\" data-tab=\"3\" role=\"tab\" tabindex=\"-1\" aria-controls=\"elementor-tab-content-1363\" aria-expanded=\"false\">Malla Curricular<\/div>\n\t\t\t\t\t\t\t\t\t<div id=\"elementor-tab-title-1364\" class=\"elementor-tab-title elementor-tab-desktop-title\" aria-selected=\"false\" data-tab=\"4\" role=\"tab\" tabindex=\"-1\" aria-controls=\"elementor-tab-content-1364\" aria-expanded=\"false\">Docentes<\/div>\n\t\t\t\t\t\t\t\t\t<div id=\"elementor-tab-title-1365\" class=\"elementor-tab-title elementor-tab-desktop-title\" aria-selected=\"false\" data-tab=\"5\" role=\"tab\" tabindex=\"-1\" aria-controls=\"elementor-tab-content-1365\" aria-expanded=\"false\">Datos Generales<\/div>\n\t\t\t\t\t\t\t\t\t<div id=\"elementor-tab-title-1366\" class=\"elementor-tab-title elementor-tab-desktop-title\" aria-selected=\"false\" data-tab=\"6\" role=\"tab\" tabindex=\"-1\" aria-controls=\"elementor-tab-content-1366\" aria-expanded=\"false\">Gesti\u00f3n y Proceso Estudiantil<\/div>\n\t\t\t\t\t\t\t<\/div>\n\t\t\t<div class=\"elementor-tabs-content-wrapper\" role=\"tablist\" aria-orientation=\"vertical\">\n\t\t\t\t\t\t\t\t\t<div class=\"elementor-tab-title elementor-tab-mobile-title\" aria-selected=\"true\" data-tab=\"1\" role=\"tab\" tabindex=\"0\" aria-controls=\"elementor-tab-content-1361\" aria-expanded=\"false\">Misi\u00f3n y visi\u00f3n<\/div>\n\t\t\t\t\t<div id=\"elementor-tab-content-1361\" class=\"elementor-tab-content elementor-clearfix\" data-tab=\"1\" role=\"tabpanel\" aria-labelledby=\"elementor-tab-title-1361\" tabindex=\"0\" hidden=\"false\"><p>MISI\u00d3N:<\/p><p>Formar profesionales emprendedores, creativos, responsables con el medio ambiente, con habilidades y competencias clave para adaptarse a los cambios y retos de la sociedad.<\/p><p>VISI\u00d3N:<\/p><p>Nuestros licenciados en administraci\u00f3n de empresas son l\u00edderes, empresarios y transformadores de organizaciones exitosas contribuyendo al desarrollo de la sociedad.<\/p><\/div>\n\t\t\t\t\t\t\t\t\t<div class=\"elementor-tab-title elementor-tab-mobile-title\" aria-selected=\"false\" data-tab=\"2\" role=\"tab\" tabindex=\"-1\" aria-controls=\"elementor-tab-content-1362\" aria-expanded=\"false\">Descripci\u00f3n General de la Carrera<\/div>\n\t\t\t\t\t<div id=\"elementor-tab-content-1362\" class=\"elementor-tab-content elementor-clearfix\" data-tab=\"2\" role=\"tabpanel\" aria-labelledby=\"elementor-tab-title-1362\" tabindex=\"0\" hidden=\"hidden\"><p>Nombre de la Carrera:\u00a0 \u00a0 \u00a0 \u00a0 \u00a0 \u00a0 \u00a0 \u00a0 \u00a0 \u00a0 \u00a0 Administraci\u00f3n de empresas<\/p><p>T\u00edtulo que otorga:\u00a0 \u00a0 \u00a0 \u00a0 \u00a0 \u00a0 \u00a0 \u00a0 \u00a0 \u00a0 \u00a0 \u00a0 \u00a0 \u00a0 \u00a0 Licenciado\/a en Administraci\u00f3n de Empresas<\/p><p>Modalidad de aprendizaje:\u00a0 \u00a0 \u00a0 \u00a0 \u00a0 \u00a0 \u00a0 Presencial<\/p><p>N\u00famero de per\u00edodos ordinarios:\u00a0 \u00a0 \u00a08 Per\u00edodos\u00a0<\/p><hr \/><p style=\"text-align: justify\">PERFIL DE INGRESO:<\/p><p style=\"text-align: justify\">El aspirante a la Carrera de Empresas deber\u00e1 cumplir con lo establecido en el art. 82 de la LOES y el Art. 13 del Reglamento del R\u00e9gimen Acad\u00e9mico RPC-SE-10-No.028-2022, para el ingreso al tercer nivel, se requiere:<\/p><ul><li>-Poseer t\u00edtulo de bachiller o su equivalente, de conformidad con la Ley;<\/li><li>-Haber cumplido los requisitos normados por el Sistema de Nivelaci\u00f3n y Admisi\u00f3n que observar\u00e1 los principios de igualdad de oportunidades, libertad de elecci\u00f3n de carrera y de m\u00e9ritos.<\/li><li>-Para casos de movilidad interna o externa cumplir con los requisitos establecidos en el Art. 79 del Reglamento de R\u00e9gimen Acad\u00e9mico para cambios.<\/li><li>-En caso de ser t\u00edtulo extranjero, deber\u00e1 presentar la resoluci\u00f3n de homologaci\u00f3n del t\u00edtulo y los documentos debidamente apostillados.<\/li><\/ul><p style=\"text-align: justify\">Adicional a ello debe demostrar aptitudes por la carrera a trav\u00e9s del dominio de los siguientes conocimientos b\u00e1sicos y complementarios:<\/p><ul style=\"text-align: justify\"><li>Conocimientos generales en administraci\u00f3n, gesti\u00f3n y contabilidad;\u00a0Habilidad en la comunicaci\u00f3n oral, escrita y digital;\u00a0Capacidad de investigaci\u00f3n;\u00a0Capacidad de an\u00e1lisis l\u00f3gica y t\u00e9cnica social; Contar con actitud para el desarrollo humano.<\/li><\/ul><p style=\"text-align: justify\">REQUISITOS DE INGRESO:<\/p><ul style=\"text-align: justify\"><li>-Estar en posici\u00f3n de t\u00edtulo de bachiller o su equivalente debidamente reconocido por el Ministerio de Educaci\u00f3n.<\/li><li>-Haber cumplido con los requisitos normados por el Sistema Nacional de Nivelaci\u00f3n y Admisi\u00f3n.<\/li><li>-Haber aprobado el curso de nivelaci\u00f3n del SNNA o haber superado la prueba Transformar de acuerdo con el reglamento.<\/li><li>-Copia de c\u00e9dula de ciudadan\u00eda o pasaporte vigente para postulantes extranjeros.<\/li><\/ul><p style=\"text-align: justify\">PERFIL DE EGRESO:<\/p><p><em>1.-\u00a0 \u00a0\u00bfQu\u00e9 resultados de aprendizaje y competencias profesionales son necesarias para el futuro desempe\u00f1o profesional?<\/em><\/p><ul style=\"text-align: justify\"><li>-Desarrolla proyectos de investigaci\u00f3n, en el \u00e1mbito de su competencia, para la identificaci\u00f3n, diagn\u00f3stico y\/o soluci\u00f3n de problemas en el campo de actuaci\u00f3n.<\/li><li>-Resuelve problemas en el campo de la administraci\u00f3n aplicando estrategias asertivas en el \u00e1mbito de su profesi\u00f3n con un enfoque socialmente responsable.<\/li><li>-Lidera en un mundo competitivo y globalizado; programas y proyectos, aplicando los conocimientos adquiridos para el desarrollo de las funciones empresariales.<\/li><li>-Eval\u00faa la estructura organizacional de las empresas ante la necesidad de incorporar los objetivos de desarrollo sostenible.<\/li><li>-Utiliza una filosof\u00eda de mejora continua empresarial, que busca optimizar los procesos y los m\u00e9todos de trabajo, apuntando a generar una cultura de cero defectos.<\/li><li>-Desarrolla controles administrativos en las organizaciones, contribuyendo al logro de objetivos gerenciales.<\/li><li>-Optimiza los recursos humanos, financieros y t\u00e9cnicos, bas\u00e1ndose en el marco jur\u00eddico correspondiente, tomando en consideraci\u00f3n el entorno social, econ\u00f3mico, pol\u00edtico, cultural y ecol\u00f3gico de la organizaci\u00f3n.<\/li><\/ul><p>2.<em>&#8211;\u00a0 \u00a0\u00bfQu\u00e9 resultados de aprendizaje relacionados con el manejo de m\u00e9todos, metodolog\u00edas, modelos, protocolos, procesos y procedimientos de car\u00e1cter profesional e investigativo se garantizar\u00e1n en la implementaci\u00f3n de la carrera\/programa?<\/em><\/p><ul style=\"text-align: justify\"><li>-Implementa modelos de gesti\u00f3n adecuados para garantizar la calidad incrementando la eficiencia de la empresa y ampliaci\u00f3n de mercados tanto internos como externos.<\/li><li>-Domina herramientas y plataformas de control administrativo para mejorar la competitividad y la sostenibilidad de las empresas.<\/li><li>-Propone nuevos criterios para crear valor agregado en las organizaciones y evaluar mediante sistemas de medici\u00f3n de desempe\u00f1o del talento humano a fin de alcanzar los objetivos propuestos.<\/li><li>-Proyecta modelos de negocios, identificando necesidades y oportunidades de emprendimiento e innovaci\u00f3n, a trav\u00e9s de la b\u00fasqueda de alternativas y estrategias, que puedan ser eficientes y sostenibles.<\/li><li>-Elabora estudios que permitan observar la calidad y confiabilidad de la informaci\u00f3n que se tenga de un proyecto empresarial espec\u00edfico a fin de determinar el \u00e9xito o fracaso de este.<\/li><li>-Levanta procesos que permitan analizar las variaciones con criterios acad\u00e9micos y cient\u00edficos.<\/li><li>-Aplica modelos de administraci\u00f3n que coadyuven a la integraci\u00f3n de conocimientos para formular estrategias competitivas, creatividad, innovaci\u00f3n y gesti\u00f3n organizacional.<\/li><\/ul><p style=\"text-align: justify\"><em>3.\u00a0 \u00bfC\u00f3mo contribuye el futuro profesional al mejoramiento de la calidad de vida, el medio ambiente, el desarrollo productivo y la preservaci\u00f3n, difusi\u00f3n y enriquecimiento de las culturas y saberes?<\/em><\/p><ul style=\"text-align: justify\"><li>-Utiliza recursos TIC para ampliar las fuentes de informaci\u00f3n e interacciones en la generaci\u00f3n de ambientes de aprendizajes abiertos, democr\u00e1ticos, interculturales e inclusivos.<\/li><li>-Emplea procedimientos que le permiten crear y dirigir empresas, promoviendo el desarrollo organizacional y sostenible articulado con las exigencias socioecon\u00f3micas de la zona de influencia y con los recursos reales y potenciales en existencia.<\/li><li>-Agrega valor a los productos, servicios y procesos a partir de la gesti\u00f3n y el uso de tecnolog\u00edas que permitan transformar la matriz productiva del Ecuador.<\/li><\/ul><p><em>4.-\u00a0 \u00a0 \u00bfCu\u00e1les son los valores y los principios, en el marco de un enfoque de derechos, igualdad e interculturalidad, pensamiento universal, cr\u00edtico y creativo, que se promover\u00e1n en la formaci\u00f3n profesional que ofrece la carrera\/programa?<\/em><\/p><ul style=\"text-align: justify\"><li>-Gestiona los bienes privados y p\u00fablicos con orientaci\u00f3n al buen vivir de la sociedad, identificando necesidades de la comunidad y sus actores.<\/li><\/ul><p style=\"text-align: justify\">REQUISITOS DE TITULACI\u00d3N:<\/p><ul style=\"text-align: justify\"><li>\u27a2Requisitos de titulaci\u00f3n \u2013 administrativos.<\/li><li>\u27a2Haber cumplido en su totalidad la malla curricular, incluyendo las asignaturas de las unidades b\u00e1sicas y profesionales.<\/li><li>\u27a2Haber aprobado una modalidad de titulaci\u00f3n de la carrera.<\/li><li>\u27a2Haber certificado el aprendizaje de una segunda lengua, conforme a lo dispuesto en Art. 64 literal b) del Reglamento de R\u00e9gimen Acad\u00e9mico RPC-SE-10-No.028-2022: \u2013 El aprendizaje de una segunda lengua ser\u00e1 requisito para la graduaci\u00f3n en las carreras de tercer nivel, de acuerdo con los siguientes niveles de suficiencia tomando como referencia el Marco Com\u00fan Europeo, o su equivalente, para lenguas:<\/li><\/ul><p style=\"text-align: justify\">o\u00a0 b) Para el tercer nivel de grado se requerir\u00e1 al menos el nivel B1.<\/p><p style=\"text-align: justify;padding-left: 40px\">\u27a2Acreditar el cumplimiento de los requisitos de titulaci\u00f3n establecidos en la LOES: pr\u00e1cticas preprofesionales y las pr\u00e1cticas de servicio comunitario seg\u00fan lo aprobado en el proyecto de carrera.\u00a0<\/p><p style=\"text-align: justify;padding-left: 40px\">\u27a2Aprobar pr\u00e1cticas laborales y servicio comunitario.<\/p><p style=\"text-align: justify\">PERFIL PROFESIONAL (CAMPO LABORAL):<\/p><p style=\"text-align: justify\">El profesional ejerce de manera individual o asociado en organizaciones de tama\u00f1o micro, peque\u00f1o, mediano o grande, p\u00fablicas o privadas, nacionales y\/o internacionales que se encuentren vinculadas al sector comercial y agroalimentario y de identidad al sistema de producci\u00f3n del sector y del pa\u00eds, tanto en la producci\u00f3n, transformaci\u00f3n y\/o comercializaci\u00f3n de bienes y servicios relacionados con toda actividad de negocio y empresarial. En adici\u00f3n, implementa estrategias que le permitan diagnosticar, planear, administrar, organizar y\/o dirigir unidades de negocios, peque\u00f1as y medianas empresas, teniendo \u00e9nfasis en las actividades de gesti\u00f3n, administraci\u00f3n y comercializaci\u00f3n de bienes y servicios. As\u00ed, su vinculaci\u00f3n efectiva al campo laboral circunda en organizaciones urbanas o rurales, regionales, nacionales y transnacionales que operen en el pa\u00eds en todos los sectores empresariales, tanto a nivel local, regional o nacional, e inclusive podr\u00e1 crear su propia empresa vinculada con las actividades del sector.<\/p><p style=\"text-align: justify\">MODALIDADES DE TITULACIO\u0301N:<\/p><ul><li style=\"text-align: justify\">Proyecto de Emprendimiento<\/li><li style=\"text-align: justify\">Ensayo o Art\u00edculos Acad\u00e9mico<\/li><li style=\"text-align: justify\">Sistematizaci\u00f3n de Experiencias<\/li><\/ul><\/div>\n\t\t\t\t\t\t\t\t\t<div class=\"elementor-tab-title elementor-tab-mobile-title\" aria-selected=\"false\" data-tab=\"3\" role=\"tab\" tabindex=\"-1\" aria-controls=\"elementor-tab-content-1363\" aria-expanded=\"false\">Malla Curricular<\/div>\n\t\t\t\t\t<div id=\"elementor-tab-content-1363\" class=\"elementor-tab-content elementor-clearfix\" data-tab=\"3\" role=\"tabpanel\" aria-labelledby=\"elementor-tab-title-1363\" tabindex=\"0\" hidden=\"hidden\"><p><a href=\"https:\/\/carreras.uleam.edu.ec\/santo-domingo\/wp-content\/uploads\/sites\/83\/2023\/03\/Malla-Curricular-Administracion-de-Empresas-2023_SD.pdf\" target=\"_blank\" rel=\"noopener\"><img loading=\"lazy\" decoding=\"async\" class=\"alignnone wp-image-96 size-full\" src=\"https:\/\/carreras.uleam.edu.ec\/santo-domingo\/wp-content\/uploads\/sites\/83\/2023\/03\/Malla-Administracion-de-Empresas-SD.jpg\" alt=\"\" width=\"1235\" height=\"810\" srcset=\"https:\/\/carreras.uleam.edu.ec\/santo-domingo\/wp-content\/uploads\/sites\/83\/2023\/03\/Malla-Administracion-de-Empresas-SD.jpg 1235w, https:\/\/carreras.uleam.edu.ec\/santo-domingo\/wp-content\/uploads\/sites\/83\/2023\/03\/Malla-Administracion-de-Empresas-SD-300x197.jpg 300w, https:\/\/carreras.uleam.edu.ec\/santo-domingo\/wp-content\/uploads\/sites\/83\/2023\/03\/Malla-Administracion-de-Empresas-SD-1024x672.jpg 1024w, https:\/\/carreras.uleam.edu.ec\/santo-domingo\/wp-content\/uploads\/sites\/83\/2023\/03\/Malla-Administracion-de-Empresas-SD-768x504.jpg 768w\" sizes=\"auto, (max-width: 1235px) 100vw, 1235px\" \/><\/a><\/p><\/div>\n\t\t\t\t\t\t\t\t\t<div class=\"elementor-tab-title elementor-tab-mobile-title\" aria-selected=\"false\" data-tab=\"4\" role=\"tab\" tabindex=\"-1\" aria-controls=\"elementor-tab-content-1364\" aria-expanded=\"false\">Docentes<\/div>\n\t\t\t\t\t<div id=\"elementor-tab-content-1364\" class=\"elementor-tab-content elementor-clearfix\" data-tab=\"4\" role=\"tabpanel\" aria-labelledby=\"elementor-tab-title-1364\" tabindex=\"0\" hidden=\"hidden\"><\/div>\n\t\t\t\t\t\t\t\t\t<div class=\"elementor-tab-title elementor-tab-mobile-title\" aria-selected=\"false\" data-tab=\"5\" role=\"tab\" tabindex=\"-1\" aria-controls=\"elementor-tab-content-1365\" aria-expanded=\"false\">Datos Generales<\/div>\n\t\t\t\t\t<div id=\"elementor-tab-content-1365\" class=\"elementor-tab-content elementor-clearfix\" data-tab=\"5\" role=\"tabpanel\" aria-labelledby=\"elementor-tab-title-1365\" tabindex=\"0\" hidden=\"hidden\"><ul style=\"text-align: center\"><li>Ing. Gina Loor Moreira<\/li><li style=\"text-align: center\">DIRECTORA DE SEDE<\/li><li style=\"text-align: center\"><a href=\"mailto:gina.loor@uleam.edu.ec\">gina.loor@uleam.edu.ec<\/a><\/li><\/ul><hr \/><ul><li style=\"text-align: center\">HORARIO DE ATENCI\u00d3N<\/li><li style=\"text-align: center\">08:00 &#8211; 17:00<\/li><\/ul><\/div>\n\t\t\t\t\t\t\t\t\t<div class=\"elementor-tab-title elementor-tab-mobile-title\" aria-selected=\"false\" data-tab=\"6\" role=\"tab\" tabindex=\"-1\" aria-controls=\"elementor-tab-content-1366\" aria-expanded=\"false\">Gesti\u00f3n y Proceso Estudiantil<\/div>\n\t\t\t\t\t<div id=\"elementor-tab-content-1366\" class=\"elementor-tab-content elementor-clearfix\" data-tab=\"6\" role=\"tabpanel\" aria-labelledby=\"elementor-tab-title-1366\" tabindex=\"0\" hidden=\"hidden\"><ul><li>\u21d2\u00a0Pr\u00e1cticas Pre-profesionales<\/li><li>\u21d2 <a href=\"https:\/\/departamentos.uleam.edu.ec\/gestion-aseguramiento-calidad\/2019\/04\/08\/matricula\/\">Matr\u00edcula<\/a><\/li><li>\u21d2 <a href=\"https:\/\/departamentos.uleam.edu.ec\/gestion-aseguramiento-calidad\/reingreso-de-estudiantes\/\">Reingreso de estudiantes<\/a><\/li><li>\u21d2 <a href=\"https:\/\/departamentos.uleam.edu.ec\/gestion-aseguramiento-calidad\/homologacion-de-estudios-por-analisis-comparativo-de-contenidos\/\">Homologaci\u00f3n de Estudios por An\u00e1lisis Comparativo de Contenidos<\/a><\/li><\/ul><\/div>\n\t\t\t\t\t\t\t<\/div>\n\t\t<\/div>\n\t\t\t\t<\/div>\n\t\t\t\t<\/div>\n\t\t\t\t\t<\/div>\n\t\t<\/div>\n\t\t\t\t\t\t\t<\/div>\n\t\t<\/section>\n\t\t\t\t\t\t<\/div>\n\t\t\t\t\t<\/div>\n\t\t","protected":false},"excerpt":{"rendered":"<p>Misi\u00f3n y visi\u00f3n Descripci\u00f3n General de la Carrera Malla Curricular Docentes Datos Generales Gesti\u00f3n y Proceso Estudiantil Misi\u00f3n y visi\u00f3n MISI\u00d3N: Formar profesionales emprendedores, creativos, responsables con el medio ambiente, con habilidades y competencias clave para adaptarse a los cambios [&hellip;]<\/p>\n","protected":false},"author":7,"featured_media":0,"parent":0,"menu_order":0,"comment_status":"closed","ping_status":"closed","template":"","meta":{"_acf_changed":false,"footnotes":""},"class_list":["post-32","page","type-page","status-publish","hentry"],"acf":[],"_links":{"self":[{"href":"https:\/\/carreras.uleam.edu.ec\/santo-domingo\/wp-json\/wp\/v2\/pages\/32","targetHints":{"allow":["GET"]}}],"collection":[{"href":"https:\/\/carreras.uleam.edu.ec\/santo-domingo\/wp-json\/wp\/v2\/pages"}],"about":[{"href":"https:\/\/carreras.uleam.edu.ec\/santo-domingo\/wp-json\/wp\/v2\/types\/page"}],"author":[{"embeddable":true,"href":"https:\/\/carreras.uleam.edu.ec\/santo-domingo\/wp-json\/wp\/v2\/users\/7"}],"replies":[{"embeddable":true,"href":"https:\/\/carreras.uleam.edu.ec\/santo-domingo\/wp-json\/wp\/v2\/comments?post=32"}],"version-history":[{"count":35,"href":"https:\/\/carreras.uleam.edu.ec\/santo-domingo\/wp-json\/wp\/v2\/pages\/32\/revisions"}],"predecessor-version":[{"id":243,"href":"https:\/\/carreras.uleam.edu.ec\/santo-domingo\/wp-json\/wp\/v2\/pages\/32\/revisions\/243"}],"wp:attachment":[{"href":"https:\/\/carreras.uleam.edu.ec\/santo-domingo\/wp-json\/wp\/v2\/media?parent=32"}],"curies":[{"name":"wp","href":"https:\/\/api.w.org\/{rel}","templated":true}]}}