{"id":6,"date":"2023-01-05T10:44:59","date_gmt":"2023-01-05T15:44:59","guid":{"rendered":"https:\/\/carreras.uleam.edu.ec\/santo-domingo\/?page_id=6"},"modified":"2025-04-14T12:11:32","modified_gmt":"2025-04-14T17:11:32","slug":"inicio","status":"publish","type":"page","link":"https:\/\/carreras.uleam.edu.ec\/santo-domingo\/","title":{"rendered":"Inicio"},"content":{"rendered":"\t\t<div data-elementor-type=\"wp-page\" data-elementor-id=\"6\" class=\"elementor elementor-6\" data-elementor-settings=\"[]\">\n\t\t\t\t\t\t\t<div class=\"elementor-section-wrap\">\n\t\t\t\t\t\t\t<section class=\"elementor-section elementor-top-section elementor-element elementor-element-d695822 elementor-section-full_width elementor-section-height-default elementor-section-height-default\" data-id=\"d695822\" data-element_type=\"section\">\n\t\t\t\t\t\t<div class=\"elementor-container elementor-column-gap-default\">\n\t\t\t\t\t<div class=\"elementor-column elementor-col-100 elementor-top-column elementor-element elementor-element-350feab\" data-id=\"350feab\" data-element_type=\"column\">\n\t\t\t<div class=\"elementor-widget-wrap elementor-element-populated\">\n\t\t\t\t\t\t\t\t<div class=\"elementor-element elementor-element-66c3ad0 elementor-widget elementor-widget-image\" data-id=\"66c3ad0\" data-element_type=\"widget\" data-widget_type=\"image.default\">\n\t\t\t\t<div class=\"elementor-widget-container\">\n\t\t\t\t\t\t\t\t\t\t\t\t\t\t\t<img loading=\"lazy\" decoding=\"async\" width=\"3236\" height=\"882\" src=\"https:\/\/carreras.uleam.edu.ec\/santo-domingo\/wp-content\/uploads\/sites\/83\/2023\/01\/cabeceras-sede-Pichincha.png\" class=\"attachment-full size-full\" alt=\"\" srcset=\"https:\/\/carreras.uleam.edu.ec\/santo-domingo\/wp-content\/uploads\/sites\/83\/2023\/01\/cabeceras-sede-Pichincha.png 3236w, https:\/\/carreras.uleam.edu.ec\/santo-domingo\/wp-content\/uploads\/sites\/83\/2023\/01\/cabeceras-sede-Pichincha-300x82.png 300w, https:\/\/carreras.uleam.edu.ec\/santo-domingo\/wp-content\/uploads\/sites\/83\/2023\/01\/cabeceras-sede-Pichincha-1024x279.png 1024w, https:\/\/carreras.uleam.edu.ec\/santo-domingo\/wp-content\/uploads\/sites\/83\/2023\/01\/cabeceras-sede-Pichincha-768x209.png 768w, https:\/\/carreras.uleam.edu.ec\/santo-domingo\/wp-content\/uploads\/sites\/83\/2023\/01\/cabeceras-sede-Pichincha-1536x419.png 1536w, https:\/\/carreras.uleam.edu.ec\/santo-domingo\/wp-content\/uploads\/sites\/83\/2023\/01\/cabeceras-sede-Pichincha-2048x558.png 2048w\" sizes=\"auto, (max-width: 3236px) 100vw, 3236px\" \/>\t\t\t\t\t\t\t\t\t\t\t\t\t\t\t<\/div>\n\t\t\t\t<\/div>\n\t\t\t\t\t<\/div>\n\t\t<\/div>\n\t\t\t\t\t\t\t<\/div>\n\t\t<\/section>\n\t\t\t\t<section class=\"elementor-section elementor-top-section elementor-element elementor-element-5e4c1fd elementor-section-boxed elementor-section-height-default elementor-section-height-default\" data-id=\"5e4c1fd\" data-element_type=\"section\">\n\t\t\t\t\t\t<div class=\"elementor-container elementor-column-gap-default\">\n\t\t\t\t\t<div class=\"elementor-column elementor-col-100 elementor-top-column elementor-element elementor-element-619b94e\" data-id=\"619b94e\" data-element_type=\"column\">\n\t\t\t<div class=\"elementor-widget-wrap elementor-element-populated\">\n\t\t\t\t\t\t\t\t<div class=\"elementor-element elementor-element-5ee3479 elementor-tabs-view-horizontal elementor-widget elementor-widget-tabs\" data-id=\"5ee3479\" data-element_type=\"widget\" data-widget_type=\"tabs.default\">\n\t\t\t\t<div class=\"elementor-widget-container\">\n\t\t\t\t\t<div class=\"elementor-tabs\">\n\t\t\t<div class=\"elementor-tabs-wrapper\" role=\"tablist\" >\n\t\t\t\t\t\t\t\t\t<div id=\"elementor-tab-title-9941\" class=\"elementor-tab-title elementor-tab-desktop-title\" aria-selected=\"true\" data-tab=\"1\" role=\"tab\" tabindex=\"0\" aria-controls=\"elementor-tab-content-9941\" aria-expanded=\"false\">Promocional de la Sede<\/div>\n\t\t\t\t\t\t\t\t\t<div id=\"elementor-tab-title-9942\" class=\"elementor-tab-title elementor-tab-desktop-title\" aria-selected=\"false\" data-tab=\"2\" role=\"tab\" tabindex=\"-1\" aria-controls=\"elementor-tab-content-9942\" aria-expanded=\"false\">Carreras<\/div>\n\t\t\t\t\t\t\t\t\t<div id=\"elementor-tab-title-9943\" class=\"elementor-tab-title elementor-tab-desktop-title\" aria-selected=\"false\" data-tab=\"3\" role=\"tab\" tabindex=\"-1\" aria-controls=\"elementor-tab-content-9943\" aria-expanded=\"false\">Misi\u00f3n y Visi\u00f3n<\/div>\n\t\t\t\t\t\t\t\t\t<div id=\"elementor-tab-title-9944\" class=\"elementor-tab-title elementor-tab-desktop-title\" aria-selected=\"false\" data-tab=\"4\" role=\"tab\" tabindex=\"-1\" aria-controls=\"elementor-tab-content-9944\" aria-expanded=\"false\">Autoridades<\/div>\n\t\t\t\t\t\t\t\t\t<div id=\"elementor-tab-title-9945\" class=\"elementor-tab-title elementor-tab-desktop-title\" aria-selected=\"false\" data-tab=\"5\" role=\"tab\" tabindex=\"-1\" aria-controls=\"elementor-tab-content-9945\" aria-expanded=\"false\">Organigrama<\/div>\n\t\t\t\t\t\t\t\t\t<div id=\"elementor-tab-title-9946\" class=\"elementor-tab-title elementor-tab-desktop-title\" aria-selected=\"false\" data-tab=\"6\" role=\"tab\" tabindex=\"-1\" aria-controls=\"elementor-tab-content-9946\" aria-expanded=\"false\">Resoluciones<\/div>\n\t\t\t\t\t\t\t\t\t<div id=\"elementor-tab-title-9947\" class=\"elementor-tab-title elementor-tab-desktop-title\" aria-selected=\"false\" data-tab=\"7\" role=\"tab\" tabindex=\"-1\" aria-controls=\"elementor-tab-content-9947\" aria-expanded=\"false\">Convenios<\/div>\n\t\t\t\t\t\t\t<\/div>\n\t\t\t<div class=\"elementor-tabs-content-wrapper\" role=\"tablist\" aria-orientation=\"vertical\">\n\t\t\t\t\t\t\t\t\t<div class=\"elementor-tab-title elementor-tab-mobile-title\" aria-selected=\"true\" data-tab=\"1\" role=\"tab\" tabindex=\"0\" aria-controls=\"elementor-tab-content-9941\" aria-expanded=\"false\">Promocional de la Sede<\/div>\n\t\t\t\t\t<div id=\"elementor-tab-content-9941\" class=\"elementor-tab-content elementor-clearfix\" data-tab=\"1\" role=\"tabpanel\" aria-labelledby=\"elementor-tab-title-9941\" tabindex=\"0\" hidden=\"false\"><p><iframe loading=\"lazy\" title=\"Entrevista al doctor Marcos Zambrano, rector de nuestra Uleam en radio Zaracay\" width=\"500\" height=\"281\" src=\"https:\/\/www.youtube.com\/embed\/TStzKsFuJrY?feature=oembed\" frameborder=\"0\" allow=\"accelerometer; autoplay; clipboard-write; encrypted-media; gyroscope; picture-in-picture; web-share\" referrerpolicy=\"strict-origin-when-cross-origin\" allowfullscreen><\/iframe><\/p><\/div>\n\t\t\t\t\t\t\t\t\t<div class=\"elementor-tab-title elementor-tab-mobile-title\" aria-selected=\"false\" data-tab=\"2\" role=\"tab\" tabindex=\"-1\" aria-controls=\"elementor-tab-content-9942\" aria-expanded=\"false\">Carreras<\/div>\n\t\t\t\t\t<div id=\"elementor-tab-content-9942\" class=\"elementor-tab-content elementor-clearfix\" data-tab=\"2\" role=\"tabpanel\" aria-labelledby=\"elementor-tab-title-9942\" tabindex=\"0\" hidden=\"hidden\"><ul><li><strong><span style=\"color: #000000\"><a style=\"color: #000000\" href=\"https:\/\/carreras.uleam.edu.ec\/santo-domingo\/carrera-administracion-de-empresas-santo-domingo\/\">Administraci\u00f3n de Empresas<\/a><\/span><\/strong><\/li><li><strong><span style=\"color: #000000\"><a style=\"color: #000000\" href=\"https:\/\/carreras.uleam.edu.ec\/santo-domingo\/carrera-arquitectura-santo-domingo\/\">Arquitectura<\/a><\/span><\/strong><\/li><li><strong><span style=\"color: #000000\"><a style=\"color: #000000\" href=\"https:\/\/carreras.uleam.edu.ec\/santo-domingo\/carrera-ingenieria-civil-santo-domingo\/\">Ingenier\u00eda Civil<\/a><\/span><\/strong><\/li><li><strong><span style=\"color: #000000\"><a style=\"color: #000000\" href=\"https:\/\/carreras.uleam.edu.ec\/santo-domingo\/carrera-de-derecho\/\">Derecho<\/a><\/span><\/strong><\/li><\/ul><\/div>\n\t\t\t\t\t\t\t\t\t<div class=\"elementor-tab-title elementor-tab-mobile-title\" aria-selected=\"false\" data-tab=\"3\" role=\"tab\" tabindex=\"-1\" aria-controls=\"elementor-tab-content-9943\" aria-expanded=\"false\">Misi\u00f3n y Visi\u00f3n<\/div>\n\t\t\t\t\t<div id=\"elementor-tab-content-9943\" class=\"elementor-tab-content elementor-clearfix\" data-tab=\"3\" role=\"tabpanel\" aria-labelledby=\"elementor-tab-title-9943\" tabindex=\"0\" hidden=\"hidden\"><\/div>\n\t\t\t\t\t\t\t\t\t<div class=\"elementor-tab-title elementor-tab-mobile-title\" aria-selected=\"false\" data-tab=\"4\" role=\"tab\" tabindex=\"-1\" aria-controls=\"elementor-tab-content-9944\" aria-expanded=\"false\">Autoridades<\/div>\n\t\t\t\t\t<div id=\"elementor-tab-content-9944\" class=\"elementor-tab-content elementor-clearfix\" data-tab=\"4\" role=\"tabpanel\" aria-labelledby=\"elementor-tab-title-9944\" tabindex=\"0\" hidden=\"hidden\"><p><img loading=\"lazy\" decoding=\"async\" class=\"alignnone wp-image-211 size-large\" src=\"https:\/\/carreras.uleam.edu.ec\/santo-domingo\/wp-content\/uploads\/sites\/83\/2025\/02\/FOTOS-PARA-DECANOS-2025-SANTO-DOMINGO-1024x576.png\" alt=\"\" width=\"1024\" height=\"576\" srcset=\"https:\/\/carreras.uleam.edu.ec\/santo-domingo\/wp-content\/uploads\/sites\/83\/2025\/02\/FOTOS-PARA-DECANOS-2025-SANTO-DOMINGO-1024x576.png 1024w, https:\/\/carreras.uleam.edu.ec\/santo-domingo\/wp-content\/uploads\/sites\/83\/2025\/02\/FOTOS-PARA-DECANOS-2025-SANTO-DOMINGO-300x169.png 300w, https:\/\/carreras.uleam.edu.ec\/santo-domingo\/wp-content\/uploads\/sites\/83\/2025\/02\/FOTOS-PARA-DECANOS-2025-SANTO-DOMINGO-768x432.png 768w, https:\/\/carreras.uleam.edu.ec\/santo-domingo\/wp-content\/uploads\/sites\/83\/2025\/02\/FOTOS-PARA-DECANOS-2025-SANTO-DOMINGO-1536x864.png 1536w, https:\/\/carreras.uleam.edu.ec\/santo-domingo\/wp-content\/uploads\/sites\/83\/2025\/02\/FOTOS-PARA-DECANOS-2025-SANTO-DOMINGO-2048x1152.png 2048w\" sizes=\"auto, (max-width: 1024px) 100vw, 1024px\" \/><\/p><p style=\"text-align: center\">HORARIO DE ATENCI\u00d3N: De 08:00 A 16:30 de Lunes a Viernes<\/p><p style=\"text-align: center\">\u00a0<a href=\"mailto:s.santodomingo@uleam.edu.ec\">s.santodomingo@uleam.edu.ec<\/a> \/ <a href=\"mailto:gina.loor@uleam.edu.ec\">gina.loor@uleam.edu.ec<\/a><\/p><\/div>\n\t\t\t\t\t\t\t\t\t<div class=\"elementor-tab-title elementor-tab-mobile-title\" aria-selected=\"false\" data-tab=\"5\" role=\"tab\" tabindex=\"-1\" aria-controls=\"elementor-tab-content-9945\" aria-expanded=\"false\">Organigrama<\/div>\n\t\t\t\t\t<div id=\"elementor-tab-content-9945\" class=\"elementor-tab-content elementor-clearfix\" data-tab=\"5\" role=\"tabpanel\" aria-labelledby=\"elementor-tab-title-9945\" tabindex=\"0\" hidden=\"hidden\"><p style=\"padding-left: 80px\">En proceso de actualizaci\u00f3n<\/p><p style=\"padding-left: 200px\"><img loading=\"lazy\" decoding=\"async\" class=\"size-medium wp-image-41 aligncenter\" src=\"https:\/\/carreras.uleam.edu.ec\/facultad-ciencias-administrativas-contables\/wp-content\/uploads\/sites\/76\/2022\/09\/11104-300x200.jpg\" alt=\"\" width=\"300\" height=\"200\" \/><\/p><\/div>\n\t\t\t\t\t\t\t\t\t<div class=\"elementor-tab-title elementor-tab-mobile-title\" aria-selected=\"false\" data-tab=\"6\" role=\"tab\" tabindex=\"-1\" aria-controls=\"elementor-tab-content-9946\" aria-expanded=\"false\">Resoluciones<\/div>\n\t\t\t\t\t<div id=\"elementor-tab-content-9946\" class=\"elementor-tab-content elementor-clearfix\" data-tab=\"6\" role=\"tabpanel\" aria-labelledby=\"elementor-tab-title-9946\" tabindex=\"0\" hidden=\"hidden\"><p><a href=\"https:\/\/carreras.uleam.edu.ec\/santo-domingo\/wp-content\/uploads\/sites\/83\/2023\/03\/RPC-SO-50-No.802-2022.pdf\">&gt;RPC-SO-50-No.802-2022<\/a><\/p><\/div>\n\t\t\t\t\t\t\t\t\t<div class=\"elementor-tab-title elementor-tab-mobile-title\" aria-selected=\"false\" data-tab=\"7\" role=\"tab\" tabindex=\"-1\" aria-controls=\"elementor-tab-content-9947\" aria-expanded=\"false\">Convenios<\/div>\n\t\t\t\t\t<div id=\"elementor-tab-content-9947\" class=\"elementor-tab-content elementor-clearfix\" data-tab=\"7\" role=\"tabpanel\" aria-labelledby=\"elementor-tab-title-9947\" tabindex=\"0\" hidden=\"hidden\"><\/div>\n\t\t\t\t\t\t\t<\/div>\n\t\t<\/div>\n\t\t\t\t<\/div>\n\t\t\t\t<\/div>\n\t\t\t\t\t<\/div>\n\t\t<\/div>\n\t\t\t\t\t\t\t<\/div>\n\t\t<\/section>\n\t\t\t\t\t\t<\/div>\n\t\t\t\t\t<\/div>\n\t\t","protected":false},"excerpt":{"rendered":"<p>Promocional de la Sede Carreras Misi\u00f3n y Visi\u00f3n Autoridades Organigrama Resoluciones Convenios Promocional de la Sede Carreras Administraci\u00f3n de Empresas Arquitectura Ingenier\u00eda Civil Derecho Misi\u00f3n y Visi\u00f3n Autoridades HORARIO DE ATENCI\u00d3N: De 08:00 A 16:30 de Lunes a Viernes \u00a0s.santodomingo@uleam.edu.ec [&hellip;]<\/p>\n","protected":false},"author":7,"featured_media":0,"parent":0,"menu_order":0,"comment_status":"closed","ping_status":"closed","template":"elementor_canvas","meta":{"_acf_changed":false,"footnotes":""},"class_list":["post-6","page","type-page","status-publish","hentry"],"acf":[],"_links":{"self":[{"href":"https:\/\/carreras.uleam.edu.ec\/santo-domingo\/wp-json\/wp\/v2\/pages\/6","targetHints":{"allow":["GET"]}}],"collection":[{"href":"https:\/\/carreras.uleam.edu.ec\/santo-domingo\/wp-json\/wp\/v2\/pages"}],"about":[{"href":"https:\/\/carreras.uleam.edu.ec\/santo-domingo\/wp-json\/wp\/v2\/types\/page"}],"author":[{"embeddable":true,"href":"https:\/\/carreras.uleam.edu.ec\/santo-domingo\/wp-json\/wp\/v2\/users\/7"}],"replies":[{"embeddable":true,"href":"https:\/\/carreras.uleam.edu.ec\/santo-domingo\/wp-json\/wp\/v2\/comments?post=6"}],"version-history":[{"count":52,"href":"https:\/\/carreras.uleam.edu.ec\/santo-domingo\/wp-json\/wp\/v2\/pages\/6\/revisions"}],"predecessor-version":[{"id":224,"href":"https:\/\/carreras.uleam.edu.ec\/santo-domingo\/wp-json\/wp\/v2\/pages\/6\/revisions\/224"}],"wp:attachment":[{"href":"https:\/\/carreras.uleam.edu.ec\/santo-domingo\/wp-json\/wp\/v2\/media?parent=6"}],"curies":[{"name":"wp","href":"https:\/\/api.w.org\/{rel}","templated":true}]}}