{"id":1000,"date":"2023-01-06T20:31:26","date_gmt":"2023-01-06T20:31:26","guid":{"rendered":"https:\/\/carreras.uleam.edu.ec\/uaftt\/?page_id=1000"},"modified":"2023-05-03T21:18:57","modified_gmt":"2023-05-03T21:18:57","slug":"construccion-sismo-resistente","status":"publish","type":"page","link":"https:\/\/carreras.uleam.edu.ec\/unitev\/construccion-sismo-resistente\/","title":{"rendered":"Construcci\u00f3n Sismorresistente"},"content":{"rendered":"\t\t<div data-elementor-type=\"wp-page\" data-elementor-id=\"1000\" class=\"elementor elementor-1000\" data-elementor-settings=\"[]\">\n\t\t\t\t\t\t\t<div class=\"elementor-section-wrap\">\n\t\t\t\t\t\t\t<section class=\"elementor-section elementor-top-section elementor-element elementor-element-bfb4db1 elementor-section-boxed elementor-section-height-default elementor-section-height-default\" data-id=\"bfb4db1\" data-element_type=\"section\">\n\t\t\t\t\t\t<div class=\"elementor-container elementor-column-gap-default\">\n\t\t\t\t\t<div class=\"elementor-column elementor-col-100 elementor-top-column elementor-element elementor-element-540d328\" data-id=\"540d328\" data-element_type=\"column\">\n\t\t\t<div class=\"elementor-widget-wrap elementor-element-populated\">\n\t\t\t\t\t\t\t\t<div class=\"elementor-element elementor-element-b25d5a3 elementor-widget elementor-widget-toggle\" data-id=\"b25d5a3\" data-element_type=\"widget\" data-widget_type=\"toggle.default\">\n\t\t\t\t<div class=\"elementor-widget-container\">\n\t\t\t\t\t<div class=\"elementor-toggle\" role=\"tablist\">\n\t\t\t\t\t\t\t<div class=\"elementor-toggle-item\">\n\t\t\t\t\t<div id=\"elementor-tab-title-1871\" class=\"elementor-tab-title\" data-tab=\"1\" role=\"tab\" aria-controls=\"elementor-tab-content-1871\" aria-expanded=\"false\">\n\t\t\t\t\t\t\t\t\t\t\t\t<span class=\"elementor-toggle-icon elementor-toggle-icon-left\" aria-hidden=\"true\">\n\t\t\t\t\t\t\t\t\t\t\t\t\t\t\t<span class=\"elementor-toggle-icon-closed\"><i class=\"fas fa-caret-right\"><\/i><\/span>\n\t\t\t\t\t\t\t\t<span class=\"elementor-toggle-icon-opened\"><i class=\"elementor-toggle-icon-opened fas fa-caret-up\"><\/i><\/span>\n\t\t\t\t\t\t\t\t\t\t\t\t\t<\/span>\n\t\t\t\t\t\t\t\t\t\t\t\t<a href=\"\" class=\"elementor-toggle-title\">Datos Generales<\/a>\n\t\t\t\t\t<\/div>\n\t\t\t\t\t<div id=\"elementor-tab-content-1871\" class=\"elementor-tab-content elementor-clearfix\" data-tab=\"1\" role=\"tabpanel\" aria-labelledby=\"elementor-tab-title-1871\"><\/div>\n\t\t\t\t<\/div>\n\t\t\t\t\t\t\t\t<\/div>\n\t\t\t\t<\/div>\n\t\t\t\t<\/div>\n\t\t\t\t<div class=\"elementor-element elementor-element-d0003d3 elementor-tabs-view-horizontal elementor-widget elementor-widget-tabs\" data-id=\"d0003d3\" data-element_type=\"widget\" data-widget_type=\"tabs.default\">\n\t\t\t\t<div class=\"elementor-widget-container\">\n\t\t\t\t\t<div class=\"elementor-tabs\">\n\t\t\t<div class=\"elementor-tabs-wrapper\" role=\"tablist\" >\n\t\t\t\t\t\t\t\t\t<div id=\"elementor-tab-title-2181\" class=\"elementor-tab-title elementor-tab-desktop-title\" aria-selected=\"true\" data-tab=\"1\" role=\"tab\" tabindex=\"0\" aria-controls=\"elementor-tab-content-2181\" aria-expanded=\"false\">*<\/div>\n\t\t\t\t\t\t\t\t\t<div id=\"elementor-tab-title-2182\" class=\"elementor-tab-title elementor-tab-desktop-title\" aria-selected=\"false\" data-tab=\"2\" role=\"tab\" tabindex=\"-1\" aria-controls=\"elementor-tab-content-2182\" aria-expanded=\"false\">Objetivos<\/div>\n\t\t\t\t\t\t\t\t\t<div id=\"elementor-tab-title-2183\" class=\"elementor-tab-title elementor-tab-desktop-title\" aria-selected=\"false\" data-tab=\"3\" role=\"tab\" tabindex=\"-1\" aria-controls=\"elementor-tab-content-2183\" aria-expanded=\"false\">Requisitos de ingreso<\/div>\n\t\t\t\t\t\t\t\t\t<div id=\"elementor-tab-title-2184\" class=\"elementor-tab-title elementor-tab-desktop-title\" aria-selected=\"false\" data-tab=\"4\" role=\"tab\" tabindex=\"-1\" aria-controls=\"elementor-tab-content-2184\" aria-expanded=\"false\">Perfil de ingreso<\/div>\n\t\t\t\t\t\t\t\t\t<div id=\"elementor-tab-title-2185\" class=\"elementor-tab-title elementor-tab-desktop-title\" aria-selected=\"false\" data-tab=\"5\" role=\"tab\" tabindex=\"-1\" aria-controls=\"elementor-tab-content-2185\" aria-expanded=\"false\">Perfil de egreso<\/div>\n\t\t\t\t\t\t\t\t\t<div id=\"elementor-tab-title-2186\" class=\"elementor-tab-title elementor-tab-desktop-title\" aria-selected=\"false\" data-tab=\"6\" role=\"tab\" tabindex=\"-1\" aria-controls=\"elementor-tab-content-2186\" aria-expanded=\"false\">Perfil profesional<\/div>\n\t\t\t\t\t\t\t<\/div>\n\t\t\t<div class=\"elementor-tabs-content-wrapper\" role=\"tablist\" aria-orientation=\"vertical\">\n\t\t\t\t\t\t\t\t\t<div class=\"elementor-tab-title elementor-tab-mobile-title\" aria-selected=\"true\" data-tab=\"1\" role=\"tab\" tabindex=\"0\" aria-controls=\"elementor-tab-content-2181\" aria-expanded=\"false\">*<\/div>\n\t\t\t\t\t<div id=\"elementor-tab-content-2181\" class=\"elementor-tab-content elementor-clearfix\" data-tab=\"1\" role=\"tabpanel\" aria-labelledby=\"elementor-tab-title-2181\" tabindex=\"0\" hidden=\"false\"><p><iframe loading=\"lazy\" title=\"Promo de carrera t\u00e9cnica de construcci\u00f3n sismo resistente\" width=\"500\" height=\"375\" src=\"https:\/\/www.youtube.com\/embed\/iawMh_ZHYA4?feature=oembed\" frameborder=\"0\" allow=\"accelerometer; autoplay; clipboard-write; encrypted-media; gyroscope; picture-in-picture; web-share\" referrerpolicy=\"strict-origin-when-cross-origin\" allowfullscreen><\/iframe><\/p><\/div>\n\t\t\t\t\t\t\t\t\t<div class=\"elementor-tab-title elementor-tab-mobile-title\" aria-selected=\"false\" data-tab=\"2\" role=\"tab\" tabindex=\"-1\" aria-controls=\"elementor-tab-content-2182\" aria-expanded=\"false\">Objetivos<\/div>\n\t\t\t\t\t<div id=\"elementor-tab-content-2182\" class=\"elementor-tab-content elementor-clearfix\" data-tab=\"2\" role=\"tabpanel\" aria-labelledby=\"elementor-tab-title-2182\" tabindex=\"0\" hidden=\"hidden\"><ul><li><strong>General<\/strong><ul><li>Formar Tecn\u00f3logos Superiores en \u201cConstrucci\u00f3n Sismorresistente\u201d, que se fundamente en tecnolog\u00edas sismorresistentes para el control y calidad de la construcci\u00f3n, con elementos esenciales en funci\u00f3n de la Norma Ecuatoriana de Construcci\u00f3n (NEC) contribuyendo al desarrollo del pa\u00eds desde la mitigaci\u00f3n a la vulnerabilidad s\u00edsmica, asegurando la calidad de edificaciones sismorresistentes en diversos proyectos de construcci\u00f3n<\/li><\/ul><\/li><li><strong>Espec\u00edficos<\/strong><ul><li>-Proporcionar los fundamentos para la realizaci\u00f3n de esquemas de esfuerzos y deformaciones por modelado en estructuras conocidas y soluciones, demostrando capacidad para analizar, evaluar y comprender las estructuras como un todo interactuante y solidario, necesario como soporte de los espacios arquitect\u00f3nicos.<\/li><li>-Capacitar en la aplicaci\u00f3n de normativas y procesos, en el proyecto y c\u00e1lculo estructural para edificaci\u00f3n en concreto, madera, bamb\u00fa y acero sismorresistentes.<\/li><li>-Brindar los fundamentos para la supervisi\u00f3n del mantenimiento correctivo, preventivo y predictivo de obras civiles, la planificaci\u00f3n de las actividades del personal, as\u00ed como la programaci\u00f3n de los tiempos y actividades de los procesos constructivos, la administraci\u00f3n de los recursos y el personal, respaldados con los an\u00e1lisis de los costos, los presupuestos del proyecto y control de calidad en obras de infraestructura con responsabilidad ambiental.<\/li><\/ul><\/li><\/ul><\/div>\n\t\t\t\t\t\t\t\t\t<div class=\"elementor-tab-title elementor-tab-mobile-title\" aria-selected=\"false\" data-tab=\"3\" role=\"tab\" tabindex=\"-1\" aria-controls=\"elementor-tab-content-2183\" aria-expanded=\"false\">Requisitos de ingreso<\/div>\n\t\t\t\t\t<div id=\"elementor-tab-content-2183\" class=\"elementor-tab-content elementor-clearfix\" data-tab=\"3\" role=\"tabpanel\" aria-labelledby=\"elementor-tab-title-2183\" tabindex=\"0\" hidden=\"hidden\"><ul><li>&#8211; Poseer t\u00edtulo de bachiller o su equivalente, de conformidad con la Ley<\/li><li>&#8211; Haber cumplido los requisitos normados por el Sistema de Nivelaci\u00f3n y Admisi\u00f3n<\/li><li>&#8211; Para casos de movilidad interna o externa, cumplir con los requisitos establecidos en el Art. 96 del Reglamento de R\u00e9gimen Acad\u00e9mico para cambios<\/li><li>&#8211; Las IES aceptar\u00e1n los t\u00edtulos de bachiller obtenidos en el extranjero, reconocidos o equiparados por el Ministerio de Educaci\u00f3n.<\/li><\/ul><\/div>\n\t\t\t\t\t\t\t\t\t<div class=\"elementor-tab-title elementor-tab-mobile-title\" aria-selected=\"false\" data-tab=\"4\" role=\"tab\" tabindex=\"-1\" aria-controls=\"elementor-tab-content-2184\" aria-expanded=\"false\">Perfil de ingreso<\/div>\n\t\t\t\t\t<div id=\"elementor-tab-content-2184\" class=\"elementor-tab-content elementor-clearfix\" data-tab=\"4\" role=\"tabpanel\" aria-labelledby=\"elementor-tab-title-2184\" tabindex=\"0\" hidden=\"hidden\"><p>Los aspirantes de la carrera de Construcci\u00f3n Sismorresistente demostrar\u00e1n conocimientos b\u00e1sicos en matem\u00e1ticas y dibujo, que permitir\u00e1n una mejor comprensi\u00f3n de los temas inherentes a: a) topograf\u00eda que pueda plasmar dibujos y hacer correcta lectura de planos, b) Cimentaciones y muros para realizar una correcta implantaci\u00f3n, c) Modelaciones estructurales, tecnolog\u00edas constructivas con materiales alternativos y control de calidad sismorresistente para dar una respuesta a la zona altamente vulnerable en temas de eventos s\u00edsmicos.<\/p><\/div>\n\t\t\t\t\t\t\t\t\t<div class=\"elementor-tab-title elementor-tab-mobile-title\" aria-selected=\"false\" data-tab=\"5\" role=\"tab\" tabindex=\"-1\" aria-controls=\"elementor-tab-content-2185\" aria-expanded=\"false\">Perfil de egreso<\/div>\n\t\t\t\t\t<div id=\"elementor-tab-content-2185\" class=\"elementor-tab-content elementor-clearfix\" data-tab=\"5\" role=\"tabpanel\" aria-labelledby=\"elementor-tab-title-2185\" tabindex=\"0\" hidden=\"hidden\"><ul><li><strong>\u00bfQu\u00e9 resultados de aprendizaje y competencias profesionales son necesarias para el futuro desempe\u00f1o profesional?<\/strong><ul><li>\u2022 Construye dibujos y dise\u00f1os arquitect\u00f3nicos y estructurales considerando la cimentaci\u00f3n, mec\u00e1nica de suelos y rocas, la modelaci\u00f3n estructural y topograf\u00eda.<br \/>\u2022 Realiza esquemas de esfuerzos y deformaciones por modelado en estructuras conocidas y propone soluciones, demostrando capacidad para analizar, evaluar y comprender las estructuras como un todo interactuante y solidario, necesario como soporte de los espacios arquitect\u00f3nicos.<\/li><\/ul><\/li><li><strong>\u00bfQu\u00e9 resultados de aprendizaje relacionados con el manejo de m\u00e9todos, metodolog\u00edas, modelos, protocolos, procesos y\u00a0<\/strong><strong>procedimientos de car\u00e1cter profesional e investigativo se garantizar\u00e1n en la implementaci\u00f3n de la carrera\/programa?<\/strong><ul><li>\u2022 Utiliza t\u00e9cnicas de construcci\u00f3n alternativas con base en bamb\u00fa, madera acero, hormig\u00f3n y otros materiales mitigando la vulnerabilidad s\u00edsmica.<br \/>\u2022 Aplica las normativas y procesos, en el proyecto y c\u00e1lculo estructural para edificaci\u00f3n, en concreto, madera, bamb\u00fa y acero sismorresistentes..<\/li><\/ul><\/li><li><strong>\u00bfC\u00f3mo contribuye el futuro profesional al mejoramiento de la calidad de vida, el medio ambiente, el desarrollo productivo y la preservaci\u00f3n, difusi\u00f3n y enriquecimiento de las culturas y saberes?<\/strong><ul><li>\u2022 Realiza el control y asegura la calidad con base en los riesgos identificados en EIA, la legislaci\u00f3n vigente y normas constructivas nacionales e internacionales<br \/>\u2022 Supervisa el mantenimiento correctivo, preventivo y predictivo de obras civiles, planifica las actividades del personal, as\u00ed como programa los tiempos y actividades de los procesos constructivos y administra los recursos y el personal respaldados con los an\u00e1lisis de los costos, los presupuestos del proyecto y control de calidad en obras de infraestructura con responsabilidad ambiental. -.<\/li><\/ul><\/li><li><strong>\u00bfCu\u00e1les son los valores y los principios, en el marco de un enfoque de derechos, igualdad e interculturalidad y pensamiento\u00a0<\/strong><strong>universal, cr\u00edtico y creativo, que se promover\u00e1n en la formaci\u00f3n profesional que ofrece la carrera?<\/strong><ul><li>\u2022 Demuestra valores referentes a la bio-conciencia, la participaci\u00f3n responsable, la honestidad, \u00e9tica, innovaci\u00f3n, con sentido de pertinencia que contribuyan a la mejora de la calidad de vida de la sociedad<\/li><\/ul><\/li><\/ul><\/div>\n\t\t\t\t\t\t\t\t\t<div class=\"elementor-tab-title elementor-tab-mobile-title\" aria-selected=\"false\" data-tab=\"6\" role=\"tab\" tabindex=\"-1\" aria-controls=\"elementor-tab-content-2186\" aria-expanded=\"false\">Perfil profesional<\/div>\n\t\t\t\t\t<div id=\"elementor-tab-content-2186\" class=\"elementor-tab-content elementor-clearfix\" data-tab=\"6\" role=\"tabpanel\" aria-labelledby=\"elementor-tab-title-2186\" tabindex=\"0\" hidden=\"hidden\"><ul><li>El profesional Tecn\u00f3logo Superior en \u201cConstrucci\u00f3n Sismorresistente\u201d, se fundamenta en tecnolog\u00edas sismorresistentes para el control y calidad de la construcci\u00f3n, con elementos esenciales en funci\u00f3n de la Norma Ecuatoriana de Construcci\u00f3n (NEC) contribuye al desarrollo del pa\u00eds desde la mitigaci\u00f3n a la vulnerabilidad s\u00edsmica, asegurando la calidad de edificaciones sismorresistentes en diversos proyectos de construcci\u00f3n.<\/li><\/ul><\/div>\n\t\t\t\t\t\t\t<\/div>\n\t\t<\/div>\n\t\t\t\t<\/div>\n\t\t\t\t<\/div>\n\t\t\t\t<div class=\"elementor-element elementor-element-aae9e99 elementor-widget elementor-widget-toggle\" data-id=\"aae9e99\" data-element_type=\"widget\" data-widget_type=\"toggle.default\">\n\t\t\t\t<div class=\"elementor-widget-container\">\n\t\t\t\t\t<div class=\"elementor-toggle\" role=\"tablist\">\n\t\t\t\t\t\t\t<div class=\"elementor-toggle-item\">\n\t\t\t\t\t<div id=\"elementor-tab-title-1791\" class=\"elementor-tab-title\" data-tab=\"1\" role=\"tab\" aria-controls=\"elementor-tab-content-1791\" aria-expanded=\"false\">\n\t\t\t\t\t\t\t\t\t\t\t\t<span class=\"elementor-toggle-icon elementor-toggle-icon-left\" aria-hidden=\"true\">\n\t\t\t\t\t\t\t\t\t\t\t\t\t\t\t<span class=\"elementor-toggle-icon-closed\"><i class=\"fas fa-caret-right\"><\/i><\/span>\n\t\t\t\t\t\t\t\t<span class=\"elementor-toggle-icon-opened\"><i class=\"elementor-toggle-icon-opened fas fa-caret-up\"><\/i><\/span>\n\t\t\t\t\t\t\t\t\t\t\t\t\t<\/span>\n\t\t\t\t\t\t\t\t\t\t\t\t<a href=\"\" class=\"elementor-toggle-title\">Campus donde se oferta la carrera<\/a>\n\t\t\t\t\t<\/div>\n\t\t\t\t\t<div id=\"elementor-tab-content-1791\" class=\"elementor-tab-content elementor-clearfix\" data-tab=\"1\" role=\"tabpanel\" aria-labelledby=\"elementor-tab-title-1791\"><ul><li>&#8211; Sede matriz Manta<ul><li><strong>Coordinador Arq. Quimis Chil\u00e1n Abel Emilio, Mg.<\/strong><\/li><\/ul><\/li><li>&#8211; Extensi\u00f3n Chone &#8211; Campus Tosagua<ul><li><strong>Coordinador Ing. Jimmy Zambrano Loor<\/strong><\/li><\/ul><\/li><li>&#8211; Extensi\u00f3n Sucre<\/li><li><strong>Coordinador Ing. Luis Daniel Zambrano Molina, Mg.<\/strong><\/li><\/ul><\/div>\n\t\t\t\t<\/div>\n\t\t\t\t\t\t\t<div class=\"elementor-toggle-item\">\n\t\t\t\t\t<div id=\"elementor-tab-title-1792\" class=\"elementor-tab-title\" data-tab=\"2\" role=\"tab\" aria-controls=\"elementor-tab-content-1792\" aria-expanded=\"false\">\n\t\t\t\t\t\t\t\t\t\t\t\t<span class=\"elementor-toggle-icon elementor-toggle-icon-left\" aria-hidden=\"true\">\n\t\t\t\t\t\t\t\t\t\t\t\t\t\t\t<span class=\"elementor-toggle-icon-closed\"><i class=\"fas fa-caret-right\"><\/i><\/span>\n\t\t\t\t\t\t\t\t<span class=\"elementor-toggle-icon-opened\"><i class=\"elementor-toggle-icon-opened fas fa-caret-up\"><\/i><\/span>\n\t\t\t\t\t\t\t\t\t\t\t\t\t<\/span>\n\t\t\t\t\t\t\t\t\t\t\t\t<a href=\"\" class=\"elementor-toggle-title\">Curr\u00edculo<\/a>\n\t\t\t\t\t<\/div>\n\t\t\t\t\t<div id=\"elementor-tab-content-1792\" class=\"elementor-tab-content elementor-clearfix\" data-tab=\"2\" role=\"tabpanel\" aria-labelledby=\"elementor-tab-title-1792\"><ul><li><h4>Estructura curricular<\/h4><ul><li><a href=\"https:\/\/carreras.uleam.edu.ec\/uaftt\/wp-content\/uploads\/sites\/68\/2023\/05\/Malla_FS.pdf\">Malla curricular<\/a><\/li><\/ul><\/li><li><h4>Planes anal\u00edticos de asignatura<\/h4><ul><li>Primer nivel<ul><li>&#8211;<\/li><\/ul><\/li><\/ul><\/li><\/ul><ul><li style=\"list-style-type: none\"><ul><li>Segundo nivel<ul><li>&#8211;<\/li><\/ul><\/li><\/ul><\/li><\/ul><\/div>\n\t\t\t\t<\/div>\n\t\t\t\t\t\t\t<div class=\"elementor-toggle-item\">\n\t\t\t\t\t<div id=\"elementor-tab-title-1793\" class=\"elementor-tab-title\" data-tab=\"3\" role=\"tab\" aria-controls=\"elementor-tab-content-1793\" aria-expanded=\"false\">\n\t\t\t\t\t\t\t\t\t\t\t\t<span class=\"elementor-toggle-icon elementor-toggle-icon-left\" aria-hidden=\"true\">\n\t\t\t\t\t\t\t\t\t\t\t\t\t\t\t<span class=\"elementor-toggle-icon-closed\"><i class=\"fas fa-caret-right\"><\/i><\/span>\n\t\t\t\t\t\t\t\t<span class=\"elementor-toggle-icon-opened\"><i class=\"elementor-toggle-icon-opened fas fa-caret-up\"><\/i><\/span>\n\t\t\t\t\t\t\t\t\t\t\t\t\t<\/span>\n\t\t\t\t\t\t\t\t\t\t\t\t<a href=\"\" class=\"elementor-toggle-title\">Distribuci\u00f3n docente<\/a>\n\t\t\t\t\t<\/div>\n\t\t\t\t\t<div id=\"elementor-tab-content-1793\" class=\"elementor-tab-content elementor-clearfix\" data-tab=\"3\" role=\"tabpanel\" aria-labelledby=\"elementor-tab-title-1793\"><h5>Cohorte 2023-1<\/h5><ul><li>Periodo Acad\u00e9mico Ordinario 2023-1<ul><li>Primer nivel<ul><li>&#8211;<\/li><\/ul><\/li><\/ul><\/li><\/ul><\/div>\n\t\t\t\t<\/div>\n\t\t\t\t\t\t\t\t<\/div>\n\t\t\t\t<\/div>\n\t\t\t\t<\/div>\n\t\t\t\t\t<\/div>\n\t\t<\/div>\n\t\t\t\t\t\t\t<\/div>\n\t\t<\/section>\n\t\t\t\t\t\t<\/div>\n\t\t\t\t\t<\/div>\n\t\t","protected":false},"excerpt":{"rendered":"<p>Datos Generales * Objetivos Requisitos de ingreso Perfil de ingreso Perfil de egreso Perfil profesional * Objetivos General Formar Tecn\u00f3logos Superiores en \u201cConstrucci\u00f3n Sismorresistente\u201d, que se fundamente en tecnolog\u00edas sismorresistentes para el control y calidad de la construcci\u00f3n, con elementos [&hellip;]<\/p>\n","protected":false},"author":1018,"featured_media":0,"parent":0,"menu_order":0,"comment_status":"closed","ping_status":"closed","template":"","meta":{"_acf_changed":false,"footnotes":""},"class_list":["post-1000","page","type-page","status-publish","hentry"],"acf":[],"_links":{"self":[{"href":"https:\/\/carreras.uleam.edu.ec\/unitev\/wp-json\/wp\/v2\/pages\/1000","targetHints":{"allow":["GET"]}}],"collection":[{"href":"https:\/\/carreras.uleam.edu.ec\/unitev\/wp-json\/wp\/v2\/pages"}],"about":[{"href":"https:\/\/carreras.uleam.edu.ec\/unitev\/wp-json\/wp\/v2\/types\/page"}],"author":[{"embeddable":true,"href":"https:\/\/carreras.uleam.edu.ec\/unitev\/wp-json\/wp\/v2\/users\/1018"}],"replies":[{"embeddable":true,"href":"https:\/\/carreras.uleam.edu.ec\/unitev\/wp-json\/wp\/v2\/comments?post=1000"}],"version-history":[{"count":54,"href":"https:\/\/carreras.uleam.edu.ec\/unitev\/wp-json\/wp\/v2\/pages\/1000\/revisions"}],"predecessor-version":[{"id":1184,"href":"https:\/\/carreras.uleam.edu.ec\/unitev\/wp-json\/wp\/v2\/pages\/1000\/revisions\/1184"}],"wp:attachment":[{"href":"https:\/\/carreras.uleam.edu.ec\/unitev\/wp-json\/wp\/v2\/media?parent=1000"}],"curies":[{"name":"wp","href":"https:\/\/api.w.org\/{rel}","templated":true}]}}