{"id":180,"date":"2021-12-01T11:11:17","date_gmt":"2021-12-01T11:11:17","guid":{"rendered":"https:\/\/carreras.uleam.edu.ec\/uaftt\/?page_id=180"},"modified":"2023-02-16T03:12:03","modified_gmt":"2023-02-16T03:12:03","slug":"electromecanica","status":"publish","type":"page","link":"https:\/\/carreras.uleam.edu.ec\/unitev\/electromecanica\/","title":{"rendered":"Electromec\u00e1nica"},"content":{"rendered":"\t\t<div data-elementor-type=\"wp-page\" data-elementor-id=\"180\" class=\"elementor elementor-180\" data-elementor-settings=\"[]\">\n\t\t\t\t\t\t\t<div class=\"elementor-section-wrap\">\n\t\t\t\t\t\t\t<section class=\"elementor-section elementor-top-section elementor-element elementor-element-03b9f7f elementor-section-boxed elementor-section-height-default elementor-section-height-default\" data-id=\"03b9f7f\" data-element_type=\"section\">\n\t\t\t\t\t\t<div class=\"elementor-container elementor-column-gap-default\">\n\t\t\t\t\t<div class=\"elementor-column elementor-col-100 elementor-top-column elementor-element elementor-element-d1018ed\" data-id=\"d1018ed\" data-element_type=\"column\">\n\t\t\t<div class=\"elementor-widget-wrap elementor-element-populated\">\n\t\t\t\t\t\t\t\t<div class=\"elementor-element elementor-element-f1a75a1 elementor-widget elementor-widget-toggle\" data-id=\"f1a75a1\" data-element_type=\"widget\" data-widget_type=\"toggle.default\">\n\t\t\t\t<div class=\"elementor-widget-container\">\n\t\t\t\t\t<div class=\"elementor-toggle\" role=\"tablist\">\n\t\t\t\t\t\t\t<div class=\"elementor-toggle-item\">\n\t\t\t\t\t<div id=\"elementor-tab-title-2531\" class=\"elementor-tab-title\" data-tab=\"1\" role=\"tab\" aria-controls=\"elementor-tab-content-2531\" aria-expanded=\"false\">\n\t\t\t\t\t\t\t\t\t\t\t\t<span class=\"elementor-toggle-icon elementor-toggle-icon-left\" aria-hidden=\"true\">\n\t\t\t\t\t\t\t\t\t\t\t\t\t\t\t<span class=\"elementor-toggle-icon-closed\"><i class=\"fas fa-caret-right\"><\/i><\/span>\n\t\t\t\t\t\t\t\t<span class=\"elementor-toggle-icon-opened\"><i class=\"elementor-toggle-icon-opened fas fa-caret-up\"><\/i><\/span>\n\t\t\t\t\t\t\t\t\t\t\t\t\t<\/span>\n\t\t\t\t\t\t\t\t\t\t\t\t<a href=\"\" class=\"elementor-toggle-title\">Datos generales<\/a>\n\t\t\t\t\t<\/div>\n\t\t\t\t\t<div id=\"elementor-tab-content-2531\" class=\"elementor-tab-content elementor-clearfix\" data-tab=\"1\" role=\"tabpanel\" aria-labelledby=\"elementor-tab-title-2531\"><\/div>\n\t\t\t\t<\/div>\n\t\t\t\t\t\t\t\t<\/div>\n\t\t\t\t<\/div>\n\t\t\t\t<\/div>\n\t\t\t\t<div class=\"elementor-element elementor-element-b2aba0b elementor-tabs-view-horizontal elementor-widget elementor-widget-tabs\" data-id=\"b2aba0b\" data-element_type=\"widget\" data-widget_type=\"tabs.default\">\n\t\t\t\t<div class=\"elementor-widget-container\">\n\t\t\t\t\t<div class=\"elementor-tabs\">\n\t\t\t<div class=\"elementor-tabs-wrapper\" role=\"tablist\" >\n\t\t\t\t\t\t\t\t\t<div id=\"elementor-tab-title-1871\" class=\"elementor-tab-title elementor-tab-desktop-title\" aria-selected=\"true\" data-tab=\"1\" role=\"tab\" tabindex=\"0\" aria-controls=\"elementor-tab-content-1871\" aria-expanded=\"false\">* <\/div>\n\t\t\t\t\t\t\t\t\t<div id=\"elementor-tab-title-1872\" class=\"elementor-tab-title elementor-tab-desktop-title\" aria-selected=\"false\" data-tab=\"2\" role=\"tab\" tabindex=\"-1\" aria-controls=\"elementor-tab-content-1872\" aria-expanded=\"false\">Objetivos<\/div>\n\t\t\t\t\t\t\t\t\t<div id=\"elementor-tab-title-1873\" class=\"elementor-tab-title elementor-tab-desktop-title\" aria-selected=\"false\" data-tab=\"3\" role=\"tab\" tabindex=\"-1\" aria-controls=\"elementor-tab-content-1873\" aria-expanded=\"false\">Requisitos de ingreso<\/div>\n\t\t\t\t\t\t\t\t\t<div id=\"elementor-tab-title-1874\" class=\"elementor-tab-title elementor-tab-desktop-title\" aria-selected=\"false\" data-tab=\"4\" role=\"tab\" tabindex=\"-1\" aria-controls=\"elementor-tab-content-1874\" aria-expanded=\"false\">Perfil de egreso<\/div>\n\t\t\t\t\t\t\t\t\t<div id=\"elementor-tab-title-1875\" class=\"elementor-tab-title elementor-tab-desktop-title\" aria-selected=\"false\" data-tab=\"5\" role=\"tab\" tabindex=\"-1\" aria-controls=\"elementor-tab-content-1875\" aria-expanded=\"false\">Perfil profesional<\/div>\n\t\t\t\t\t\t\t<\/div>\n\t\t\t<div class=\"elementor-tabs-content-wrapper\" role=\"tablist\" aria-orientation=\"vertical\">\n\t\t\t\t\t\t\t\t\t<div class=\"elementor-tab-title elementor-tab-mobile-title\" aria-selected=\"true\" data-tab=\"1\" role=\"tab\" tabindex=\"0\" aria-controls=\"elementor-tab-content-1871\" aria-expanded=\"false\">* <\/div>\n\t\t\t\t\t<div id=\"elementor-tab-content-1871\" class=\"elementor-tab-content elementor-clearfix\" data-tab=\"1\" role=\"tabpanel\" aria-labelledby=\"elementor-tab-title-1871\" tabindex=\"0\" hidden=\"false\"><iframe loading=\"lazy\" title=\"Promo de carrera t\u00e9cnica en electromec\u00e1nica.\" src=\"https:\/\/www.youtube.com\/embed\/nzy5a4GNXSM\" width=\"450\" height=\"800\" frameborder=\"0\" allowfullscreen=\"allowfullscreen\"><\/iframe><\/div>\n\t\t\t\t\t\t\t\t\t<div class=\"elementor-tab-title elementor-tab-mobile-title\" aria-selected=\"false\" data-tab=\"2\" role=\"tab\" tabindex=\"-1\" aria-controls=\"elementor-tab-content-1872\" aria-expanded=\"false\">Objetivos<\/div>\n\t\t\t\t\t<div id=\"elementor-tab-content-1872\" class=\"elementor-tab-content elementor-clearfix\" data-tab=\"2\" role=\"tabpanel\" aria-labelledby=\"elementor-tab-title-1872\" tabindex=\"0\" hidden=\"hidden\"><ul><li><strong>General<\/strong><ul><li>Formar al Tecn\u00f3logo Superior en Electromec\u00e1nica en el dise\u00f1o e implementaci\u00f3n de sistemas electromec\u00e1nicos y de accionamiento el\u00e9ctrico, sistemas t\u00e9rmicos e hidr\u00e1ulicos, sistemas el\u00e9ctricos y equipos mec\u00e1nicos aplicando normas de mantenimiento y seguridad industrial, contribuyendo al desarrollo productivo, industrial y econ\u00f3mico del pa\u00eds<\/li><\/ul><\/li><li><strong>Espec\u00edficos<\/strong><ul><li>&#8211; Suministrar los fundamentos te\u00f3ricos y pr\u00e1cticos en la implementaci\u00f3n de soluciones t\u00e9cnicas que involucran instalaciones, motores y generadores el\u00e9ctricos, considerando normas y est\u00e1ndares de seguridad y medio ambientales, que contribuya al desarrollo socio productivo del pa\u00eds con \u00e9tica y responsabilidad.<\/li><li>&#8211; Brindar los conocimientos necesarios en la implementaci\u00f3n de sistemas mec\u00e1nicos orientados a procesos productivos e industriales asegurando el funcionamiento de maquinarias en entidades p\u00fablicas y privadas.<\/li><li>&#8211; Proveer las bases te\u00f3ricas y pr\u00e1cticas en la aplicaci\u00f3n tecnolog\u00edas de automatizaci\u00f3n industrial en instalaciones electromec\u00e1nicas enfocadas al desarrollo productivo, empresarial y social del pa\u00eds.<\/li><li>&#8211; Promover la aplicaci\u00f3n de valores y principios \u00e9ticos en sus actividades laborales considerando el emprendimiento y la asociatividad como elementos fundamentales del desarrollo productivo, industrial y econ\u00f3mico nacional.<\/li><\/ul><\/li><li>\u00a0<\/li><\/ul><\/div>\n\t\t\t\t\t\t\t\t\t<div class=\"elementor-tab-title elementor-tab-mobile-title\" aria-selected=\"false\" data-tab=\"3\" role=\"tab\" tabindex=\"-1\" aria-controls=\"elementor-tab-content-1873\" aria-expanded=\"false\">Requisitos de ingreso<\/div>\n\t\t\t\t\t<div id=\"elementor-tab-content-1873\" class=\"elementor-tab-content elementor-clearfix\" data-tab=\"3\" role=\"tabpanel\" aria-labelledby=\"elementor-tab-title-1873\" tabindex=\"0\" hidden=\"hidden\"><ul><li>&#8211; Poseer t\u00edtulo de bachiller o su equivalente, de conformidad con la Ley<\/li><li>&#8211; Haber cumplido los requisitos normados por el Sistema de Nivelaci\u00f3n y Admisi\u00f3n<\/li><li>&#8211; Para casos de movilidad interna o externa, cumplir con los requisitos establecidos en el Art. 96 del Reglamento de R\u00e9gimen Acad\u00e9mico para cambios<\/li><li>&#8211; Las IES aceptar\u00e1n los t\u00edtulos de bachiller obtenidos en el extranjero, reconocidos o equiparados por el Ministerio de Educaci\u00f3n.<\/li><\/ul><\/div>\n\t\t\t\t\t\t\t\t\t<div class=\"elementor-tab-title elementor-tab-mobile-title\" aria-selected=\"false\" data-tab=\"4\" role=\"tab\" tabindex=\"-1\" aria-controls=\"elementor-tab-content-1874\" aria-expanded=\"false\">Perfil de egreso<\/div>\n\t\t\t\t\t<div id=\"elementor-tab-content-1874\" class=\"elementor-tab-content elementor-clearfix\" data-tab=\"4\" role=\"tabpanel\" aria-labelledby=\"elementor-tab-title-1874\" tabindex=\"0\" hidden=\"hidden\"><ul><li><b>&#8211;<\/b><\/li><li><strong>\u00bfQu\u00e9 resultados de aprendizaje y competencias profesionales son necesarias para el futuro desempe\u00f1o profesional?<\/strong><ul><li>&#8211; Brinda soluciones t\u00e9cnicas que involucran instalaciones, motores y generadores el\u00e9ctricos, considerando normas y est\u00e1ndares de seguridad y medio ambientales, que contribuya al desarrollo socio productivo del pa\u00eds con \u00e9tica y responsabilidad.<\/li><li>&#8211; Implementa sistemas mec\u00e1nicos orientados a procesos productivos e industriales asegurando el funcionamiento de maquinarias en entidades p\u00fablicas y privadas.<\/li><li>&#8211; Aplica tecnolog\u00edas de automatizaci\u00f3n industrial en instalaciones electromec\u00e1nicas enfocadas al desarrollo productivo, empresarial y social del pa\u00eds.<\/li><li>&#8211; Aplica procedimientos estandarizados acordes a diferentes equipos y componentes electromec\u00e1nicos para su mantenimiento preventivo y correctivo con eficiencia y responsabilidad.<\/li><\/ul><\/li><li><strong>\u00bfQu\u00e9 resultados de aprendizaje relacionados con el manejo de m\u00e9todos, metodolog\u00edas, modelos, protocolos, procesos y\u00a0<\/strong><strong>procedimientos de car\u00e1cter profesional e investigativo se garantizar\u00e1n en la implementaci\u00f3n de la carrera\/programa?<\/strong><ul><li>&#8211; Emplea tecnolog\u00edas el\u00e9ctricas aplicando los fundamentos de circuitos el\u00e9ctricos y electr\u00f3nicos, instalaciones de baja tensi\u00f3n y m\u00e1quinas el\u00e9ctricas.<\/li><li>&#8211; Aplica los fundamentos de la mec\u00e1nica, termodin\u00e1mica, tecnolog\u00eda de materiales, soldadura, mec\u00e1nica de fluidos en el dise\u00f1o y desarrollo mec\u00e1nico.<\/li><li>&#8211; Aplica la electr\u00f3nica de potencia y el accionamiento el\u00e9ctrico considerando protocolos de seguridad, instrumentos y sensores en la automatizaci\u00f3n industrial.<\/li><li>&#8211; Utiliza herramientas y equipos de diagn\u00f3stico aplicando procedimientos estandarizados en el mantenimiento de equipos electromec\u00e1nicos.<\/li><\/ul><\/li><li><strong>\u00bfC\u00f3mo contribuir\u00e1 el futuro profesional al mejoramiento de la calidad de vida, el medio ambiente, el desarrollo productivo y la\u00a0<\/strong><strong>preservaci\u00f3n, difusi\u00f3n y enriquecimiento de las culturas y saberes?<\/strong><ul><li>&#8211; Contribuye al funcionamiento continuo de equipos electromec\u00e1nicos de personas naturales y jur\u00eddicas favoreciendo sus actividades cotidianas y al desarrollo productivo del pa\u00eds.<\/li><li>&#8211; Realiza actividades de mantenimiento preventivo y correctivo de equipos electromec\u00e1nicos aplicando buenas pr\u00e1cticas y est\u00e1ndares internacionales reduciendo el impacto medio ambiental y alargando la vida \u00fatil de estos equipos.<\/li><li>Implementa soluciones automatizadas en entidades p\u00fablicas y privadas mejorando las condiciones laborales y la calidad de vida de los operarios de equipos electromec\u00e1nicos.<\/li><\/ul><\/li><li><strong>\u00bfCu\u00e1les son los valores y los principios, en el marco de un enfoque de derechos, igualdad e interculturalidad y pensamiento\u00a0<\/strong><strong>universal, cr\u00edtico y creativo, que se promover\u00e1n en la formaci\u00f3n profesional que ofrece la carrera?<\/strong><ul><li>&#8211; Evidencia valores y principios \u00e9ticos en sus actividades laborales considerando el emprendimiento y la asociatividad como elementos fundamentales para el desarrollo productivo, industrial y econ\u00f3mico del pa\u00eds.<\/li><li>&#8211; Expresa ideas cr\u00edticas y creativas en sus actividades laborales, contribuyendo con soluciones innovadoras orientadas a la resoluci\u00f3n de problemas en su \u00e1rea del conocimiento.<\/li><li>&#8211; Demuestra en sus actividades laborales pensamiento universal en el marco del enfoque de derechos, g\u00e9nero, igualdad, interculturalidad en pro de una mejor sociedad.<\/li><\/ul><\/li><\/ul><\/div>\n\t\t\t\t\t\t\t\t\t<div class=\"elementor-tab-title elementor-tab-mobile-title\" aria-selected=\"false\" data-tab=\"5\" role=\"tab\" tabindex=\"-1\" aria-controls=\"elementor-tab-content-1875\" aria-expanded=\"false\">Perfil profesional<\/div>\n\t\t\t\t\t<div id=\"elementor-tab-content-1875\" class=\"elementor-tab-content elementor-clearfix\" data-tab=\"5\" role=\"tabpanel\" aria-labelledby=\"elementor-tab-title-1875\" tabindex=\"0\" hidden=\"hidden\"><ul><li><p>El tecn\u00f3logo superior en electromec\u00e1nica es un profesional capaz de dise\u00f1ar e implementar sistemas electromec\u00e1nicos y de accionamiento el\u00e9ctrico; sistemas t\u00e9rmicos e hidr\u00e1ulicos, sistemas el\u00e9ctricos y equipos mec\u00e1nicos aplicando normas de mantenimiento y seguridad industrial contribuyendo al desarrollo productivo, industrial y econ\u00f3mico del pa\u00eds. Este profesional se distingue por sus principios \u00e9ticos y capacidad creativa e innovadora en sus actividades laborales.<\/p><\/li><li>\u00a0<\/li><\/ul><\/div>\n\t\t\t\t\t\t\t<\/div>\n\t\t<\/div>\n\t\t\t\t<\/div>\n\t\t\t\t<\/div>\n\t\t\t\t<div class=\"elementor-element elementor-element-92c37bf elementor-widget elementor-widget-toggle\" data-id=\"92c37bf\" data-element_type=\"widget\" data-widget_type=\"toggle.default\">\n\t\t\t\t<div class=\"elementor-widget-container\">\n\t\t\t\t\t<div class=\"elementor-toggle\" role=\"tablist\">\n\t\t\t\t\t\t\t<div class=\"elementor-toggle-item\">\n\t\t\t\t\t<div id=\"elementor-tab-title-1531\" class=\"elementor-tab-title\" data-tab=\"1\" role=\"tab\" aria-controls=\"elementor-tab-content-1531\" aria-expanded=\"false\">\n\t\t\t\t\t\t\t\t\t\t\t\t<span class=\"elementor-toggle-icon elementor-toggle-icon-left\" aria-hidden=\"true\">\n\t\t\t\t\t\t\t\t\t\t\t\t\t\t\t<span class=\"elementor-toggle-icon-closed\"><i class=\"fas fa-caret-right\"><\/i><\/span>\n\t\t\t\t\t\t\t\t<span class=\"elementor-toggle-icon-opened\"><i class=\"elementor-toggle-icon-opened fas fa-caret-up\"><\/i><\/span>\n\t\t\t\t\t\t\t\t\t\t\t\t\t<\/span>\n\t\t\t\t\t\t\t\t\t\t\t\t<a href=\"\" class=\"elementor-toggle-title\">Campus donde se oferta la carrera<\/a>\n\t\t\t\t\t<\/div>\n\t\t\t\t\t<div id=\"elementor-tab-content-1531\" class=\"elementor-tab-content elementor-clearfix\" data-tab=\"1\" role=\"tabpanel\" aria-labelledby=\"elementor-tab-title-1531\"><ul><li>&#8211; Extensi\u00f3n Chone &#8211; Campus Tosagua<\/li><li>&#8211; Extensi\u00f3n Chone &#8211; Campus Chone<\/li><li>&#8211; Extensi\u00f3n El Carmen<\/li><li>&#8211; Extensi\u00f3n Pedernales<\/li><\/ul><\/div>\n\t\t\t\t<\/div>\n\t\t\t\t\t\t\t<div class=\"elementor-toggle-item\">\n\t\t\t\t\t<div id=\"elementor-tab-title-1532\" class=\"elementor-tab-title\" data-tab=\"2\" role=\"tab\" aria-controls=\"elementor-tab-content-1532\" aria-expanded=\"false\">\n\t\t\t\t\t\t\t\t\t\t\t\t<span class=\"elementor-toggle-icon elementor-toggle-icon-left\" aria-hidden=\"true\">\n\t\t\t\t\t\t\t\t\t\t\t\t\t\t\t<span class=\"elementor-toggle-icon-closed\"><i class=\"fas fa-caret-right\"><\/i><\/span>\n\t\t\t\t\t\t\t\t<span class=\"elementor-toggle-icon-opened\"><i class=\"elementor-toggle-icon-opened fas fa-caret-up\"><\/i><\/span>\n\t\t\t\t\t\t\t\t\t\t\t\t\t<\/span>\n\t\t\t\t\t\t\t\t\t\t\t\t<a href=\"\" class=\"elementor-toggle-title\">Curr\u00edculo<\/a>\n\t\t\t\t\t<\/div>\n\t\t\t\t\t<div id=\"elementor-tab-content-1532\" class=\"elementor-tab-content elementor-clearfix\" data-tab=\"2\" role=\"tabpanel\" aria-labelledby=\"elementor-tab-title-1532\"><ul><li><h4>Estructura curricular<\/h4><ul><li><a href=\"https:\/\/carreras.uleam.edu.ec\/uaftt\/wp-content\/uploads\/sites\/68\/2022\/12\/MALLA-ELECTROMECANICA-2022.pdf\">Malla<\/a><\/li><\/ul><\/li><li><h4>Planes anal\u00edticos de asignatura<\/h4><ul><li>Primer nivel<ul><li><a href=\"https:\/\/carreras.uleam.edu.ec\/uaftt\/wp-content\/uploads\/sites\/68\/2022\/09\/TSE-PAA-03-F-017-CIRCUITOS-ELECTRICOS-Y-ELECTRONIC.pdf\"><span style=\"color: #800080\"><strong>Circuitos el\u00e9ctricos y electr\u00f3nicos<\/strong><\/span><\/a><\/li><li><a href=\"https:\/\/carreras.uleam.edu.ec\/uaftt\/wp-content\/uploads\/sites\/68\/2022\/09\/TSE-PAA-03-F-017-FUNDAMENTOS-DE-MEC.pdf\"><span style=\"color: #800080\"><strong>Fundamentos de mec\u00e1nica<\/strong><\/span><\/a><\/li><li><a href=\"https:\/\/carreras.uleam.edu.ec\/uaftt\/wp-content\/uploads\/sites\/68\/2022\/09\/TSE-PAA-03-F-017-MECANICA-DE-FLUIDOS.pdf\"><span style=\"color: #800080\"><strong>Mec\u00e1nica de flu\u00eddos<\/strong><\/span><\/a><\/li><li><a href=\"https:\/\/carreras.uleam.edu.ec\/uaftt\/wp-content\/uploads\/sites\/68\/2022\/09\/TSE-PAA-03-F-017-TECNOLOGIA-DE-MAT.pdf\"><span style=\"color: #800080\"><strong>Tecnolog\u00eda de materiales<\/strong><\/span><\/a><\/li><li><a href=\"https:\/\/carreras.uleam.edu.ec\/uaftt\/wp-content\/uploads\/sites\/68\/2022\/09\/TSE-PAA-03-F-017-INSTALACIONES-DE-BAJA-TENSION.pdf\"><span style=\"color: #800080\"><strong>Instalaciones de baja tensi\u00f3n<\/strong><\/span><\/a><\/li><\/ul><\/li><\/ul><\/li><\/ul><ul><li style=\"list-style-type: none\">\u00a0<\/li><\/ul><\/div>\n\t\t\t\t<\/div>\n\t\t\t\t\t\t\t<div class=\"elementor-toggle-item\">\n\t\t\t\t\t<div id=\"elementor-tab-title-1533\" class=\"elementor-tab-title\" data-tab=\"3\" role=\"tab\" aria-controls=\"elementor-tab-content-1533\" aria-expanded=\"false\">\n\t\t\t\t\t\t\t\t\t\t\t\t<span class=\"elementor-toggle-icon elementor-toggle-icon-left\" aria-hidden=\"true\">\n\t\t\t\t\t\t\t\t\t\t\t\t\t\t\t<span class=\"elementor-toggle-icon-closed\"><i class=\"fas fa-caret-right\"><\/i><\/span>\n\t\t\t\t\t\t\t\t<span class=\"elementor-toggle-icon-opened\"><i class=\"elementor-toggle-icon-opened fas fa-caret-up\"><\/i><\/span>\n\t\t\t\t\t\t\t\t\t\t\t\t\t<\/span>\n\t\t\t\t\t\t\t\t\t\t\t\t<a href=\"\" class=\"elementor-toggle-title\">Distribuci\u00f3n docente<\/a>\n\t\t\t\t\t<\/div>\n\t\t\t\t\t<div id=\"elementor-tab-content-1533\" class=\"elementor-tab-content elementor-clearfix\" data-tab=\"3\" role=\"tabpanel\" aria-labelledby=\"elementor-tab-title-1533\"><h5>Cohorte 2022-1 TOSAGUA<\/h5><ul><li>Periodo Acad\u00e9mico Ordinario 2022-1<ul><li>Primer nivel<ul><li>Ing. Edison Reneiro V\u00e9lez Sol\u00f3rzano, <span style=\"font-family: inherit;font-size: inherit\">CIRCUITOS EL\u00c9CTRICOS Y ELECTR\u00d3NICOS<\/span><\/li><li>Ing. Danaisy Estrella Cabrera Montes de Oca, Mg,. FUNDAMENTOS DE MEC\u00c1NICA<\/li><li>Ing. Jean Carlos V\u00e9lez Esparza, MEC\u00c1NICA DE FLUIDOS<\/li><li>Ing. Jimmy Arturo Zambrano Loor, TECNOLOG\u00cdA DE MATERIALES<\/li><li>Ing. Jimmy Arturo Zambrano Loor, INSTALACIONES DE BAJA TENSI\u00d3N<\/li><\/ul><\/li><\/ul><\/li><\/ul><h5>Cohorte 2022-1 CHONE<\/h5><ul><li>Periodo Acad\u00e9mico Ordinario 2022-1<ul><li>Primer nivel<ul><li>Ing. Edison Reneiro V\u00e9lez Sol\u00f3rzano, <span style=\"font-family: inherit;font-size: inherit\">CIRCUITOS EL\u00c9CTRICOS Y ELECTR\u00d3NICOS<\/span><\/li><li>Ing. Danaisy Estrella Cabrera Montes de Oca, Mg,. FUNDAMENTOS DE MEC\u00c1NICA<\/li><li>Ing. Jean Carlos V\u00e9lez Esparza, MEC\u00c1NICA DE FLUIDOS<\/li><li>Ing. Robin Jos\u00e9 Gregorio Mansilla Cede\u00f1o, TECNOLOG\u00cdA DE MATERIALES<\/li><li>Ing.Rogger Jos\u00e9 Andrade Cede\u00f1o, Mg., INSTALACIONES DE BAJA TENSI\u00d3N<\/li><\/ul><\/li><\/ul><\/li><\/ul><\/div>\n\t\t\t\t<\/div>\n\t\t\t\t\t\t\t\t<\/div>\n\t\t\t\t<\/div>\n\t\t\t\t<\/div>\n\t\t\t\t\t<\/div>\n\t\t<\/div>\n\t\t\t\t\t\t\t<\/div>\n\t\t<\/section>\n\t\t\t\t\t\t<\/div>\n\t\t\t\t\t<\/div>\n\t\t","protected":false},"excerpt":{"rendered":"<p>Datos generales * Objetivos Requisitos de ingreso Perfil de egreso Perfil profesional * Objetivos General Formar al Tecn\u00f3logo Superior en Electromec\u00e1nica en el dise\u00f1o e implementaci\u00f3n de sistemas electromec\u00e1nicos y de accionamiento el\u00e9ctrico, sistemas t\u00e9rmicos e hidr\u00e1ulicos, sistemas el\u00e9ctricos y [&hellip;]<\/p>\n","protected":false},"author":1018,"featured_media":0,"parent":0,"menu_order":0,"comment_status":"closed","ping_status":"closed","template":"","meta":{"_acf_changed":false,"footnotes":""},"class_list":["post-180","page","type-page","status-publish","hentry"],"acf":[],"_links":{"self":[{"href":"https:\/\/carreras.uleam.edu.ec\/unitev\/wp-json\/wp\/v2\/pages\/180","targetHints":{"allow":["GET"]}}],"collection":[{"href":"https:\/\/carreras.uleam.edu.ec\/unitev\/wp-json\/wp\/v2\/pages"}],"about":[{"href":"https:\/\/carreras.uleam.edu.ec\/unitev\/wp-json\/wp\/v2\/types\/page"}],"author":[{"embeddable":true,"href":"https:\/\/carreras.uleam.edu.ec\/unitev\/wp-json\/wp\/v2\/users\/1018"}],"replies":[{"embeddable":true,"href":"https:\/\/carreras.uleam.edu.ec\/unitev\/wp-json\/wp\/v2\/comments?post=180"}],"version-history":[{"count":55,"href":"https:\/\/carreras.uleam.edu.ec\/unitev\/wp-json\/wp\/v2\/pages\/180\/revisions"}],"predecessor-version":[{"id":1135,"href":"https:\/\/carreras.uleam.edu.ec\/unitev\/wp-json\/wp\/v2\/pages\/180\/revisions\/1135"}],"wp:attachment":[{"href":"https:\/\/carreras.uleam.edu.ec\/unitev\/wp-json\/wp\/v2\/media?parent=180"}],"curies":[{"name":"wp","href":"https:\/\/api.w.org\/{rel}","templated":true}]}}