{"id":196,"date":"2021-12-01T11:33:19","date_gmt":"2021-12-01T11:33:19","guid":{"rendered":"https:\/\/carreras.uleam.edu.ec\/uaftt\/?page_id=196"},"modified":"2023-05-03T21:27:44","modified_gmt":"2023-05-03T21:27:44","slug":"explotacion-y-mantenimiento-de-equipos-biomedicos","status":"publish","type":"page","link":"https:\/\/carreras.uleam.edu.ec\/unitev\/explotacion-y-mantenimiento-de-equipos-biomedicos\/","title":{"rendered":"Explotaci\u00f3n y Mantenimiento de Equipos Biom\u00e9dicos"},"content":{"rendered":"\t\t<div data-elementor-type=\"wp-page\" data-elementor-id=\"196\" class=\"elementor elementor-196\" data-elementor-settings=\"[]\">\n\t\t\t\t\t\t\t<div class=\"elementor-section-wrap\">\n\t\t\t\t\t\t\t<section class=\"elementor-section elementor-top-section elementor-element elementor-element-93d6485 elementor-section-boxed elementor-section-height-default elementor-section-height-default\" data-id=\"93d6485\" data-element_type=\"section\">\n\t\t\t\t\t\t<div class=\"elementor-container elementor-column-gap-default\">\n\t\t\t\t\t<div class=\"elementor-column elementor-col-100 elementor-top-column elementor-element elementor-element-84c4801\" data-id=\"84c4801\" data-element_type=\"column\">\n\t\t\t<div class=\"elementor-widget-wrap elementor-element-populated\">\n\t\t\t\t\t\t\t\t<div class=\"elementor-element elementor-element-f5ee2e1 elementor-widget elementor-widget-toggle\" data-id=\"f5ee2e1\" data-element_type=\"widget\" data-widget_type=\"toggle.default\">\n\t\t\t\t<div class=\"elementor-widget-container\">\n\t\t\t\t\t<div class=\"elementor-toggle\" role=\"tablist\">\n\t\t\t\t\t\t\t<div class=\"elementor-toggle-item\">\n\t\t\t\t\t<div id=\"elementor-tab-title-2571\" class=\"elementor-tab-title\" data-tab=\"1\" role=\"tab\" aria-controls=\"elementor-tab-content-2571\" aria-expanded=\"false\">\n\t\t\t\t\t\t\t\t\t\t\t\t<span class=\"elementor-toggle-icon elementor-toggle-icon-left\" aria-hidden=\"true\">\n\t\t\t\t\t\t\t\t\t\t\t\t\t\t\t<span class=\"elementor-toggle-icon-closed\"><i class=\"fas fa-caret-right\"><\/i><\/span>\n\t\t\t\t\t\t\t\t<span class=\"elementor-toggle-icon-opened\"><i class=\"elementor-toggle-icon-opened fas fa-caret-up\"><\/i><\/span>\n\t\t\t\t\t\t\t\t\t\t\t\t\t<\/span>\n\t\t\t\t\t\t\t\t\t\t\t\t<a href=\"\" class=\"elementor-toggle-title\">Datos generales<\/a>\n\t\t\t\t\t<\/div>\n\t\t\t\t\t<div id=\"elementor-tab-content-2571\" class=\"elementor-tab-content elementor-clearfix\" data-tab=\"1\" role=\"tabpanel\" aria-labelledby=\"elementor-tab-title-2571\"><\/div>\n\t\t\t\t<\/div>\n\t\t\t\t\t\t\t\t<\/div>\n\t\t\t\t<\/div>\n\t\t\t\t<\/div>\n\t\t\t\t<div class=\"elementor-element elementor-element-5de8c27 elementor-tabs-view-horizontal elementor-widget elementor-widget-tabs\" data-id=\"5de8c27\" data-element_type=\"widget\" data-widget_type=\"tabs.default\">\n\t\t\t\t<div class=\"elementor-widget-container\">\n\t\t\t\t\t<div class=\"elementor-tabs\">\n\t\t\t<div class=\"elementor-tabs-wrapper\" role=\"tablist\" >\n\t\t\t\t\t\t\t\t\t<div id=\"elementor-tab-title-9841\" class=\"elementor-tab-title elementor-tab-desktop-title\" aria-selected=\"true\" data-tab=\"1\" role=\"tab\" tabindex=\"0\" aria-controls=\"elementor-tab-content-9841\" aria-expanded=\"false\">* <\/div>\n\t\t\t\t\t\t\t\t\t<div id=\"elementor-tab-title-9842\" class=\"elementor-tab-title elementor-tab-desktop-title\" aria-selected=\"false\" data-tab=\"2\" role=\"tab\" tabindex=\"-1\" aria-controls=\"elementor-tab-content-9842\" aria-expanded=\"false\">Objetivos<\/div>\n\t\t\t\t\t\t\t\t\t<div id=\"elementor-tab-title-9843\" class=\"elementor-tab-title elementor-tab-desktop-title\" aria-selected=\"false\" data-tab=\"3\" role=\"tab\" tabindex=\"-1\" aria-controls=\"elementor-tab-content-9843\" aria-expanded=\"false\">Requisitos de ingreso<\/div>\n\t\t\t\t\t\t\t\t\t<div id=\"elementor-tab-title-9844\" class=\"elementor-tab-title elementor-tab-desktop-title\" aria-selected=\"false\" data-tab=\"4\" role=\"tab\" tabindex=\"-1\" aria-controls=\"elementor-tab-content-9844\" aria-expanded=\"false\">Perfil de egreso<\/div>\n\t\t\t\t\t\t\t\t\t<div id=\"elementor-tab-title-9845\" class=\"elementor-tab-title elementor-tab-desktop-title\" aria-selected=\"false\" data-tab=\"5\" role=\"tab\" tabindex=\"-1\" aria-controls=\"elementor-tab-content-9845\" aria-expanded=\"false\">Perfil profesional<\/div>\n\t\t\t\t\t\t\t<\/div>\n\t\t\t<div class=\"elementor-tabs-content-wrapper\" role=\"tablist\" aria-orientation=\"vertical\">\n\t\t\t\t\t\t\t\t\t<div class=\"elementor-tab-title elementor-tab-mobile-title\" aria-selected=\"true\" data-tab=\"1\" role=\"tab\" tabindex=\"0\" aria-controls=\"elementor-tab-content-9841\" aria-expanded=\"false\">* <\/div>\n\t\t\t\t\t<div id=\"elementor-tab-content-9841\" class=\"elementor-tab-content elementor-clearfix\" data-tab=\"1\" role=\"tabpanel\" aria-labelledby=\"elementor-tab-title-9841\" tabindex=\"0\" hidden=\"false\"><p><iframe loading=\"lazy\" title=\"Promo de carrera t\u00e9cnica en explotaci\u00f3n y mantenimiento de equipos biom\u00e9dicos\" width=\"500\" height=\"375\" src=\"https:\/\/www.youtube.com\/embed\/Eai4cWNLZ-g?feature=oembed\" frameborder=\"0\" allow=\"accelerometer; autoplay; clipboard-write; encrypted-media; gyroscope; picture-in-picture; web-share\" referrerpolicy=\"strict-origin-when-cross-origin\" allowfullscreen><\/iframe><\/p><\/div>\n\t\t\t\t\t\t\t\t\t<div class=\"elementor-tab-title elementor-tab-mobile-title\" aria-selected=\"false\" data-tab=\"2\" role=\"tab\" tabindex=\"-1\" aria-controls=\"elementor-tab-content-9842\" aria-expanded=\"false\">Objetivos<\/div>\n\t\t\t\t\t<div id=\"elementor-tab-content-9842\" class=\"elementor-tab-content elementor-clearfix\" data-tab=\"2\" role=\"tabpanel\" aria-labelledby=\"elementor-tab-title-9842\" tabindex=\"0\" hidden=\"hidden\"><ul><li><strong>General<\/strong><ul><li>Formar al Tecn\u00f3logo Superior en Explotaci\u00f3n y Mantenimiento de Equipos Biom\u00e9dicos para que aplique conocimientos t\u00e9cnicos en la ejecuci\u00f3n de mantenimientos de tecnolog\u00edas sanitarias basados en el an\u00e1lisis y dominio de su funcionamiento, demostrando liderazgo y aptitudes multidisciplinarias.<\/li><\/ul><\/li><\/ul><ul><li><strong>Espec\u00edficos<\/strong><ul><li>&#8211; Proporcionar los fundamentos para la aplicaci\u00f3n de las teor\u00edas relacionadas con las ciencias b\u00e1sicas y m\u00e9dicas para la resoluci\u00f3n de problemas en la actividad laboral cotidiana, demostrando conocimientos s\u00f3lidos de los conceptos, leyes y teor\u00edas que rigen el funcionamiento de los equipos biom\u00e9dicos.<\/li><li>&#8211; Proveer los principios para el an\u00e1lisis de circuitos electr\u00f3nicos que componen los equipos biom\u00e9dicos para la soluci\u00f3n de problemas de funcionamiento relacionados con los mismos, demostrando capacidad innovadora y conocimientos de las tecnolog\u00edas de punta que se aplican al sector sanitario.<\/li><li>&#8211; Capacitar en el dominio del funcionamiento de los equipos biom\u00e9dicos existentes en las instituciones de salud p\u00fablicas y privadas, as\u00ed como en la ejecuci\u00f3n del mantenimiento de los mismos rigi\u00e9ndose por est\u00e1ndares internacionales y aplicando los avances tecnol\u00f3gicos a disposici\u00f3n.<\/li><li><p>&#8211; Promover la \u00e9tica profesional en el manejo de equipos biom\u00e9dicos asumiendo la responsabilidad directa en el bienestar y cuidado de la vida de los pacientes en el marco del enfoque de derechos, g\u00e9nero, igualdad, interculturalidad y pensamiento cr\u00edtico.<\/p><\/li><\/ul><\/li><\/ul><\/div>\n\t\t\t\t\t\t\t\t\t<div class=\"elementor-tab-title elementor-tab-mobile-title\" aria-selected=\"false\" data-tab=\"3\" role=\"tab\" tabindex=\"-1\" aria-controls=\"elementor-tab-content-9843\" aria-expanded=\"false\">Requisitos de ingreso<\/div>\n\t\t\t\t\t<div id=\"elementor-tab-content-9843\" class=\"elementor-tab-content elementor-clearfix\" data-tab=\"3\" role=\"tabpanel\" aria-labelledby=\"elementor-tab-title-9843\" tabindex=\"0\" hidden=\"hidden\"><ul><li>&#8211; Poseer t\u00edtulo de bachiller o su equivalente, de conformidad con la Ley<\/li><li>&#8211; Haber cumplido los requisitos normados por el Sistema de Nivelaci\u00f3n y Admisi\u00f3n<\/li><li>&#8211; Para casos de movilidad interna o externa, cumplir con los requisitos establecidos en el Art. 96 del Reglamento de R\u00e9gimen Acad\u00e9mico para cambios<\/li><li>&#8211; Las IES aceptar\u00e1n los t\u00edtulos de bachiller obtenidos en el extranjero, reconocidos o equiparados por el Ministerio de Educaci\u00f3n.<\/li><li>\u00a0<\/li><\/ul><\/div>\n\t\t\t\t\t\t\t\t\t<div class=\"elementor-tab-title elementor-tab-mobile-title\" aria-selected=\"false\" data-tab=\"4\" role=\"tab\" tabindex=\"-1\" aria-controls=\"elementor-tab-content-9844\" aria-expanded=\"false\">Perfil de egreso<\/div>\n\t\t\t\t\t<div id=\"elementor-tab-content-9844\" class=\"elementor-tab-content elementor-clearfix\" data-tab=\"4\" role=\"tabpanel\" aria-labelledby=\"elementor-tab-title-9844\" tabindex=\"0\" hidden=\"hidden\"><ul><li><strong>\u00bfQu\u00e9 resultados de aprendizaje y competencias profesionales son necesarias para el futuro desempe\u00f1o profesional?<\/strong><ul><li>&#8211; Aplica fundamentos relacionados con las ciencias b\u00e1sicas y m\u00e9dicas para la resoluci\u00f3n de problemas en su actividad laboral cotidiana, demostrando conocimientos s\u00f3lidos de los conceptos, leyes y teor\u00edas que rigen el funcionamiento de los equipos biom\u00e9dicos.<\/li><li>&#8211; Emplea el an\u00e1lisis de circuitos electr\u00f3nicos que componen los equipos biom\u00e9dicos para la soluci\u00f3n de problemas de funcionamiento, demostrando capacidad innovadora y conocimientos de las tecnolog\u00edas de punta que se aplican al sector sanitario.<\/li><li>&#8211; Domina el funcionamiento de los equipos biom\u00e9dicos existentes en las instituciones de salud p\u00fablicas y privadas, siendo capaz de ejecutar su instalaci\u00f3n y mantenimiento rigi\u00e9ndose por est\u00e1ndares internacionales y aplicando los avances tecnol\u00f3gicos a su disposici\u00f3n.<\/li><\/ul><\/li><li><strong>\u00bfQu\u00e9 resultados de aprendizaje relacionados con el manejo de m\u00e9todos, metodolog\u00edas, modelos, protocolos, procesos y\u00a0<\/strong><strong>procedimientos de car\u00e1cter profesional e investigativo se garantizar\u00e1n en la implementaci\u00f3n de la carrera\/programa?<\/strong><ul><li>&#8211; Emplea definiciones y teor\u00edas de las ciencias B\u00e1sicas y M\u00e9dicas en la resoluci\u00f3n de problemas vinculados al mantenimiento de los equipos biom\u00e9dicos.<\/li><li>&#8211; Resuelve problemas relacionados con el mantenimiento de equipos biom\u00e9dicos aplicando conocimientos s\u00f3lidos de redes el\u00e9ctricas, de datos y las ramas de la electr\u00f3nica.<\/li><li>&#8211; Aplica t\u00e9cnicas, habilidades y herramientas, basadas en el principio de funcionamiento, calibraci\u00f3n y mantenimiento de los equipos biom\u00e9dicos, garantizando su operatividad \u00f3ptima y mejorando as\u00ed la calidad de los sistemas sanitarios.<\/li><li>&#8211; Conoce los principios de investigaci\u00f3n as\u00ed como la formulaci\u00f3n, evaluaci\u00f3n, implementaci\u00f3n y administraci\u00f3n de proyectos relacionados con la gesti\u00f3n y el desarrollo de nuevas aplicaciones en el campo de la tecnolog\u00eda m\u00e9dica.<\/li><\/ul><\/li><li><strong>\u00bfC\u00f3mo contribuir\u00e1 el futuro profesional al mejoramiento de la calidad de vida, el medio ambiente, el desarrollo productivo y la\u00a0<\/strong><strong>preservaci\u00f3n, difusi\u00f3n y enriquecimiento de las culturas y saberes?<\/strong><ul><li>&#8211; Realiza actividades de mantenimiento preventivo y correctivo de equipos biom\u00e9dicos, aplicando buenas pr\u00e1cticas y est\u00e1ndares internacionales, alargando la vida \u00fatil de estos equipos y mejorando la calidad de los servicios de salud.<\/li><li>&#8211; Dise\u00f1a y adapta nuevas tecnolog\u00edas a los equipos biom\u00e9dicos utilizando los recursos a su disposici\u00f3n contribuyendo al desarrollo productivo del pa\u00eds.<\/li><li>&#8211; Asesora y capacita en el uso, mantenimiento y aplicaci\u00f3n de las tecnolog\u00edas m\u00e9dicas en busca de la optimizaci\u00f3n de la prestaci\u00f3n de los servicios en salud y la seguridad de los pacientes y los usuarios.<\/li><\/ul><\/li><li><strong>\u00bfCu\u00e1les son los valores y los principios, en el marco de un enfoque de derechos, igualdad e interculturalidad y pensamiento\u00a0<\/strong><strong>universal, cr\u00edtico y creativo, que se promover\u00e1n en la formaci\u00f3n profesional que ofrece la carrera?<\/strong><ul><li>&#8211; Manifiesta una cultura de esfuerzo y vocaci\u00f3n en los principios y valores \u00e9ticos de su profesi\u00f3n.<\/li><li>&#8211; Asume su responsabilidad directa en el bienestar y la vida de los pacientes, garantizando la igualdad de g\u00e9nero, derecho e interculturalidad.<\/li><li>&#8211; Expresa ideas cr\u00edticas y creativas en sus actividades laborales, contribuyendo con soluciones innovadoras orientadas a la resoluci\u00f3n de problemas en su \u00e1rea del conocimiento.<\/li><\/ul><\/li><\/ul><\/div>\n\t\t\t\t\t\t\t\t\t<div class=\"elementor-tab-title elementor-tab-mobile-title\" aria-selected=\"false\" data-tab=\"5\" role=\"tab\" tabindex=\"-1\" aria-controls=\"elementor-tab-content-9845\" aria-expanded=\"false\">Perfil profesional<\/div>\n\t\t\t\t\t<div id=\"elementor-tab-content-9845\" class=\"elementor-tab-content elementor-clearfix\" data-tab=\"5\" role=\"tabpanel\" aria-labelledby=\"elementor-tab-title-9845\" tabindex=\"0\" hidden=\"hidden\"><ul><li><ul><li>El Tecn\u00f3logo Superior en Explotaci\u00f3n y Mantenimiento de Equipos Biom\u00e9dicos es un profesional capaz de aplicar conocimientos t\u00e9cnicos para la instalaci\u00f3n y mantenimiento de tecnolog\u00edas sanitarias basado en el an\u00e1lisis y dominio de su funcionamiento, demostrando liderazgo y aptitudes multidisciplinarias.<\/li><\/ul><\/li><li>\u00a0<\/li><\/ul><\/div>\n\t\t\t\t\t\t\t<\/div>\n\t\t<\/div>\n\t\t\t\t<\/div>\n\t\t\t\t<\/div>\n\t\t\t\t<div class=\"elementor-element elementor-element-27eb098 elementor-widget elementor-widget-image\" data-id=\"27eb098\" data-element_type=\"widget\" data-widget_type=\"image.default\">\n\t\t\t\t<div class=\"elementor-widget-container\">\n\t\t\t\t\t\t\t\t\t\t\t\t\t\t\t<img loading=\"lazy\" decoding=\"async\" width=\"300\" height=\"300\" src=\"https:\/\/carreras.uleam.edu.ec\/unitev\/wp-content\/uploads\/sites\/68\/2022\/12\/LogoEMEB-300x300.png\" class=\"attachment-medium size-medium\" alt=\"\" srcset=\"https:\/\/carreras.uleam.edu.ec\/unitev\/wp-content\/uploads\/sites\/68\/2022\/12\/LogoEMEB-300x300.png 300w, https:\/\/carreras.uleam.edu.ec\/unitev\/wp-content\/uploads\/sites\/68\/2022\/12\/LogoEMEB-150x150.png 150w, https:\/\/carreras.uleam.edu.ec\/unitev\/wp-content\/uploads\/sites\/68\/2022\/12\/LogoEMEB-768x768.png 768w, https:\/\/carreras.uleam.edu.ec\/unitev\/wp-content\/uploads\/sites\/68\/2022\/12\/LogoEMEB-100x100.png 100w, https:\/\/carreras.uleam.edu.ec\/unitev\/wp-content\/uploads\/sites\/68\/2022\/12\/LogoEMEB.png 1024w\" sizes=\"auto, (max-width: 300px) 100vw, 300px\" \/>\t\t\t\t\t\t\t\t\t\t\t\t\t\t\t<\/div>\n\t\t\t\t<\/div>\n\t\t\t\t<div class=\"elementor-element elementor-element-47e0910 elementor-widget elementor-widget-toggle\" data-id=\"47e0910\" data-element_type=\"widget\" data-widget_type=\"toggle.default\">\n\t\t\t\t<div class=\"elementor-widget-container\">\n\t\t\t\t\t<div class=\"elementor-toggle\" role=\"tablist\">\n\t\t\t\t\t\t\t<div class=\"elementor-toggle-item\">\n\t\t\t\t\t<div id=\"elementor-tab-title-7531\" class=\"elementor-tab-title\" data-tab=\"1\" role=\"tab\" aria-controls=\"elementor-tab-content-7531\" aria-expanded=\"false\">\n\t\t\t\t\t\t\t\t\t\t\t\t<span class=\"elementor-toggle-icon elementor-toggle-icon-left\" aria-hidden=\"true\">\n\t\t\t\t\t\t\t\t\t\t\t\t\t\t\t<span class=\"elementor-toggle-icon-closed\"><i class=\"fas fa-caret-right\"><\/i><\/span>\n\t\t\t\t\t\t\t\t<span class=\"elementor-toggle-icon-opened\"><i class=\"elementor-toggle-icon-opened fas fa-caret-up\"><\/i><\/span>\n\t\t\t\t\t\t\t\t\t\t\t\t\t<\/span>\n\t\t\t\t\t\t\t\t\t\t\t\t<a href=\"\" class=\"elementor-toggle-title\">Campus donde se oferta la carrera<\/a>\n\t\t\t\t\t<\/div>\n\t\t\t\t\t<div id=\"elementor-tab-content-7531\" class=\"elementor-tab-content elementor-clearfix\" data-tab=\"1\" role=\"tabpanel\" aria-labelledby=\"elementor-tab-title-7531\"><ul><li>&#8211; Extensi\u00f3n Chone &#8211; Campus Tosagua<\/li><\/ul><\/div>\n\t\t\t\t<\/div>\n\t\t\t\t\t\t\t<div class=\"elementor-toggle-item\">\n\t\t\t\t\t<div id=\"elementor-tab-title-7532\" class=\"elementor-tab-title\" data-tab=\"2\" role=\"tab\" aria-controls=\"elementor-tab-content-7532\" aria-expanded=\"false\">\n\t\t\t\t\t\t\t\t\t\t\t\t<span class=\"elementor-toggle-icon elementor-toggle-icon-left\" aria-hidden=\"true\">\n\t\t\t\t\t\t\t\t\t\t\t\t\t\t\t<span class=\"elementor-toggle-icon-closed\"><i class=\"fas fa-caret-right\"><\/i><\/span>\n\t\t\t\t\t\t\t\t<span class=\"elementor-toggle-icon-opened\"><i class=\"elementor-toggle-icon-opened fas fa-caret-up\"><\/i><\/span>\n\t\t\t\t\t\t\t\t\t\t\t\t\t<\/span>\n\t\t\t\t\t\t\t\t\t\t\t\t<a href=\"\" class=\"elementor-toggle-title\">Curr\u00edculo<\/a>\n\t\t\t\t\t<\/div>\n\t\t\t\t\t<div id=\"elementor-tab-content-7532\" class=\"elementor-tab-content elementor-clearfix\" data-tab=\"2\" role=\"tabpanel\" aria-labelledby=\"elementor-tab-title-7532\"><ul><li><h4>Estructura curricular<\/h4><ul><li><a href=\"https:\/\/carreras.uleam.edu.ec\/uaftt\/wp-content\/uploads\/sites\/68\/2022\/12\/MALLA-EMEB-2022.pdf\">Malla curricular<\/a><\/li><\/ul><\/li><li><h4>Planes anal\u00edticos de asignatura<\/h4><ul><li>Primer nivel<ul><li><a href=\"https:\/\/carreras.uleam.edu.ec\/uaftt\/wp-content\/uploads\/sites\/68\/2022\/09\/MATEMATICAS-BASICAS.pdf\"><span style=\"color: #800080\"><strong>Matem\u00e1ticas b\u00e1sicas<\/strong><\/span><\/a><\/li><li><a href=\"https:\/\/carreras.uleam.edu.ec\/uaftt\/wp-content\/uploads\/sites\/68\/2022\/09\/PAA-F0017-FISICA-MECANICA.pdf\"><span style=\"color: #800080\"><strong>F\u00edsica mec\u00e1nica<\/strong><\/span><\/a><\/li><li><a href=\"https:\/\/carreras.uleam.edu.ec\/uaftt\/wp-content\/uploads\/sites\/68\/2022\/09\/ANATOMIA-Y-FISIOLOGIA.pdf\"><span style=\"color: #800080\"><strong>Anatom\u00eda y fisiolog\u00eda<\/strong><\/span><\/a><\/li><li><a href=\"https:\/\/carreras.uleam.edu.ec\/uaftt\/wp-content\/uploads\/sites\/68\/2022\/09\/GESTION-DE-PROYECTOS.pdf\"><span style=\"color: #800080\"><strong>Gesti\u00f3n de proyectos tecnol\u00f3gicos aplicados a la salud<\/strong><\/span><\/a><\/li><li><a href=\"https:\/\/carreras.uleam.edu.ec\/uaftt\/wp-content\/uploads\/sites\/68\/2022\/09\/DIRECCION-Y-GEST-SANITARIA.pdf\"><span style=\"color: #800080\"><strong>Gesti\u00f3n y direcci\u00f3n sanitaria<\/strong><\/span><\/a><\/li><\/ul><\/li><\/ul><\/li><\/ul><ul><li style=\"list-style-type: none\">\u00a0<\/li><\/ul><\/div>\n\t\t\t\t<\/div>\n\t\t\t\t\t\t\t<div class=\"elementor-toggle-item\">\n\t\t\t\t\t<div id=\"elementor-tab-title-7533\" class=\"elementor-tab-title\" data-tab=\"3\" role=\"tab\" aria-controls=\"elementor-tab-content-7533\" aria-expanded=\"false\">\n\t\t\t\t\t\t\t\t\t\t\t\t<span class=\"elementor-toggle-icon elementor-toggle-icon-left\" aria-hidden=\"true\">\n\t\t\t\t\t\t\t\t\t\t\t\t\t\t\t<span class=\"elementor-toggle-icon-closed\"><i class=\"fas fa-caret-right\"><\/i><\/span>\n\t\t\t\t\t\t\t\t<span class=\"elementor-toggle-icon-opened\"><i class=\"elementor-toggle-icon-opened fas fa-caret-up\"><\/i><\/span>\n\t\t\t\t\t\t\t\t\t\t\t\t\t<\/span>\n\t\t\t\t\t\t\t\t\t\t\t\t<a href=\"\" class=\"elementor-toggle-title\">Curr\u00edculo<\/a>\n\t\t\t\t\t<\/div>\n\t\t\t\t\t<div id=\"elementor-tab-content-7533\" class=\"elementor-tab-content elementor-clearfix\" data-tab=\"3\" role=\"tabpanel\" aria-labelledby=\"elementor-tab-title-7533\"><ul><li><h4>Estructura curricular<\/h4><ul><li><a href=\"https:\/\/carreras.uleam.edu.ec\/uaftt\/wp-content\/uploads\/sites\/68\/2022\/12\/MALLA-EMEB-2022.pdf\">Malla<\/a><\/li><\/ul><\/li><li><h4>Planes anal\u00edticos de asignatura<\/h4><ul><li>Primer nivel<ul><li><a href=\"https:\/\/carreras.uleam.edu.ec\/uaftt\/wp-content\/uploads\/sites\/68\/2022\/09\/MATEMATICAS-BASICAS.pdf\"><span style=\"color: #800080\"><strong>Matem\u00e1ticas b\u00e1sicas<\/strong><\/span><\/a><\/li><li><a href=\"https:\/\/carreras.uleam.edu.ec\/uaftt\/wp-content\/uploads\/sites\/68\/2022\/09\/PAA-F0017-FISICA-MECANICA.pdf\"><span style=\"color: #800080\"><strong>F\u00edsica mec\u00e1nica<\/strong><\/span><\/a><\/li><li><a href=\"https:\/\/carreras.uleam.edu.ec\/uaftt\/wp-content\/uploads\/sites\/68\/2022\/09\/ANATOMIA-Y-FISIOLOGIA.pdf\"><span style=\"color: #800080\"><strong>Anatom\u00eda y fisiolog\u00eda<\/strong><\/span><\/a><\/li><li><a href=\"https:\/\/carreras.uleam.edu.ec\/uaftt\/wp-content\/uploads\/sites\/68\/2022\/09\/GESTION-DE-PROYECTOS.pdf\"><span style=\"color: #800080\"><strong>Gesti\u00f3n de proyectos tecnol\u00f3gicos aplicados a la salud<\/strong><\/span><\/a><\/li><li><a href=\"https:\/\/carreras.uleam.edu.ec\/uaftt\/wp-content\/uploads\/sites\/68\/2022\/09\/DIRECCION-Y-GEST-SANITARIA.pdf\"><span style=\"color: #800080\"><strong>Gesti\u00f3n y direcci\u00f3n sanitaria<\/strong><\/span><\/a><\/li><\/ul><\/li><\/ul><\/li><\/ul><ul><li style=\"list-style-type: none\">\u00a0<\/li><\/ul><\/div>\n\t\t\t\t<\/div>\n\t\t\t\t\t\t\t<div class=\"elementor-toggle-item\">\n\t\t\t\t\t<div id=\"elementor-tab-title-7534\" class=\"elementor-tab-title\" data-tab=\"4\" role=\"tab\" aria-controls=\"elementor-tab-content-7534\" aria-expanded=\"false\">\n\t\t\t\t\t\t\t\t\t\t\t\t<span class=\"elementor-toggle-icon elementor-toggle-icon-left\" aria-hidden=\"true\">\n\t\t\t\t\t\t\t\t\t\t\t\t\t\t\t<span class=\"elementor-toggle-icon-closed\"><i class=\"fas fa-caret-right\"><\/i><\/span>\n\t\t\t\t\t\t\t\t<span class=\"elementor-toggle-icon-opened\"><i class=\"elementor-toggle-icon-opened fas fa-caret-up\"><\/i><\/span>\n\t\t\t\t\t\t\t\t\t\t\t\t\t<\/span>\n\t\t\t\t\t\t\t\t\t\t\t\t<a href=\"\" class=\"elementor-toggle-title\">Distribuci\u00f3n docente<\/a>\n\t\t\t\t\t<\/div>\n\t\t\t\t\t<div id=\"elementor-tab-content-7534\" class=\"elementor-tab-content elementor-clearfix\" data-tab=\"4\" role=\"tabpanel\" aria-labelledby=\"elementor-tab-title-7534\"><h5>Cohorte 2022-1<\/h5><ul><li>Periodo Acad\u00e9mico Ordinario 2022-1<ul><li>Primer nivel<ul><li>Lic. Felisa Hermelinda Meza Intriago, Mg., MATEM\u00c1TICAS B\u00c1SICAS<\/li><li>Ing. Danaisy Estrella Cabrera Montes de Oca, Mg,. F\u00cdSICA MEC\u00c1NICA<\/li><li>Dr. Fabricio Javier Palma Cobe\u00f1a, Esp., ANATOM\u00cdA Y FISIOLOG\u00cdA<\/li><li>Ing. Jimmy Arturo Zambrano Loor, GESTI\u00d3N DE PROYECTOS TECNOL\u00d3GICOS APLICADOS A LA SALUD<\/li><li>Ing. Danaisy Estrella Cabrera Montes de Oca, Mg., GESTI\u00d3N Y DIRECCI\u00d3N SANITARIA<\/li><\/ul><\/li><\/ul><\/li><\/ul><\/div>\n\t\t\t\t<\/div>\n\t\t\t\t\t\t\t\t<\/div>\n\t\t\t\t<\/div>\n\t\t\t\t<\/div>\n\t\t\t\t\t<\/div>\n\t\t<\/div>\n\t\t\t\t\t\t\t<\/div>\n\t\t<\/section>\n\t\t\t\t\t\t<\/div>\n\t\t\t\t\t<\/div>\n\t\t","protected":false},"excerpt":{"rendered":"<p>Datos generales * Objetivos Requisitos de ingreso Perfil de egreso Perfil profesional * Objetivos General Formar al Tecn\u00f3logo Superior en Explotaci\u00f3n y Mantenimiento de Equipos Biom\u00e9dicos para que aplique conocimientos t\u00e9cnicos en la ejecuci\u00f3n de mantenimientos de tecnolog\u00edas sanitarias basados [&hellip;]<\/p>\n","protected":false},"author":1018,"featured_media":0,"parent":0,"menu_order":0,"comment_status":"closed","ping_status":"closed","template":"","meta":{"_acf_changed":false,"footnotes":""},"class_list":["post-196","page","type-page","status-publish","hentry"],"acf":[],"_links":{"self":[{"href":"https:\/\/carreras.uleam.edu.ec\/unitev\/wp-json\/wp\/v2\/pages\/196","targetHints":{"allow":["GET"]}}],"collection":[{"href":"https:\/\/carreras.uleam.edu.ec\/unitev\/wp-json\/wp\/v2\/pages"}],"about":[{"href":"https:\/\/carreras.uleam.edu.ec\/unitev\/wp-json\/wp\/v2\/types\/page"}],"author":[{"embeddable":true,"href":"https:\/\/carreras.uleam.edu.ec\/unitev\/wp-json\/wp\/v2\/users\/1018"}],"replies":[{"embeddable":true,"href":"https:\/\/carreras.uleam.edu.ec\/unitev\/wp-json\/wp\/v2\/comments?post=196"}],"version-history":[{"count":52,"href":"https:\/\/carreras.uleam.edu.ec\/unitev\/wp-json\/wp\/v2\/pages\/196\/revisions"}],"predecessor-version":[{"id":1191,"href":"https:\/\/carreras.uleam.edu.ec\/unitev\/wp-json\/wp\/v2\/pages\/196\/revisions\/1191"}],"wp:attachment":[{"href":"https:\/\/carreras.uleam.edu.ec\/unitev\/wp-json\/wp\/v2\/media?parent=196"}],"curies":[{"name":"wp","href":"https:\/\/api.w.org\/{rel}","templated":true}]}}