{"id":20,"date":"2021-09-03T15:12:14","date_gmt":"2021-09-03T15:12:14","guid":{"rendered":"https:\/\/carreras.uleam.edu.ec\/uaftt\/?page_id=20"},"modified":"2021-12-21T04:11:23","modified_gmt":"2021-12-21T04:11:23","slug":"resena-historica","status":"publish","type":"page","link":"https:\/\/carreras.uleam.edu.ec\/unitev\/resena-historica\/","title":{"rendered":"Rese\u00f1a Hist\u00f3rica"},"content":{"rendered":"\n<div class=\"wp-block-image is-style-default\"><figure class=\"aligncenter size-full\"><img loading=\"lazy\" decoding=\"async\" width=\"493\" height=\"290\" src=\"https:\/\/carreras.uleam.edu.ec\/uaftt\/wp-content\/uploads\/sites\/68\/2021\/11\/ResenaH30.jpg\" alt=\"\" class=\"wp-image-104\" srcset=\"https:\/\/carreras.uleam.edu.ec\/unitev\/wp-content\/uploads\/sites\/68\/2021\/11\/ResenaH30.jpg 493w, https:\/\/carreras.uleam.edu.ec\/unitev\/wp-content\/uploads\/sites\/68\/2021\/11\/ResenaH30-300x176.jpg 300w\" sizes=\"auto, (max-width: 493px) 100vw, 493px\" \/><\/figure><\/div>\n\n\n\n<p>Lo que en los a\u00f1os 2017 y 2018 fue una aspiraci\u00f3n de visionarios como el Arq. Miguel Camino Sol\u00f3rzano, PhD. Rector de la Universidad Laica Eloy Alfaro de Manab\u00ed (ULEAM) en ese entonces, el Dr. Marcos Zambrano Zambrano, PhD. Decano de la ULEAM Extensi\u00f3n Chone y la Se\u00f1ora Elba Gonz\u00e1lez \u00c1lava alcaldesa del Cant\u00f3n Tosagua, en el a\u00f1o 2019 se convirti\u00f3 en una decisi\u00f3n institucional de la universidad, que luego en el a\u00f1o 2020 se plasm\u00f3 en los proyectos que han permitido conseguir la creaci\u00f3n de la Unidad Acad\u00e9mica de Formaci\u00f3n T\u00e9cnica y Tecnol\u00f3gica (UAFTT).&nbsp;<\/p>\n\n\n\n<p>Desde el mes de enero de 2020 con el trabajo liderado por el Ing. Cristian Mera Mac\u00edas, DISI. Y apoyado por docentes y funcionarios de la ULEAM, se comienza a elaborar los proyectos de: Creaci\u00f3n de la Unidad Acad\u00e9mica de Formaci\u00f3n T\u00e9cnica y Tecnol\u00f3gica de la Universidad Laica Eloy Alfaro de Manab\u00ed, y la creaci\u00f3n de la carrera Tecnolog\u00eda Superior en Riego y Producci\u00f3n Agr\u00edcola.&nbsp; Fruto de este trabajo, con Resoluci\u00f3n Uleam-DEXT.CH-2020-108-R de fecha 16 de junio de 2020 de la Sesi\u00f3n Ordinaria el Consejo de Extensi\u00f3n de la ULEAM en Chone resuelve: \u201cAprobar la Unidad de Educaci\u00f3n T\u00e9cnica y Tecnol\u00f3gica Superior de la Universidad Laica Eloy Alfaro de Manab\u00ed y la Creaci\u00f3n de la Carrera de Tecnolog\u00eda Superior en Riego y Producci\u00f3n Agr\u00edcola, en el cant\u00f3n Tosagua\u201d, luego con Resoluci\u00f3n No. 087-2020 de fecha 6 de julio de 2020 de la sesi\u00f3n ordinaria No.11-2020 el Consejo Acad\u00e9mico resuelve: \u201cPresentar al se\u00f1or Rector de la Universidad para aprobaci\u00f3n del \u00d3rgano Colegiado Superior, el informe para la Creaci\u00f3n de la Unidad de Educaci\u00f3n T\u00e9cnica y Tecnol\u00f3gica Superior de la Universidad Laica Eloy Alfaro de Manab\u00ed\u201d, con base en lo descrito, con Resoluci\u00f3n No. 088-2020 de fecha 6 de julio de 2020 de la Sesi\u00f3n Ordinaria No.11-2020 el Consejo Acad\u00e9mico resuelve: \u201cPresentar al se\u00f1or Rector de la Universidad para aprobaci\u00f3n del \u00d3rgano Colegiado Superior, el informe de creaci\u00f3n de la carrera de Tecnolog\u00eda Superior en Riego y Producci\u00f3n Agr\u00edcola en el cant\u00f3n Tosagua\u201d, luego con Resoluci\u00f3n OCS-SO-06-No.065-2020 de fecha 31 de julio de 2020 de la Sexta Sesi\u00f3n Ordinaria el \u00d3rgano Colegiado Superior de la ULEAM resuelve: \u201cAprobar el informe sobre el proyecto de creaci\u00f3n de la carrera de Tecnolog\u00eda Superior en Riego y Producci\u00f3n Agr\u00edcola en el cant\u00f3n Tosagua, presentado a trav\u00e9s de oficio Nro. 066A-DPGA-2020, de 6 de julio de 2020, suscrito por la Ing. Flor Mar\u00eda Calero Guevara, PhD., Directora de Planificaci\u00f3n y Gesti\u00f3n Acad\u00e9mica; y, consecuentemente, se autoriza la creaci\u00f3n de la carrera: TECNOLOG\u00cdA SUPERIOR EN RIEGO Y PRODUCCI\u00d3N AGR\u00cdCOLA EN EL CANT\u00d3N TOSAGUA\u201d.&nbsp; Con Resoluci\u00f3n OCS-SE-009-No.082-2020 de fecha 5 de agosto de 2020 de la novena Sesi\u00f3n Extraordinaria el \u00d3rgano Colegiado Superior de la ULEAM resuelve: \u201cCrear la Unidad de Educaci\u00f3n T\u00e9cnica y Tecnol\u00f3gica Superior de la Universidad Laica Eloy Alfaro de Manab\u00ed, de conformidad con lo dispuesto en el art\u00edculo 28 del Reglamento de las Instituciones de Educaci\u00f3n Superior de Formaci\u00f3n T\u00e9cnica y Tecnol\u00f3gica\u201d, luego con oficio N.\u00ba ULEAM-R-2020-0572-OF de fecha 21 de septiembre de 2020, el se\u00f1or Rector de la ULEAM, Dr. Miguel Camino Sol\u00f3rzano, presenta los proyectos de creaci\u00f3n de la UETTS y de la carrera Tecnolog\u00eda Superior en Riego y Producci\u00f3n Agr\u00edcola ante el Consejo se Educaci\u00f3n Superior (CES) y con resoluci\u00f3n RPC-SO-05-No.139-2021 el 3 de marzo de 2021, en la Quinta Sesi\u00f3n Ordinaria del Pleno del CES, del a\u00f1o en curso aprueba la creaci\u00f3n de la Unidad; el catorce (14) de julio de 2021, en la D\u00e9cima Quinta Sesi\u00f3n Ordinaria del Pleno, del a\u00f1o en curso mediante la resoluci\u00f3n RPC-SO-15-No.399-2021, es aprobada la carrera de tercer nivel t\u00e9cnico-tecnol\u00f3gico superior&nbsp; \u201cTecnolog\u00eda Superior en Riego y Producci\u00f3n Agr\u00edcola\u201d (Extensi\u00f3n Chone-campus Tosagua); as\u00ed mismo, con resoluci\u00f3n RPC-SO-25-No.601-2021 de fecha 6 de octubre de 2021, ha sido aprobada la Tecnolog\u00eda Superior en Electromec\u00e1nica (Extensi\u00f3n Chone, Extensi\u00f3n Chone-Campus Tosagua, Extensi\u00f3n El Carmen y Extensi\u00f3n Pedernales) y el 10 de noviembre de 2021 con resoluci\u00f3n RPC-SO-30-No.685-2021 se aprob\u00f3 la Tecnolog\u00eda Superior en explotaci\u00f3n y mantenimiento de equipos biom\u00e9dicos (Extensi\u00f3n Chone-Campus Tosagua).<\/p>\n\n\n\n<p>La UAFTT de la ULEAM se ha establecido en el Campus Tosagua de la Extensi\u00f3n Chone; sin embargo, las carreras en este nivel de formaci\u00f3n se est\u00e1n proyectando para ser ofertadas en los diferentes campus de la universidad.  La UAFTT se ha creado con el objetivo de satisfacer las necesidades de formaci\u00f3n en el nivel t\u00e9cnico y tecnol\u00f3gico priorizando el saber hacer, para dar respuestas a las demandas de la sociedad mediante la oferta de carreras innovadoras y pertinentes en los territorios de influencia de la ULEAM; para esto, se ha trabajado en el dise\u00f1o de diversas carreras tecnol\u00f3gicas.\u00a0 Adem\u00e1s, es necesario destacar que se est\u00e1 realizando un trabajo coordinado con diferentes facultades y extensiones para la creaci\u00f3n de una oferta variada y pertinente en los diferentes territorios.\u00a0<\/p>\n\n\n\n<p>Con el objetivo de fortalecer la formaci\u00f3n de los futuros profesionales, el equipo de la UAFTT est\u00e1 trabajando en la adecuaci\u00f3n de espacios de aprendizaje, oficinas administrativas, biblioteca y otras \u00e1reas en el Campus Tosagua; tambi\u00e9n, se est\u00e1n promoviendo alianzas estrat\u00e9gicas con entidades p\u00fablicas y privadas que permitan cooperar y articular acciones conjuntas orientadas al desarrollo, investigaci\u00f3n y transferencia tecnol\u00f3gica y cient\u00edfica en su campo de acci\u00f3n. Los resultados obtenidos hasta el momento han sido posibles gracias al trabajo conjunto de docentes y empleados de la matriz y de las extensiones, el apoyo incondicional de las autoridades y la predisposici\u00f3n de entidades p\u00fablicas y privadas, que han brindado su apoyo a la UAFTT.<\/p>\n\n\n\n<p class=\"has-text-align-center\">La ULEAM en buenas manos.<\/p>\n","protected":false},"excerpt":{"rendered":"<p>Lo que en los a\u00f1os 2017 y 2018 fue una aspiraci\u00f3n de visionarios como el Arq. Miguel Camino Sol\u00f3rzano, PhD. Rector de la Universidad Laica Eloy Alfaro de Manab\u00ed (ULEAM) en ese entonces, el Dr. Marcos Zambrano Zambrano, PhD. Decano [&hellip;]<\/p>\n","protected":false},"author":70,"featured_media":0,"parent":0,"menu_order":0,"comment_status":"closed","ping_status":"closed","template":"","meta":{"_acf_changed":false,"footnotes":""},"class_list":["post-20","page","type-page","status-publish","hentry"],"acf":[],"_links":{"self":[{"href":"https:\/\/carreras.uleam.edu.ec\/unitev\/wp-json\/wp\/v2\/pages\/20","targetHints":{"allow":["GET"]}}],"collection":[{"href":"https:\/\/carreras.uleam.edu.ec\/unitev\/wp-json\/wp\/v2\/pages"}],"about":[{"href":"https:\/\/carreras.uleam.edu.ec\/unitev\/wp-json\/wp\/v2\/types\/page"}],"author":[{"embeddable":true,"href":"https:\/\/carreras.uleam.edu.ec\/unitev\/wp-json\/wp\/v2\/users\/70"}],"replies":[{"embeddable":true,"href":"https:\/\/carreras.uleam.edu.ec\/unitev\/wp-json\/wp\/v2\/comments?post=20"}],"version-history":[{"count":7,"href":"https:\/\/carreras.uleam.edu.ec\/unitev\/wp-json\/wp\/v2\/pages\/20\/revisions"}],"predecessor-version":[{"id":243,"href":"https:\/\/carreras.uleam.edu.ec\/unitev\/wp-json\/wp\/v2\/pages\/20\/revisions\/243"}],"wp:attachment":[{"href":"https:\/\/carreras.uleam.edu.ec\/unitev\/wp-json\/wp\/v2\/media?parent=20"}],"curies":[{"name":"wp","href":"https:\/\/api.w.org\/{rel}","templated":true}]}}