{"id":26,"date":"2021-09-03T15:13:19","date_gmt":"2021-09-03T15:13:19","guid":{"rendered":"https:\/\/carreras.uleam.edu.ec\/uaftt\/?page_id=26"},"modified":"2022-06-21T22:06:33","modified_gmt":"2022-06-21T22:06:33","slug":"objetivos","status":"publish","type":"page","link":"https:\/\/carreras.uleam.edu.ec\/unitev\/objetivos\/","title":{"rendered":"Objetivos"},"content":{"rendered":"\n<p>Los objetivos de la Unidad Acad\u00e9mica de Formaci\u00f3n T\u00e9cnica y Tecnol\u00f3gica Superior son los siguientes:<\/p>\n\n\n\n<p class=\"has-medium-font-size\"><strong>Formaci\u00f3n universitaria:<\/strong><\/p>\n\n\n\n<p>Desarrollar un modelo de gesti\u00f3n acad\u00e9mica, articulando las funciones sustantivas de la universidad, garantizando una educaci\u00f3n superior de calidad en los \u00e1mbitos t\u00e9cnicos y tecnol\u00f3gicos, priorizando el saber hacer para dar respuestas a las necesidades del desarrollo local, regional y nacional.<\/p>\n\n\n\n<p class=\"has-medium-font-size\"><strong>Investigaci\u00f3n:<\/strong><\/p>\n\n\n\n<p>Generar conocimientos cient\u00edficos, t\u00e9cnicos, tecnol\u00f3gicos y rescatar los saberes ancestrales, a trav\u00e9s de la din\u00e1mica de los procesos de investigaci\u00f3n, para resolver los principales problemas del pa\u00eds mejorando la calidad de vida.<\/p>\n\n\n\n<p class=\"has-medium-font-size\"><strong>Vinculaci\u00f3n con la sociedad:<\/strong><\/p>\n\n\n\n<p>Extender los procesos de vinculaci\u00f3n con la sociedad, difundiendo los saberes y culturas, la prestaci\u00f3n de servicios especializados, articulados a la docencia e investigaci\u00f3n que contribuyan al desarrollo de la sociedad en general.<\/p>\n\n\n\n<p class=\"has-medium-font-size\"><strong>Cultura y deporte:<\/strong><\/p>\n\n\n\n<p>Fortalecer las manifestaciones culturales y deportivas individuales y colectivas de la comunidad universitaria y sociedad, articulados a la docencia, investigaci\u00f3n y vinculaci\u00f3n hacia la construcci\u00f3n de una sociedad eficiente, justa y solidaria.<\/p>\n","protected":false},"excerpt":{"rendered":"<p>Los objetivos de la Unidad Acad\u00e9mica de Formaci\u00f3n T\u00e9cnica y Tecnol\u00f3gica Superior son los siguientes: Formaci\u00f3n universitaria: Desarrollar un modelo de gesti\u00f3n acad\u00e9mica, articulando las funciones sustantivas de la universidad, garantizando una educaci\u00f3n superior de calidad en los \u00e1mbitos t\u00e9cnicos [&hellip;]<\/p>\n","protected":false},"author":70,"featured_media":0,"parent":0,"menu_order":0,"comment_status":"closed","ping_status":"closed","template":"","meta":{"_acf_changed":false,"footnotes":""},"class_list":["post-26","page","type-page","status-publish","hentry"],"acf":[],"_links":{"self":[{"href":"https:\/\/carreras.uleam.edu.ec\/unitev\/wp-json\/wp\/v2\/pages\/26","targetHints":{"allow":["GET"]}}],"collection":[{"href":"https:\/\/carreras.uleam.edu.ec\/unitev\/wp-json\/wp\/v2\/pages"}],"about":[{"href":"https:\/\/carreras.uleam.edu.ec\/unitev\/wp-json\/wp\/v2\/types\/page"}],"author":[{"embeddable":true,"href":"https:\/\/carreras.uleam.edu.ec\/unitev\/wp-json\/wp\/v2\/users\/70"}],"replies":[{"embeddable":true,"href":"https:\/\/carreras.uleam.edu.ec\/unitev\/wp-json\/wp\/v2\/comments?post=26"}],"version-history":[{"count":5,"href":"https:\/\/carreras.uleam.edu.ec\/unitev\/wp-json\/wp\/v2\/pages\/26\/revisions"}],"predecessor-version":[{"id":373,"href":"https:\/\/carreras.uleam.edu.ec\/unitev\/wp-json\/wp\/v2\/pages\/26\/revisions\/373"}],"wp:attachment":[{"href":"https:\/\/carreras.uleam.edu.ec\/unitev\/wp-json\/wp\/v2\/media?parent=26"}],"curies":[{"name":"wp","href":"https:\/\/api.w.org\/{rel}","templated":true}]}}