{"id":28,"date":"2021-09-03T15:13:38","date_gmt":"2021-09-03T15:13:38","guid":{"rendered":"https:\/\/carreras.uleam.edu.ec\/uaftt\/?page_id=28"},"modified":"2022-07-01T01:51:22","modified_gmt":"2022-07-01T01:51:22","slug":"fundamentos-legales","status":"publish","type":"page","link":"https:\/\/carreras.uleam.edu.ec\/unitev\/fundamentos-legales\/","title":{"rendered":"Fundamentos legales"},"content":{"rendered":"\t\t<div data-elementor-type=\"wp-page\" data-elementor-id=\"28\" class=\"elementor elementor-28\" data-elementor-settings=\"[]\">\n\t\t\t\t\t\t\t<div class=\"elementor-section-wrap\">\n\t\t\t\t\t\t\t<section class=\"elementor-section elementor-top-section elementor-element elementor-element-3f47ce9 elementor-section-boxed elementor-section-height-default elementor-section-height-default\" data-id=\"3f47ce9\" data-element_type=\"section\">\n\t\t\t\t\t\t<div class=\"elementor-container elementor-column-gap-default\">\n\t\t\t\t\t<div class=\"elementor-column elementor-col-100 elementor-top-column elementor-element elementor-element-47efd6c\" data-id=\"47efd6c\" data-element_type=\"column\">\n\t\t\t<div class=\"elementor-widget-wrap elementor-element-populated\">\n\t\t\t\t\t\t\t\t<div class=\"elementor-element elementor-element-4e15fe6 elementor-widget elementor-widget-text-editor\" data-id=\"4e15fe6\" data-element_type=\"widget\" data-widget_type=\"text-editor.default\">\n\t\t\t\t<div class=\"elementor-widget-container\">\n\t\t\t\t\t\t\t\t<ol><li><a href=\"https:\/\/carreras.uleam.edu.ec\/uaftt\/wp-content\/uploads\/sites\/68\/2022\/02\/Resolucion-No.087-2020-Of.087-SO11-RECTOR-CREACION-UNIDAD-EDUCACION-TECNICA.pdf\">Resoluci\u00f3n Consejo Acad\u00e9mico<\/a><\/li><li><a href=\"https:\/\/carreras.uleam.edu.ec\/uaftt\/wp-content\/uploads\/sites\/68\/2022\/02\/UNIDAD-TECNICA-TECNOLOGICA-RESOLUCION-OCS-SE-009-No.082-2020.pdf\" target=\"_blank\" rel=\"noopener\">Resoluci\u00f3n de \u00d3rgano Colegiado Superior RESOLUCI\u00d3N-OCS-SE-009-No.082-2020<\/a><\/li><li><a href=\"https:\/\/carreras.uleam.edu.ec\/uaftt\/wp-content\/uploads\/sites\/68\/2022\/02\/AUTORIZACION-CES-RPC-SO-05-No.139-2021.pdf\" target=\"_blank\" rel=\"noopener\">Resoluci\u00f3n CES\u00a0&#8211; RPC-SO-05-No.139-2021<\/a><\/li><li><a href=\"https:\/\/carreras.uleam.edu.ec\/uaftt\/wp-content\/uploads\/sites\/68\/2022\/07\/REGLAMENTO-UNIDAD-ACADEMICA-DE-FORMACION-TECNICA-Y-TECNOLOGICA-1.pdf\">Reglamento UAFTT<\/a><\/li><\/ol>\t\t\t\t\t\t<\/div>\n\t\t\t\t<\/div>\n\t\t\t\t\t<\/div>\n\t\t<\/div>\n\t\t\t\t\t\t\t<\/div>\n\t\t<\/section>\n\t\t\t\t\t\t<\/div>\n\t\t\t\t\t<\/div>\n\t\t","protected":false},"excerpt":{"rendered":"<p>Resoluci\u00f3n Consejo Acad\u00e9mico Resoluci\u00f3n de \u00d3rgano Colegiado Superior RESOLUCI\u00d3N-OCS-SE-009-No.082-2020 Resoluci\u00f3n CES\u00a0&#8211; RPC-SO-05-No.139-2021 Reglamento UAFTT<\/p>\n","protected":false},"author":70,"featured_media":0,"parent":0,"menu_order":0,"comment_status":"closed","ping_status":"closed","template":"","meta":{"_acf_changed":false,"footnotes":""},"class_list":["post-28","page","type-page","status-publish","hentry"],"acf":[],"_links":{"self":[{"href":"https:\/\/carreras.uleam.edu.ec\/unitev\/wp-json\/wp\/v2\/pages\/28","targetHints":{"allow":["GET"]}}],"collection":[{"href":"https:\/\/carreras.uleam.edu.ec\/unitev\/wp-json\/wp\/v2\/pages"}],"about":[{"href":"https:\/\/carreras.uleam.edu.ec\/unitev\/wp-json\/wp\/v2\/types\/page"}],"author":[{"embeddable":true,"href":"https:\/\/carreras.uleam.edu.ec\/unitev\/wp-json\/wp\/v2\/users\/70"}],"replies":[{"embeddable":true,"href":"https:\/\/carreras.uleam.edu.ec\/unitev\/wp-json\/wp\/v2\/comments?post=28"}],"version-history":[{"count":10,"href":"https:\/\/carreras.uleam.edu.ec\/unitev\/wp-json\/wp\/v2\/pages\/28\/revisions"}],"predecessor-version":[{"id":686,"href":"https:\/\/carreras.uleam.edu.ec\/unitev\/wp-json\/wp\/v2\/pages\/28\/revisions\/686"}],"wp:attachment":[{"href":"https:\/\/carreras.uleam.edu.ec\/unitev\/wp-json\/wp\/v2\/media?parent=28"}],"curies":[{"name":"wp","href":"https:\/\/api.w.org\/{rel}","templated":true}]}}