{"id":400,"date":"2022-06-23T14:19:07","date_gmt":"2022-06-23T14:19:07","guid":{"rendered":"https:\/\/carreras.uleam.edu.ec\/uaftt\/?page_id=400"},"modified":"2024-05-22T04:16:26","modified_gmt":"2024-05-22T04:16:26","slug":"formularios-para-tramites","status":"publish","type":"page","link":"https:\/\/carreras.uleam.edu.ec\/unitev\/formularios-para-tramites\/","title":{"rendered":"TR\u00c1MITES"},"content":{"rendered":"\t\t<div data-elementor-type=\"wp-page\" data-elementor-id=\"400\" class=\"elementor elementor-400\" data-elementor-settings=\"[]\">\n\t\t\t\t\t\t\t<div class=\"elementor-section-wrap\">\n\t\t\t\t\t\t\t<section class=\"elementor-section elementor-top-section elementor-element elementor-element-5d75fc15 elementor-section-boxed elementor-section-height-default elementor-section-height-default\" data-id=\"5d75fc15\" data-element_type=\"section\">\n\t\t\t\t\t\t<div class=\"elementor-container elementor-column-gap-default\">\n\t\t\t\t\t<div class=\"elementor-column elementor-col-100 elementor-top-column elementor-element elementor-element-3d117c6a\" data-id=\"3d117c6a\" data-element_type=\"column\">\n\t\t\t<div class=\"elementor-widget-wrap elementor-element-populated\">\n\t\t\t\t\t\t\t\t<div class=\"elementor-element elementor-element-61dc570f elementor-widget elementor-widget-text-editor\" data-id=\"61dc570f\" data-element_type=\"widget\" data-widget_type=\"text-editor.default\">\n\t\t\t\t<div class=\"elementor-widget-container\">\n\t\t\t\t\t\t\t\t<p><!-- wp:paragraph --><\/p>\n<p>En esta secci\u00f3n se muestran los formularios disponibles para realizar tr\u00e1mites en l\u00ednea en la Unidad Acad\u00e9mica:<\/p>\n<p><!-- \/wp:paragraph --><\/p>\t\t\t\t\t\t<\/div>\n\t\t\t\t<\/div>\n\t\t\t\t<div class=\"elementor-element elementor-element-5c123be elementor-tabs-view-horizontal elementor-widget elementor-widget-tabs\" data-id=\"5c123be\" data-element_type=\"widget\" data-widget_type=\"tabs.default\">\n\t\t\t\t<div class=\"elementor-widget-container\">\n\t\t\t\t\t<div class=\"elementor-tabs\">\n\t\t\t<div class=\"elementor-tabs-wrapper\" role=\"tablist\" >\n\t\t\t\t\t\t\t\t\t<div id=\"elementor-tab-title-9651\" class=\"elementor-tab-title elementor-tab-desktop-title\" aria-selected=\"true\" data-tab=\"1\" role=\"tab\" tabindex=\"0\" aria-controls=\"elementor-tab-content-9651\" aria-expanded=\"false\">Justificaci\u00f3n de inasistencia<\/div>\n\t\t\t\t\t\t\t\t\t<div id=\"elementor-tab-title-9652\" class=\"elementor-tab-title elementor-tab-desktop-title\" aria-selected=\"false\" data-tab=\"2\" role=\"tab\" tabindex=\"-1\" aria-controls=\"elementor-tab-content-9652\" aria-expanded=\"false\">Solicitud de certificados <\/div>\n\t\t\t\t\t\t\t\t\t<div id=\"elementor-tab-title-9653\" class=\"elementor-tab-title elementor-tab-desktop-title\" aria-selected=\"false\" data-tab=\"3\" role=\"tab\" tabindex=\"-1\" aria-controls=\"elementor-tab-content-9653\" aria-expanded=\"false\">Solicitud heteroevaluaci\u00f3n<\/div>\n\t\t\t\t\t\t\t<\/div>\n\t\t\t<div class=\"elementor-tabs-content-wrapper\" role=\"tablist\" aria-orientation=\"vertical\">\n\t\t\t\t\t\t\t\t\t<div class=\"elementor-tab-title elementor-tab-mobile-title\" aria-selected=\"true\" data-tab=\"1\" role=\"tab\" tabindex=\"0\" aria-controls=\"elementor-tab-content-9651\" aria-expanded=\"false\">Justificaci\u00f3n de inasistencia<\/div>\n\t\t\t\t\t<div id=\"elementor-tab-content-9651\" class=\"elementor-tab-content elementor-clearfix\" data-tab=\"1\" role=\"tabpanel\" aria-labelledby=\"elementor-tab-title-9651\" tabindex=\"0\" hidden=\"false\"><ul>\n<li class=\"elementor-icon-list-item\"><a href=\"https:\/\/forms.office.com\/r\/g3878AK8eA\"><i class=\"far fa-check-circle\" aria-hidden=\"true\"><\/i><span class=\"elementor-icon-list-text\">Tecnolog\u00eda Superior en Riego y Producci\u00f3n Agr\u00edcola<\/span><\/a><\/li>\n<li class=\"elementor-icon-list-item\"><a href=\"https:\/\/forms.office.com\/r\/vE6xie6616\"><i class=\"fas fa-check-circle\" aria-hidden=\"true\"><\/i><span class=\"elementor-icon-list-text\">Explotaci\u00f3n y Mantenimiento de Equipos Biom\u00e9dicos<\/span><\/a><\/li>\n<li class=\"elementor-icon-list-item\"><a href=\"https:\/\/forms.office.com\/r\/UWLm6rDLb9\"><i class=\"far fa-check-circle\" aria-hidden=\"true\"><\/i><span class=\"elementor-icon-list-text\">Electromec\u00e1nica &#8211; Extensi\u00f3n Chone, Campus Tosagua y &#8211; Flavio Alfaro<\/span><\/a><\/li>\n<li class=\"elementor-icon-list-item\"><a href=\"https:\/\/forms.office.com\/r\/9bkLCzrVFg\"><i class=\"fas fa-check-circle\" aria-hidden=\"true\"><\/i><span class=\"elementor-icon-list-text\">Electromec\u00e1nica &#8211; Extensi\u00f3n Pedernales<\/span><\/a><\/li>\n<li class=\"elementor-icon-list-item\"><a href=\"https:\/\/forms.office.com\/r\/pppmBmyGcq\"><i class=\"far fa-check-circle\" aria-hidden=\"true\"><\/i><span class=\"elementor-icon-list-text\">Electromec\u00e1nica &#8211; Extensi\u00f3n El Carmen<\/span><\/a><\/li>\n<li class=\"elementor-icon-list-item\"><a href=\"https:\/\/forms.office.com\/r\/NxbZhAg1B7\"><i class=\"fas fa-check-circle\" aria-hidden=\"true\"><\/i><span class=\"elementor-icon-list-text\">Gastronom\u00eda &#8211; Sede Matriz Manta<\/span><\/a><\/li>\n<li class=\"elementor-icon-list-item\"><a href=\"https:\/\/forms.office.com\/r\/LKKV7tSYcu\"><i class=\"far fa-check-circle\" aria-hidden=\"true\"><\/i><span class=\"elementor-icon-list-text\">Gastronom\u00eda &#8211; Extensi\u00f3n Chone \u2013 Campus Tosagua<\/span><\/a><\/li>\n<li class=\"elementor-icon-list-item\"><a href=\"https:\/\/forms.office.com\/r\/GFXRp5WYyq\"><i class=\"fas fa-check-circle\" aria-hidden=\"true\"><\/i><span class=\"elementor-icon-list-text\">Gastronom\u00eda &#8211; Extensi\u00f3n Sucre<\/span><\/a><\/li>\n<li class=\"elementor-icon-list-item\"><a href=\"https:\/\/forms.office.com\/r\/3ETkpenygy\"><i class=\"far fa-check-circle\" aria-hidden=\"true\"><\/i><span class=\"elementor-icon-list-text\">Gastronom\u00eda &#8211; Extensi\u00f3n Pedernales<\/span><\/a><\/li>\n<li class=\"elementor-icon-list-item\"><a href=\"https:\/\/forms.office.com\/r\/3h6RbMGnga\"><i class=\"fas fa-check-circle\" aria-hidden=\"true\"><\/i><span class=\"elementor-icon-list-text\">Construcci\u00f3n Sismorresistente<\/span><\/a><\/li>\n<li class=\"elementor-icon-list-item\"><a href=\"https:\/\/forms.office.com\/r\/G93aqAhjMR\"><i class=\"far fa-check-circle\" aria-hidden=\"true\"><\/i><span class=\"elementor-icon-list-text\">Comunicaci\u00f3n para Televisi\u00f3n, Relaciones P\u00fablicas y Protocolo<\/span><\/a><\/li>\n<\/ul><\/div>\n\t\t\t\t\t\t\t\t\t<div class=\"elementor-tab-title elementor-tab-mobile-title\" aria-selected=\"false\" data-tab=\"2\" role=\"tab\" tabindex=\"-1\" aria-controls=\"elementor-tab-content-9652\" aria-expanded=\"false\">Solicitud de certificados <\/div>\n\t\t\t\t\t<div id=\"elementor-tab-content-9652\" class=\"elementor-tab-content elementor-clearfix\" data-tab=\"2\" role=\"tabpanel\" aria-labelledby=\"elementor-tab-title-9652\" tabindex=\"0\" hidden=\"hidden\"><ul class=\"elementor-icon-list-items\">\n<li class=\"elementor-icon-list-item\">\u00a0<\/li>\n<li class=\"elementor-icon-list-item\"><i class=\"fas fa-edit\" aria-hidden=\"true\"><\/i><a href=\"https:\/\/forms.office.com\/r\/KjjTa42ew9\"><span class=\"elementor-icon-list-text\">Solicitud de certificado acad\u00e9mico de estudio<\/span><\/a><\/li>\n<li class=\"elementor-icon-list-item\"><a href=\"https:\/\/forms.office.com\/r\/hgi8uwggyd\"><i class=\"fas fa-book-reader\" aria-hidden=\"true\"><\/i><span class=\"elementor-icon-list-text\">Solicitud de certificado de calificaciones<\/span><\/a><\/li>\n<\/ul><\/div>\n\t\t\t\t\t\t\t\t\t<div class=\"elementor-tab-title elementor-tab-mobile-title\" aria-selected=\"false\" data-tab=\"3\" role=\"tab\" tabindex=\"-1\" aria-controls=\"elementor-tab-content-9653\" aria-expanded=\"false\">Solicitud heteroevaluaci\u00f3n<\/div>\n\t\t\t\t\t<div id=\"elementor-tab-content-9653\" class=\"elementor-tab-content elementor-clearfix\" data-tab=\"3\" role=\"tabpanel\" aria-labelledby=\"elementor-tab-title-9653\" tabindex=\"0\" hidden=\"hidden\"><p><a href=\"https:\/\/forms.office.com\/r\/GAUbpkcMHC\" target=\"_blank\" rel=\"noopener\">Solicitud habilitaci\u00f3n heteroevaluaci\u00f3n<\/a><\/p><\/div>\n\t\t\t\t\t\t\t<\/div>\n\t\t<\/div>\n\t\t\t\t<\/div>\n\t\t\t\t<\/div>\n\t\t\t\t\t<\/div>\n\t\t<\/div>\n\t\t\t\t\t\t\t<\/div>\n\t\t<\/section>\n\t\t\t\t\t\t<\/div>\n\t\t\t\t\t<\/div>\n\t\t","protected":false},"excerpt":{"rendered":"<p>En esta secci\u00f3n se muestran los formularios disponibles para realizar tr\u00e1mites en l\u00ednea en la Unidad Acad\u00e9mica: Justificaci\u00f3n de inasistencia Solicitud de certificados Solicitud heteroevaluaci\u00f3n Justificaci\u00f3n de inasistencia Tecnolog\u00eda Superior en Riego y Producci\u00f3n Agr\u00edcola Explotaci\u00f3n y Mantenimiento de Equipos [&hellip;]<\/p>\n","protected":false},"author":1018,"featured_media":0,"parent":0,"menu_order":0,"comment_status":"closed","ping_status":"closed","template":"","meta":{"_acf_changed":false,"footnotes":""},"class_list":["post-400","page","type-page","status-publish","hentry"],"acf":[],"_links":{"self":[{"href":"https:\/\/carreras.uleam.edu.ec\/unitev\/wp-json\/wp\/v2\/pages\/400","targetHints":{"allow":["GET"]}}],"collection":[{"href":"https:\/\/carreras.uleam.edu.ec\/unitev\/wp-json\/wp\/v2\/pages"}],"about":[{"href":"https:\/\/carreras.uleam.edu.ec\/unitev\/wp-json\/wp\/v2\/types\/page"}],"author":[{"embeddable":true,"href":"https:\/\/carreras.uleam.edu.ec\/unitev\/wp-json\/wp\/v2\/users\/1018"}],"replies":[{"embeddable":true,"href":"https:\/\/carreras.uleam.edu.ec\/unitev\/wp-json\/wp\/v2\/comments?post=400"}],"version-history":[{"count":47,"href":"https:\/\/carreras.uleam.edu.ec\/unitev\/wp-json\/wp\/v2\/pages\/400\/revisions"}],"predecessor-version":[{"id":1382,"href":"https:\/\/carreras.uleam.edu.ec\/unitev\/wp-json\/wp\/v2\/pages\/400\/revisions\/1382"}],"wp:attachment":[{"href":"https:\/\/carreras.uleam.edu.ec\/unitev\/wp-json\/wp\/v2\/media?parent=400"}],"curies":[{"name":"wp","href":"https:\/\/api.w.org\/{rel}","templated":true}]}}