{"id":421,"date":"2022-06-27T18:53:04","date_gmt":"2022-06-27T18:53:04","guid":{"rendered":"https:\/\/carreras.uleam.edu.ec\/uaftt\/?page_id=421"},"modified":"2022-07-01T02:36:30","modified_gmt":"2022-07-01T02:36:30","slug":"comision-academica","status":"publish","type":"page","link":"https:\/\/carreras.uleam.edu.ec\/unitev\/comision-academica\/","title":{"rendered":"COMISI\u00d3N ACAD\u00c9MICA"},"content":{"rendered":"\t\t<div data-elementor-type=\"wp-page\" data-elementor-id=\"421\" class=\"elementor elementor-421\" data-elementor-settings=\"[]\">\n\t\t\t\t\t\t\t<div class=\"elementor-section-wrap\">\n\t\t\t\t\t\t\t<section class=\"elementor-section elementor-top-section elementor-element elementor-element-103f33d5 elementor-section-boxed elementor-section-height-default elementor-section-height-default\" data-id=\"103f33d5\" data-element_type=\"section\">\n\t\t\t\t\t\t<div class=\"elementor-container elementor-column-gap-default\">\n\t\t\t\t\t<div class=\"elementor-column elementor-col-100 elementor-top-column elementor-element elementor-element-386d0f1c\" data-id=\"386d0f1c\" data-element_type=\"column\">\n\t\t\t<div class=\"elementor-widget-wrap elementor-element-populated\">\n\t\t\t\t\t\t\t\t<div class=\"elementor-element elementor-element-07d493f elementor-tabs-view-horizontal elementor-widget elementor-widget-tabs\" data-id=\"07d493f\" data-element_type=\"widget\" data-widget_type=\"tabs.default\">\n\t\t\t\t<div class=\"elementor-widget-container\">\n\t\t\t\t\t<div class=\"elementor-tabs\">\n\t\t\t<div class=\"elementor-tabs-wrapper\" role=\"tablist\" >\n\t\t\t\t\t\t\t\t\t<div id=\"elementor-tab-title-8211\" class=\"elementor-tab-title elementor-tab-desktop-title\" aria-selected=\"true\" data-tab=\"1\" role=\"tab\" tabindex=\"0\" aria-controls=\"elementor-tab-content-8211\" aria-expanded=\"false\">Responsable<\/div>\n\t\t\t\t\t\t\t\t\t<div id=\"elementor-tab-title-8212\" class=\"elementor-tab-title elementor-tab-desktop-title\" aria-selected=\"false\" data-tab=\"2\" role=\"tab\" tabindex=\"-1\" aria-controls=\"elementor-tab-content-8212\" aria-expanded=\"false\">Atribuciones<\/div>\n\t\t\t\t\t\t\t<\/div>\n\t\t\t<div class=\"elementor-tabs-content-wrapper\" role=\"tablist\" aria-orientation=\"vertical\">\n\t\t\t\t\t\t\t\t\t<div class=\"elementor-tab-title elementor-tab-mobile-title\" aria-selected=\"true\" data-tab=\"1\" role=\"tab\" tabindex=\"0\" aria-controls=\"elementor-tab-content-8211\" aria-expanded=\"false\">Responsable<\/div>\n\t\t\t\t\t<div id=\"elementor-tab-content-8211\" class=\"elementor-tab-content elementor-clearfix\" data-tab=\"1\" role=\"tabpanel\" aria-labelledby=\"elementor-tab-title-8211\" tabindex=\"0\" hidden=\"false\"><ul>\n<li><img loading=\"lazy\" decoding=\"async\" class=\"size-full wp-image-688 aligncenter\" src=\"https:\/\/carreras.uleam.edu.ec\/uaftt\/wp-content\/uploads\/sites\/68\/2022\/07\/CA-150X150.jpg\" alt=\"\" width=\"150\" height=\"150\" srcset=\"https:\/\/carreras.uleam.edu.ec\/unitev\/wp-content\/uploads\/sites\/68\/2022\/07\/CA-150X150.jpg 150w, https:\/\/carreras.uleam.edu.ec\/unitev\/wp-content\/uploads\/sites\/68\/2022\/07\/CA-150X150-100x100.jpg 100w\" sizes=\"auto, (max-width: 150px) 100vw, 150px\" \/><\/li>\n<li class=\"elementor-icon-box-description\">Lcda. Felisa Meza Intriago, Mg.\n<ul>\n<li class=\"elementor-icon-box-description\">felisa.meza@uleam.edu.ec<\/li>\n<li class=\"elementor-icon-box-description\">uaftt.coacademica@uleam.edu.ec<\/li>\n<li>\u00a0<\/li>\n<\/ul>\n<\/li>\n<\/ul>\n<p>La comisi\u00f3n Acad\u00e9mica es un \u00f3rgano asesor del <strong>Consejo de la Unidad Acad\u00e9mica de Formaci\u00f3n T\u00e9cnica y Tecnol\u00f3gica Superior<\/strong>, y ser\u00e1 designada por \u00e9ste. Estar\u00e1n integrada de acuerdo con lo establecido en el Art\u00edculo 169 del Estatuto vigente, adem\u00e1s dos representantes de los\/as estudiantes que hayan aprobado al menos el veinticinco por ciento de la malla curricular y acreditar un promedio no menor a ocho (8\/10).<\/p>\n<p>La Comisi\u00f3n Acad\u00e9mica ser\u00e1 presidida por el Decano\/a o su delegado\/a.<\/p>\n<p>La Comisi\u00f3n Acad\u00e9mica, armonizar\u00e1, coordinar\u00e1 y colaborar\u00e1 activamente con la Comisi\u00f3n de Aseguramiento de la Calidad de las carreras.<\/p><\/div>\n\t\t\t\t\t\t\t\t\t<div class=\"elementor-tab-title elementor-tab-mobile-title\" aria-selected=\"false\" data-tab=\"2\" role=\"tab\" tabindex=\"-1\" aria-controls=\"elementor-tab-content-8212\" aria-expanded=\"false\">Atribuciones<\/div>\n\t\t\t\t\t<div id=\"elementor-tab-content-8212\" class=\"elementor-tab-content elementor-clearfix\" data-tab=\"2\" role=\"tabpanel\" aria-labelledby=\"elementor-tab-title-8212\" tabindex=\"0\" hidden=\"hidden\"><ol>\n<li>Revisar los dise\u00f1os, redise\u00f1os, planes de estudios, mallas curriculares y recomendar al Consejo de la Unidad sus reformas e implementaci\u00f3n;<\/li>\n<li>Revisar los programas de estudio y s\u00edlabos; dise\u00f1ar perfiles profesionales, proponiendo las pol\u00edticas y cambios que se considere necesarios en el \u00e1rea acad\u00e9mica y ponerlos a consideraci\u00f3n del Consejo de la Unidad Acad\u00e9mica de Formaci\u00f3n T\u00e9cnica y Tecnol\u00f3gica Superior;<\/li>\n<li>Analizar los programas de estudios de los\/as estudiantes provenientes de otras carreras de la Universidad Laica \u201cEloy Alfaro\u201d de Manab\u00ed o de otras universidades de la provincia, el pa\u00eds o el extranjero que soliciten homologaci\u00f3n de estudios, garantizando la movilidad interna y externa a ecuatorianos\/as o extranjeros e informar de \u00e9ste an\u00e1lisis al Consejo de la Unidad Acad\u00e9mica de Formaci\u00f3n T\u00e9cnica y Tecnol\u00f3gica Superior;<\/li>\n<li>Asumir la responsabilidad del proceso de los trabajos de titulaci\u00f3n de los\/as estudiantes de la Unidad Acad\u00e9mica;<\/li>\n<\/ol><\/div>\n\t\t\t\t\t\t\t<\/div>\n\t\t<\/div>\n\t\t\t\t<\/div>\n\t\t\t\t<\/div>\n\t\t\t\t\t<\/div>\n\t\t<\/div>\n\t\t\t\t\t\t\t<\/div>\n\t\t<\/section>\n\t\t\t\t\t\t<\/div>\n\t\t\t\t\t<\/div>\n\t\t","protected":false},"excerpt":{"rendered":"<p>Responsable Atribuciones Responsable Lcda. Felisa Meza Intriago, Mg. felisa.meza@uleam.edu.ec uaftt.coacademica@uleam.edu.ec \u00a0 La comisi\u00f3n Acad\u00e9mica es un \u00f3rgano asesor del Consejo de la Unidad Acad\u00e9mica de Formaci\u00f3n T\u00e9cnica y Tecnol\u00f3gica Superior, y ser\u00e1 designada por \u00e9ste. Estar\u00e1n integrada de acuerdo con [&hellip;]<\/p>\n","protected":false},"author":1018,"featured_media":0,"parent":0,"menu_order":0,"comment_status":"closed","ping_status":"closed","template":"","meta":{"_acf_changed":false,"footnotes":""},"class_list":["post-421","page","type-page","status-publish","hentry"],"acf":[],"_links":{"self":[{"href":"https:\/\/carreras.uleam.edu.ec\/unitev\/wp-json\/wp\/v2\/pages\/421","targetHints":{"allow":["GET"]}}],"collection":[{"href":"https:\/\/carreras.uleam.edu.ec\/unitev\/wp-json\/wp\/v2\/pages"}],"about":[{"href":"https:\/\/carreras.uleam.edu.ec\/unitev\/wp-json\/wp\/v2\/types\/page"}],"author":[{"embeddable":true,"href":"https:\/\/carreras.uleam.edu.ec\/unitev\/wp-json\/wp\/v2\/users\/1018"}],"replies":[{"embeddable":true,"href":"https:\/\/carreras.uleam.edu.ec\/unitev\/wp-json\/wp\/v2\/comments?post=421"}],"version-history":[{"count":10,"href":"https:\/\/carreras.uleam.edu.ec\/unitev\/wp-json\/wp\/v2\/pages\/421\/revisions"}],"predecessor-version":[{"id":706,"href":"https:\/\/carreras.uleam.edu.ec\/unitev\/wp-json\/wp\/v2\/pages\/421\/revisions\/706"}],"wp:attachment":[{"href":"https:\/\/carreras.uleam.edu.ec\/unitev\/wp-json\/wp\/v2\/media?parent=421"}],"curies":[{"name":"wp","href":"https:\/\/api.w.org\/{rel}","templated":true}]}}