{"id":425,"date":"2022-06-27T18:53:52","date_gmt":"2022-06-27T18:53:52","guid":{"rendered":"https:\/\/carreras.uleam.edu.ec\/uaftt\/?page_id=425"},"modified":"2022-07-01T06:03:29","modified_gmt":"2022-07-01T06:03:29","slug":"vinculacion","status":"publish","type":"page","link":"https:\/\/carreras.uleam.edu.ec\/unitev\/vinculacion\/","title":{"rendered":"VINCULACI\u00d3N, PR\u00c1CTICAS Y PASANTIAS"},"content":{"rendered":"\t\t<div data-elementor-type=\"wp-page\" data-elementor-id=\"425\" class=\"elementor elementor-425\" data-elementor-settings=\"[]\">\n\t\t\t\t\t\t\t<div class=\"elementor-section-wrap\">\n\t\t\t\t\t\t\t<section class=\"elementor-section elementor-top-section elementor-element elementor-element-75f6d80a elementor-section-boxed elementor-section-height-default elementor-section-height-default\" data-id=\"75f6d80a\" data-element_type=\"section\">\n\t\t\t\t\t\t<div class=\"elementor-container elementor-column-gap-default\">\n\t\t\t\t\t<div class=\"elementor-column elementor-col-100 elementor-top-column elementor-element elementor-element-37a99492\" data-id=\"37a99492\" data-element_type=\"column\">\n\t\t\t<div class=\"elementor-widget-wrap elementor-element-populated\">\n\t\t\t\t\t\t\t\t<div class=\"elementor-element elementor-element-b2c98c9 elementor-tabs-view-horizontal elementor-widget elementor-widget-tabs\" data-id=\"b2c98c9\" data-element_type=\"widget\" data-widget_type=\"tabs.default\">\n\t\t\t\t<div class=\"elementor-widget-container\">\n\t\t\t\t\t<div class=\"elementor-tabs\">\n\t\t\t<div class=\"elementor-tabs-wrapper\" role=\"tablist\" >\n\t\t\t\t\t\t\t\t\t<div id=\"elementor-tab-title-1871\" class=\"elementor-tab-title elementor-tab-desktop-title\" aria-selected=\"true\" data-tab=\"1\" role=\"tab\" tabindex=\"0\" aria-controls=\"elementor-tab-content-1871\" aria-expanded=\"false\">Responsable<\/div>\n\t\t\t\t\t\t\t\t\t<div id=\"elementor-tab-title-1872\" class=\"elementor-tab-title elementor-tab-desktop-title\" aria-selected=\"false\" data-tab=\"2\" role=\"tab\" tabindex=\"-1\" aria-controls=\"elementor-tab-content-1872\" aria-expanded=\"false\">Atribuciones<\/div>\n\t\t\t\t\t\t\t<\/div>\n\t\t\t<div class=\"elementor-tabs-content-wrapper\" role=\"tablist\" aria-orientation=\"vertical\">\n\t\t\t\t\t\t\t\t\t<div class=\"elementor-tab-title elementor-tab-mobile-title\" aria-selected=\"true\" data-tab=\"1\" role=\"tab\" tabindex=\"0\" aria-controls=\"elementor-tab-content-1871\" aria-expanded=\"false\">Responsable<\/div>\n\t\t\t\t\t<div id=\"elementor-tab-content-1871\" class=\"elementor-tab-content elementor-clearfix\" data-tab=\"1\" role=\"tabpanel\" aria-labelledby=\"elementor-tab-title-1871\" tabindex=\"0\" hidden=\"false\"><p><img loading=\"lazy\" decoding=\"async\" class=\"wp-image-714 aligncenter\" src=\"https:\/\/carreras.uleam.edu.ec\/uaftt\/wp-content\/uploads\/sites\/68\/2022\/07\/CV-150X150.jpg\" alt=\"\" width=\"201\" height=\"183\" \/><\/p>\n<ul>\n<li class=\"elementor-icon-box-description\">Ing. Jean Carlos V\u00e9lez Esparza\n<ul>\n<li class=\"elementor-icon-box-description\">jeanc.velez@uleam.edu.ec<\/li>\n<li class=\"elementor-icon-box-description\">uaftt.comvi@uleam.edu.ec<\/li>\n<li>\u00a0<\/li>\n<\/ul>\n<\/li>\n<\/ul>\n<p>Es el encargado de la articulaci\u00f3n y transferencia de los conocimientos de los dominios cient\u00edficos de la universidad hacia el territorio. Trabajar\u00e1 en coordinaci\u00f3n directa con la Direcci\u00f3n de Vinculaci\u00f3n y Emprendimiento y la Direcci\u00f3n de Investigaci\u00f3n e Innovaci\u00f3n Social y Tecnol\u00f3gica<\/p><\/div>\n\t\t\t\t\t\t\t\t\t<div class=\"elementor-tab-title elementor-tab-mobile-title\" aria-selected=\"false\" data-tab=\"2\" role=\"tab\" tabindex=\"-1\" aria-controls=\"elementor-tab-content-1872\" aria-expanded=\"false\">Atribuciones<\/div>\n\t\t\t\t\t<div id=\"elementor-tab-content-1872\" class=\"elementor-tab-content elementor-clearfix\" data-tab=\"2\" role=\"tabpanel\" aria-labelledby=\"elementor-tab-title-1872\" tabindex=\"0\" hidden=\"hidden\"><ol>\n<li>Garantizar el cumplimiento de los lineamientos institucionales de vinculaci\u00f3n y los manuales de procedimientos establecidos, para los procesos de vinculaci\u00f3n;<\/li>\n<li>Planificar las actividades de vinculaci\u00f3n considerando los programas, proyectos que respondan a las necesidades del territorio, identificadas en el estudio de pertinencia de las carreras y que responden al an\u00e1lisis de la situaci\u00f3n local, regional o nacional y las prioridades contempladas en el Plan Estrat\u00e9gico de Desarrollo Institucional;<\/li>\n<li>Presentar a la Comisi\u00f3n Acad\u00e9mica la planificaci\u00f3n de las actividades, el alcance territorial y las horas de trabajo en los proyectos de vinculaci\u00f3n para que sirvan de sustento en la asignaci\u00f3n de la carga horaria de los docentes;<\/li>\n<li>Articular los ejes estrat\u00e9gicos de desarrollo de actores y sectores, los objetivos de la planificaci\u00f3n nacional, las necesidades y demandas de los territorios, con las tendencias del conocimiento y de la profesi\u00f3n; dentro de programas y proyectos de investigaci\u00f3n- acci\u00f3n, vinculaci\u00f3n;<\/li>\n<\/ol><\/div>\n\t\t\t\t\t\t\t<\/div>\n\t\t<\/div>\n\t\t\t\t<\/div>\n\t\t\t\t<\/div>\n\t\t\t\t\t<\/div>\n\t\t<\/div>\n\t\t\t\t\t\t\t<\/div>\n\t\t<\/section>\n\t\t\t\t\t\t<\/div>\n\t\t\t\t\t<\/div>\n\t\t","protected":false},"excerpt":{"rendered":"<p>Responsable Atribuciones Responsable Ing. Jean Carlos V\u00e9lez Esparza jeanc.velez@uleam.edu.ec uaftt.comvi@uleam.edu.ec \u00a0 Es el encargado de la articulaci\u00f3n y transferencia de los conocimientos de los dominios cient\u00edficos de la universidad hacia el territorio. Trabajar\u00e1 en coordinaci\u00f3n directa con la Direcci\u00f3n de [&hellip;]<\/p>\n","protected":false},"author":1018,"featured_media":0,"parent":0,"menu_order":0,"comment_status":"closed","ping_status":"closed","template":"","meta":{"_acf_changed":false,"footnotes":""},"class_list":["post-425","page","type-page","status-publish","hentry"],"acf":[],"_links":{"self":[{"href":"https:\/\/carreras.uleam.edu.ec\/unitev\/wp-json\/wp\/v2\/pages\/425","targetHints":{"allow":["GET"]}}],"collection":[{"href":"https:\/\/carreras.uleam.edu.ec\/unitev\/wp-json\/wp\/v2\/pages"}],"about":[{"href":"https:\/\/carreras.uleam.edu.ec\/unitev\/wp-json\/wp\/v2\/types\/page"}],"author":[{"embeddable":true,"href":"https:\/\/carreras.uleam.edu.ec\/unitev\/wp-json\/wp\/v2\/users\/1018"}],"replies":[{"embeddable":true,"href":"https:\/\/carreras.uleam.edu.ec\/unitev\/wp-json\/wp\/v2\/comments?post=425"}],"version-history":[{"count":5,"href":"https:\/\/carreras.uleam.edu.ec\/unitev\/wp-json\/wp\/v2\/pages\/425\/revisions"}],"predecessor-version":[{"id":717,"href":"https:\/\/carreras.uleam.edu.ec\/unitev\/wp-json\/wp\/v2\/pages\/425\/revisions\/717"}],"wp:attachment":[{"href":"https:\/\/carreras.uleam.edu.ec\/unitev\/wp-json\/wp\/v2\/media?parent=425"}],"curies":[{"name":"wp","href":"https:\/\/api.w.org\/{rel}","templated":true}]}}