{"id":427,"date":"2022-06-27T18:54:15","date_gmt":"2022-06-27T18:54:15","guid":{"rendered":"https:\/\/carreras.uleam.edu.ec\/uaftt\/?page_id=427"},"modified":"2022-07-01T06:25:36","modified_gmt":"2022-07-01T06:25:36","slug":"admision-y-nivelacion","status":"publish","type":"page","link":"https:\/\/carreras.uleam.edu.ec\/unitev\/admision-y-nivelacion\/","title":{"rendered":"ADMISI\u00d3N Y NIVELACI\u00d3N"},"content":{"rendered":"\t\t<div data-elementor-type=\"wp-page\" data-elementor-id=\"427\" class=\"elementor elementor-427\" data-elementor-settings=\"[]\">\n\t\t\t\t\t\t\t<div class=\"elementor-section-wrap\">\n\t\t\t\t\t\t\t<section class=\"elementor-section elementor-top-section elementor-element elementor-element-25595956 elementor-section-boxed elementor-section-height-default elementor-section-height-default\" data-id=\"25595956\" data-element_type=\"section\">\n\t\t\t\t\t\t<div class=\"elementor-container elementor-column-gap-default\">\n\t\t\t\t\t<div class=\"elementor-column elementor-col-100 elementor-top-column elementor-element elementor-element-23703490\" data-id=\"23703490\" data-element_type=\"column\">\n\t\t\t<div class=\"elementor-widget-wrap elementor-element-populated\">\n\t\t\t\t\t\t\t\t<div class=\"elementor-element elementor-element-ec733ab elementor-tabs-view-horizontal elementor-widget elementor-widget-tabs\" data-id=\"ec733ab\" data-element_type=\"widget\" data-widget_type=\"tabs.default\">\n\t\t\t\t<div class=\"elementor-widget-container\">\n\t\t\t\t\t<div class=\"elementor-tabs\">\n\t\t\t<div class=\"elementor-tabs-wrapper\" role=\"tablist\" >\n\t\t\t\t\t\t\t\t\t<div id=\"elementor-tab-title-2471\" class=\"elementor-tab-title elementor-tab-desktop-title\" aria-selected=\"true\" data-tab=\"1\" role=\"tab\" tabindex=\"0\" aria-controls=\"elementor-tab-content-2471\" aria-expanded=\"false\">Responsable<\/div>\n\t\t\t\t\t\t\t\t\t<div id=\"elementor-tab-title-2472\" class=\"elementor-tab-title elementor-tab-desktop-title\" aria-selected=\"false\" data-tab=\"2\" role=\"tab\" tabindex=\"-1\" aria-controls=\"elementor-tab-content-2472\" aria-expanded=\"false\">Atribuciones<\/div>\n\t\t\t\t\t\t\t<\/div>\n\t\t\t<div class=\"elementor-tabs-content-wrapper\" role=\"tablist\" aria-orientation=\"vertical\">\n\t\t\t\t\t\t\t\t\t<div class=\"elementor-tab-title elementor-tab-mobile-title\" aria-selected=\"true\" data-tab=\"1\" role=\"tab\" tabindex=\"0\" aria-controls=\"elementor-tab-content-2471\" aria-expanded=\"false\">Responsable<\/div>\n\t\t\t\t\t<div id=\"elementor-tab-content-2471\" class=\"elementor-tab-content elementor-clearfix\" data-tab=\"1\" role=\"tabpanel\" aria-labelledby=\"elementor-tab-title-2471\" tabindex=\"0\" hidden=\"false\"><p><img loading=\"lazy\" decoding=\"async\" class=\"wp-image-719 aligncenter\" src=\"https:\/\/carreras.uleam.edu.ec\/uaftt\/wp-content\/uploads\/sites\/68\/2022\/07\/AN-150X150.jpg\" alt=\"\" width=\"161\" height=\"162\" srcset=\"https:\/\/carreras.uleam.edu.ec\/unitev\/wp-content\/uploads\/sites\/68\/2022\/07\/AN-150X150.jpg 300w, https:\/\/carreras.uleam.edu.ec\/unitev\/wp-content\/uploads\/sites\/68\/2022\/07\/AN-150X150-150x150.jpg 150w, https:\/\/carreras.uleam.edu.ec\/unitev\/wp-content\/uploads\/sites\/68\/2022\/07\/AN-150X150-100x100.jpg 100w\" sizes=\"auto, (max-width: 161px) 100vw, 161px\" \/><\/p>\n<ul>\n<li class=\"elementor-icon-box-description\">Lcda. Felisa Meza Intriago, Mg.\n<ul>\n<li class=\"elementor-icon-box-description\">felisa.meza@uleam.edu.ec<\/li>\n<li class=\"elementor-icon-box-description\">\u00a0<\/li>\n<\/ul>\n<\/li>\n<\/ul>\n<p>Es el responsable de dise\u00f1ar, proponer, ejecutar y evaluar pol\u00edticas de bienestar integral que contribuyan a la formaci\u00f3n y desarrollo humano de estudiantes, profesores, servidores y trabajadores, promoviendo el respeto, promoci\u00f3n y defensa de los derechos humanos en el contexto de la UAFTT<\/p><\/div>\n\t\t\t\t\t\t\t\t\t<div class=\"elementor-tab-title elementor-tab-mobile-title\" aria-selected=\"false\" data-tab=\"2\" role=\"tab\" tabindex=\"-1\" aria-controls=\"elementor-tab-content-2472\" aria-expanded=\"false\">Atribuciones<\/div>\n\t\t\t\t\t<div id=\"elementor-tab-content-2472\" class=\"elementor-tab-content elementor-clearfix\" data-tab=\"2\" role=\"tabpanel\" aria-labelledby=\"elementor-tab-title-2472\" tabindex=\"0\" hidden=\"hidden\"><ul>\n<li>Tendr\u00e1 bajo su responsabilidad los procesos de trabajo social, orientaci\u00f3n vocacional y profesional, psicolog\u00eda cl\u00ednica, becas, defensor\u00eda estudiantil, atenci\u00f3n en salud y seguridad ocupacional.<\/li>\n<\/ul><\/div>\n\t\t\t\t\t\t\t<\/div>\n\t\t<\/div>\n\t\t\t\t<\/div>\n\t\t\t\t<\/div>\n\t\t\t\t\t<\/div>\n\t\t<\/div>\n\t\t\t\t\t\t\t<\/div>\n\t\t<\/section>\n\t\t\t\t\t\t<\/div>\n\t\t\t\t\t<\/div>\n\t\t","protected":false},"excerpt":{"rendered":"<p>Responsable Atribuciones Responsable Lcda. Felisa Meza Intriago, Mg. felisa.meza@uleam.edu.ec \u00a0 Es el responsable de dise\u00f1ar, proponer, ejecutar y evaluar pol\u00edticas de bienestar integral que contribuyan a la formaci\u00f3n y desarrollo humano de estudiantes, profesores, servidores y trabajadores, promoviendo el respeto, [&hellip;]<\/p>\n","protected":false},"author":1018,"featured_media":0,"parent":0,"menu_order":0,"comment_status":"closed","ping_status":"closed","template":"","meta":{"_acf_changed":false,"footnotes":""},"class_list":["post-427","page","type-page","status-publish","hentry"],"acf":[],"_links":{"self":[{"href":"https:\/\/carreras.uleam.edu.ec\/unitev\/wp-json\/wp\/v2\/pages\/427","targetHints":{"allow":["GET"]}}],"collection":[{"href":"https:\/\/carreras.uleam.edu.ec\/unitev\/wp-json\/wp\/v2\/pages"}],"about":[{"href":"https:\/\/carreras.uleam.edu.ec\/unitev\/wp-json\/wp\/v2\/types\/page"}],"author":[{"embeddable":true,"href":"https:\/\/carreras.uleam.edu.ec\/unitev\/wp-json\/wp\/v2\/users\/1018"}],"replies":[{"embeddable":true,"href":"https:\/\/carreras.uleam.edu.ec\/unitev\/wp-json\/wp\/v2\/comments?post=427"}],"version-history":[{"count":7,"href":"https:\/\/carreras.uleam.edu.ec\/unitev\/wp-json\/wp\/v2\/pages\/427\/revisions"}],"predecessor-version":[{"id":725,"href":"https:\/\/carreras.uleam.edu.ec\/unitev\/wp-json\/wp\/v2\/pages\/427\/revisions\/725"}],"wp:attachment":[{"href":"https:\/\/carreras.uleam.edu.ec\/unitev\/wp-json\/wp\/v2\/media?parent=427"}],"curies":[{"name":"wp","href":"https:\/\/api.w.org\/{rel}","templated":true}]}}