{"id":59,"date":"2021-09-03T15:21:29","date_gmt":"2021-09-03T15:21:29","guid":{"rendered":"https:\/\/carreras.uleam.edu.ec\/uaftt\/?page_id=59"},"modified":"2023-08-14T05:04:14","modified_gmt":"2023-08-14T05:04:14","slug":"tecnologia-superior-en-riego-y-produccion-agricola","status":"publish","type":"page","link":"https:\/\/carreras.uleam.edu.ec\/unitev\/tecnologia-superior-en-riego-y-produccion-agricola\/","title":{"rendered":"Tecnolog\u00eda Superior en Riego y Producci\u00f3n Agr\u00edcola"},"content":{"rendered":"\t\t<div data-elementor-type=\"wp-page\" data-elementor-id=\"59\" class=\"elementor elementor-59\" data-elementor-settings=\"[]\">\n\t\t\t\t\t\t\t<div class=\"elementor-section-wrap\">\n\t\t\t\t\t\t\t<section class=\"elementor-section elementor-top-section elementor-element elementor-element-2cdb5a9 elementor-section-boxed elementor-section-height-default elementor-section-height-default\" data-id=\"2cdb5a9\" data-element_type=\"section\">\n\t\t\t\t\t\t<div class=\"elementor-container elementor-column-gap-default\">\n\t\t\t\t\t<div class=\"elementor-column elementor-col-100 elementor-top-column elementor-element elementor-element-6e124e4\" data-id=\"6e124e4\" data-element_type=\"column\">\n\t\t\t<div class=\"elementor-widget-wrap elementor-element-populated\">\n\t\t\t\t\t\t\t\t<div class=\"elementor-element elementor-element-9c08b5b elementor-widget elementor-widget-toggle\" data-id=\"9c08b5b\" data-element_type=\"widget\" data-widget_type=\"toggle.default\">\n\t\t\t\t<div class=\"elementor-widget-container\">\n\t\t\t\t\t<div class=\"elementor-toggle\" role=\"tablist\">\n\t\t\t\t\t\t\t<div class=\"elementor-toggle-item\">\n\t\t\t\t\t<div id=\"elementor-tab-title-1631\" class=\"elementor-tab-title\" data-tab=\"1\" role=\"tab\" aria-controls=\"elementor-tab-content-1631\" aria-expanded=\"false\">\n\t\t\t\t\t\t\t\t\t\t\t\t<span class=\"elementor-toggle-icon elementor-toggle-icon-left\" aria-hidden=\"true\">\n\t\t\t\t\t\t\t\t\t\t\t\t\t\t\t<span class=\"elementor-toggle-icon-closed\"><i class=\"fas fa-caret-right\"><\/i><\/span>\n\t\t\t\t\t\t\t\t<span class=\"elementor-toggle-icon-opened\"><i class=\"elementor-toggle-icon-opened fas fa-caret-up\"><\/i><\/span>\n\t\t\t\t\t\t\t\t\t\t\t\t\t<\/span>\n\t\t\t\t\t\t\t\t\t\t\t\t<a href=\"\" class=\"elementor-toggle-title\">Datos Generales<\/a>\n\t\t\t\t\t<\/div>\n\t\t\t\t\t<div id=\"elementor-tab-content-1631\" class=\"elementor-tab-content elementor-clearfix\" data-tab=\"1\" role=\"tabpanel\" aria-labelledby=\"elementor-tab-title-1631\"><\/div>\n\t\t\t\t<\/div>\n\t\t\t\t\t\t\t\t<\/div>\n\t\t\t\t<\/div>\n\t\t\t\t<\/div>\n\t\t\t\t<div class=\"elementor-element elementor-element-c6dde8f elementor-tabs-view-horizontal elementor-widget elementor-widget-tabs\" data-id=\"c6dde8f\" data-element_type=\"widget\" data-widget_type=\"tabs.default\">\n\t\t\t\t<div class=\"elementor-widget-container\">\n\t\t\t\t\t<div class=\"elementor-tabs\">\n\t\t\t<div class=\"elementor-tabs-wrapper\" role=\"tablist\" >\n\t\t\t\t\t\t\t\t\t<div id=\"elementor-tab-title-2081\" class=\"elementor-tab-title elementor-tab-desktop-title\" aria-selected=\"true\" data-tab=\"1\" role=\"tab\" tabindex=\"0\" aria-controls=\"elementor-tab-content-2081\" aria-expanded=\"false\">Objetivos<\/div>\n\t\t\t\t\t\t\t\t\t<div id=\"elementor-tab-title-2082\" class=\"elementor-tab-title elementor-tab-desktop-title\" aria-selected=\"false\" data-tab=\"2\" role=\"tab\" tabindex=\"-1\" aria-controls=\"elementor-tab-content-2082\" aria-expanded=\"false\">Requisitos de ingreso<\/div>\n\t\t\t\t\t\t\t\t\t<div id=\"elementor-tab-title-2083\" class=\"elementor-tab-title elementor-tab-desktop-title\" aria-selected=\"false\" data-tab=\"3\" role=\"tab\" tabindex=\"-1\" aria-controls=\"elementor-tab-content-2083\" aria-expanded=\"false\">Perfil de egreso<\/div>\n\t\t\t\t\t\t\t\t\t<div id=\"elementor-tab-title-2084\" class=\"elementor-tab-title elementor-tab-desktop-title\" aria-selected=\"false\" data-tab=\"4\" role=\"tab\" tabindex=\"-1\" aria-controls=\"elementor-tab-content-2084\" aria-expanded=\"false\">Perfil profesional<\/div>\n\t\t\t\t\t\t\t<\/div>\n\t\t\t<div class=\"elementor-tabs-content-wrapper\" role=\"tablist\" aria-orientation=\"vertical\">\n\t\t\t\t\t\t\t\t\t<div class=\"elementor-tab-title elementor-tab-mobile-title\" aria-selected=\"true\" data-tab=\"1\" role=\"tab\" tabindex=\"0\" aria-controls=\"elementor-tab-content-2081\" aria-expanded=\"false\">Objetivos<\/div>\n\t\t\t\t\t<div id=\"elementor-tab-content-2081\" class=\"elementor-tab-content elementor-clearfix\" data-tab=\"1\" role=\"tabpanel\" aria-labelledby=\"elementor-tab-title-2081\" tabindex=\"0\" hidden=\"false\"><ul><li><strong>General<\/strong><ul><li>Formar profesionales Tecn\u00f3logos Superiores en Riego y Producci\u00f3n agr\u00edcola, que realicen an\u00e1lisis de composici\u00f3n f\u00edsica y qu\u00edmica edafo-hidrol\u00f3gicas, apliquen t\u00e9cnicas de riego presurizado seg\u00fan requerimientos del tipo de cultivo, y que empleen t\u00e9cnicas de producci\u00f3n agr\u00edcola sostenibles que contribuyan a la seguridad alimentaria.<\/li><\/ul><\/li><li><strong>Espec\u00edficos<\/strong><ul><li>&#8211; Proporcionar los fundamentos t\u00e9cnicos necesarios en la realizaci\u00f3n de an\u00e1lisis de composici\u00f3n f\u00edsica y qu\u00edmica edafo-hidrol\u00f3gicas y que posibiliten la planificaci\u00f3n del riego y la mejora de la producci\u00f3n agr\u00edcola.<\/li><li>&#8211; Capacitar en la aplicaci\u00f3n de t\u00e9cnicas de riego presurizado seg\u00fan los requerimientos del tipo de cultivo y que contribuya al incremento de la producci\u00f3n agr\u00edcola y de la seguridad alimentaria desde el emprendimiento personal o institucional.<\/li><li>&#8211; Brindar los fundamentos y la aplicaci\u00f3n de t\u00e9cnicas de producci\u00f3n agr\u00edcola a partir de la cualificaci\u00f3n edafo-hidrol\u00f3gica y de los mecanismos de riego presurizado y que contribuya en su incremento y en la seguridad alimenticia de la poblaci\u00f3n desde el emprendimiento personal o institucional.<\/li><li>&#8211; Promover en los procesos de riego y producci\u00f3n agr\u00edcola la inclusi\u00f3n de valores y principios \u00e9ticos en el marco del enfoque de derechos, g\u00e9nero, igualdad, interculturalidad, pensamiento universal cr\u00edtico y creativo que contribuya a la mejora de la calidad de vida de la sociedad.<\/li><\/ul><\/li><\/ul><\/div>\n\t\t\t\t\t\t\t\t\t<div class=\"elementor-tab-title elementor-tab-mobile-title\" aria-selected=\"false\" data-tab=\"2\" role=\"tab\" tabindex=\"-1\" aria-controls=\"elementor-tab-content-2082\" aria-expanded=\"false\">Requisitos de ingreso<\/div>\n\t\t\t\t\t<div id=\"elementor-tab-content-2082\" class=\"elementor-tab-content elementor-clearfix\" data-tab=\"2\" role=\"tabpanel\" aria-labelledby=\"elementor-tab-title-2082\" tabindex=\"0\" hidden=\"hidden\"><ul><li>&#8211; Poseer t\u00edtulo de bachiller o su equivalente, de conformidad con la Ley<\/li><li>&#8211; Haber cumplido los requisitos normados por el Sistema de Nivelaci\u00f3n y Admisi\u00f3n<\/li><li>&#8211; Para casos de movilidad interna o externa, cumplir con los requisitos establecidos en el Art. 96 del Reglamento de R\u00e9gimen Acad\u00e9mico para cambios<\/li><li>&#8211; Las IES aceptar\u00e1n los t\u00edtulos de bachiller obtenidos en el extranjero, reconocidos o equiparados por el Ministerio de Educaci\u00f3n.<\/li><\/ul><\/div>\n\t\t\t\t\t\t\t\t\t<div class=\"elementor-tab-title elementor-tab-mobile-title\" aria-selected=\"false\" data-tab=\"3\" role=\"tab\" tabindex=\"-1\" aria-controls=\"elementor-tab-content-2083\" aria-expanded=\"false\">Perfil de egreso<\/div>\n\t\t\t\t\t<div id=\"elementor-tab-content-2083\" class=\"elementor-tab-content elementor-clearfix\" data-tab=\"3\" role=\"tabpanel\" aria-labelledby=\"elementor-tab-title-2083\" tabindex=\"0\" hidden=\"hidden\"><ul><li><strong>\u00bfQu\u00e9 resultados de aprendizaje y competencias profesionales son necesarias para el futuro desempe\u00f1o profesional?<\/strong><ul><li>&#8211; Realiza an\u00e1lisis de composici\u00f3n f\u00edsica y qu\u00edmica edafo-hidrol\u00f3gicas que posibiliten la planificaci\u00f3n del riego y la mejora de la producci\u00f3n agr\u00edcola<\/li><li>&#8211; Aplica t\u00e9cnicas de riego presurizado seg\u00fan los requerimientos del tipo de cultivo y que contribuya al incremento de la producci\u00f3n agr\u00edcola y de la seguridad alimentaria desde el emprendimiento personal o institucional.<\/li><li>&#8211; Emplea t\u00e9cnicas de producci\u00f3n agr\u00edcola a partir de la cualificaci\u00f3n edafo-hidrol\u00f3gica y de los mecanismos de riego presurizado, que contribuya en su incremento y en la seguridad alimenticia de la poblaci\u00f3n desde el emprendimiento personal o institucional.<\/li><\/ul><\/li><li><strong>\u00bfQu\u00e9 resultados de aprendizaje relacionados con el manejo de m\u00e9todos, metodolog\u00edas, modelos, protocolos, procesos y\u00a0<\/strong><strong>procedimientos de car\u00e1cter profesional e investigativo se garantizar\u00e1n en la implementaci\u00f3n de la carrera\/programa?<\/strong><ul><li>\u00a0&#8211; Aplica los fundamentos y t\u00e9cnicas del sistema de riego por aspersi\u00f3n en cultivos de la zona agro productiva del centro norte de Manab\u00ed.<\/li><li>&#8211; Determina los requerimientos de fertilizaci\u00f3n y nutrici\u00f3n de los cultivos con base en el contenido del suelo y en el cuidado de su reserva y el rendimiento.<\/li><li>&#8211; Define la calidad del agua con fines de riego agr\u00edcola en el \u00e1mbito f\u00edsico y qu\u00edmico que permita la \u00f3ptima producci\u00f3n agr\u00edcola.<\/li><li>&#8211; Aplica m\u00e9todos de an\u00e1lisis hidrof\u00edsico del suelo como medio fundamental en la planificaci\u00f3n de un sistema de riego.<\/li><\/ul><\/li><li><strong>\u00bfC\u00f3mo contribuir\u00e1 el futuro profesional al mejoramiento de la calidad de vida, el medio ambiente, el desarrollo productivo y la\u00a0<\/strong><strong>preservaci\u00f3n, difusi\u00f3n y enriquecimiento de las culturas y saberes?<\/strong><ul><li>&#8211; Delinea el desarrollo de proyectos de emprendimientos y asociatividad mediante ideas de producci\u00f3n agr\u00edcola en consideraci\u00f3n de la producci\u00f3n comunitaria y con los principios b\u00e1sicos del manejo empresarial o de iniciativa individual.<\/li><li>&#8211; Aplica fundamentos y t\u00e9cnicas de control de la sanidad vegetal en la resoluci\u00f3n de problemas fitosanitarios presentes en los cultivos con una concepci\u00f3n integral y con cuidado al medio ambiente.<\/li><li>&#8211; Aplica los fundamentos y t\u00e9cnicas de cultivos perennes en estrategias de producci\u00f3n de agr\u00edcola bajo riego y de la protecci\u00f3n del medio ambiente.<\/li><li>&#8211; Determina los requerimientos de fertilizaci\u00f3n y nutrici\u00f3n de los cultivos con base en el contenido del suelo y en el cuidado de su reserva y el rendimiento.<\/li><\/ul><\/li><li><strong>\u00bfCu\u00e1les son los valores y los principios, en el marco de un enfoque de derechos, igualdad e interculturalidad y pensamiento\u00a0<\/strong><strong>universal, cr\u00edtico y creativo, que se promover\u00e1n en la formaci\u00f3n profesional que ofrece la carrera?<\/strong><ul><li>&#8211; Demuestra en los procesos de riego y producci\u00f3n agr\u00edcola los valores y principios \u00e9ticos en el marco del enfoque de derechos, g\u00e9nero, igualdad, interculturalidad, pensamiento universal cr\u00edtico y creativo que contribuya a la mejora de la calidad de vida de la sociedad.<\/li><\/ul><\/li><\/ul><\/div>\n\t\t\t\t\t\t\t\t\t<div class=\"elementor-tab-title elementor-tab-mobile-title\" aria-selected=\"false\" data-tab=\"4\" role=\"tab\" tabindex=\"-1\" aria-controls=\"elementor-tab-content-2084\" aria-expanded=\"false\">Perfil profesional<\/div>\n\t\t\t\t\t<div id=\"elementor-tab-content-2084\" class=\"elementor-tab-content elementor-clearfix\" data-tab=\"4\" role=\"tabpanel\" aria-labelledby=\"elementor-tab-title-2084\" tabindex=\"0\" hidden=\"hidden\"><ul><li>El profesional formado como Tecn\u00f3logo Superior en Riego y Producci\u00f3n Agr\u00edcola es capaz de realizar el asesoramiento a productores agr\u00edcolas en aspectos tecnol\u00f3gicos, econ\u00f3micos y ambientales sobre sistemas de riego presurizado seg\u00fan los requerimientos de los cultivos y con el adecuado uso del recurso suelo y agua.<\/li><\/ul><\/div>\n\t\t\t\t\t\t\t<\/div>\n\t\t<\/div>\n\t\t\t\t<\/div>\n\t\t\t\t<\/div>\n\t\t\t\t<div class=\"elementor-element elementor-element-c01f00c elementor-widget elementor-widget-toggle\" data-id=\"c01f00c\" data-element_type=\"widget\" data-widget_type=\"toggle.default\">\n\t\t\t\t<div class=\"elementor-widget-container\">\n\t\t\t\t\t<div class=\"elementor-toggle\" role=\"tablist\">\n\t\t\t\t\t\t\t<div class=\"elementor-toggle-item\">\n\t\t\t\t\t<div id=\"elementor-tab-title-2011\" class=\"elementor-tab-title\" data-tab=\"1\" role=\"tab\" aria-controls=\"elementor-tab-content-2011\" aria-expanded=\"false\">\n\t\t\t\t\t\t\t\t\t\t\t\t<span class=\"elementor-toggle-icon elementor-toggle-icon-left\" aria-hidden=\"true\">\n\t\t\t\t\t\t\t\t\t\t\t\t\t\t\t<span class=\"elementor-toggle-icon-closed\"><i class=\"fas fa-caret-right\"><\/i><\/span>\n\t\t\t\t\t\t\t\t<span class=\"elementor-toggle-icon-opened\"><i class=\"elementor-toggle-icon-opened fas fa-caret-up\"><\/i><\/span>\n\t\t\t\t\t\t\t\t\t\t\t\t\t<\/span>\n\t\t\t\t\t\t\t\t\t\t\t\t<a href=\"\" class=\"elementor-toggle-title\">Campus donde se oferta la carrera<\/a>\n\t\t\t\t\t<\/div>\n\t\t\t\t\t<div id=\"elementor-tab-content-2011\" class=\"elementor-tab-content elementor-clearfix\" data-tab=\"1\" role=\"tabpanel\" aria-labelledby=\"elementor-tab-title-2011\"><ul><li>&#8211; Extensi\u00f3n Chone &#8211; Campus Tosagua<\/li><\/ul><\/div>\n\t\t\t\t<\/div>\n\t\t\t\t\t\t\t<div class=\"elementor-toggle-item\">\n\t\t\t\t\t<div id=\"elementor-tab-title-2012\" class=\"elementor-tab-title\" data-tab=\"2\" role=\"tab\" aria-controls=\"elementor-tab-content-2012\" aria-expanded=\"false\">\n\t\t\t\t\t\t\t\t\t\t\t\t<span class=\"elementor-toggle-icon elementor-toggle-icon-left\" aria-hidden=\"true\">\n\t\t\t\t\t\t\t\t\t\t\t\t\t\t\t<span class=\"elementor-toggle-icon-closed\"><i class=\"fas fa-caret-right\"><\/i><\/span>\n\t\t\t\t\t\t\t\t<span class=\"elementor-toggle-icon-opened\"><i class=\"elementor-toggle-icon-opened fas fa-caret-up\"><\/i><\/span>\n\t\t\t\t\t\t\t\t\t\t\t\t\t<\/span>\n\t\t\t\t\t\t\t\t\t\t\t\t<a href=\"\" class=\"elementor-toggle-title\">Curr\u00edculo<\/a>\n\t\t\t\t\t<\/div>\n\t\t\t\t\t<div id=\"elementor-tab-content-2012\" class=\"elementor-tab-content elementor-clearfix\" data-tab=\"2\" role=\"tabpanel\" aria-labelledby=\"elementor-tab-title-2012\"><ul><li><h4>Estructura curricular<\/h4><ul><li><a href=\"https:\/\/carreras.uleam.edu.ec\/uaftt\/wp-content\/uploads\/sites\/68\/2022\/12\/MALLA-TSRPS-2022.pdf\">Malla<\/a><\/li><\/ul><\/li><li><h4>Planes anal\u00edticos de asignatura<\/h4><ul><li>Primer nivel<ul><li><a href=\"https:\/\/carreras.uleam.edu.ec\/uaftt\/wp-content\/uploads\/sites\/68\/2022\/09\/PAA-F0017-SUELO.pdf\"><span style=\"color: #800080\"><strong>Suelo<\/strong><\/span><\/a><\/li><li><a href=\"https:\/\/carreras.uleam.edu.ec\/uaftt\/wp-content\/uploads\/sites\/68\/2022\/09\/0017-HIDRAULICA.pdf\"><span style=\"color: #800080\"><strong>Hidr\u00e1ulica<\/strong><\/span><\/a><\/li><li><a href=\"https:\/\/carreras.uleam.edu.ec\/uaftt\/wp-content\/uploads\/sites\/68\/2022\/09\/PAA-F0017-FISIOLOFIA-VEGETAL.pdf\"><span style=\"color: #800080\"><strong>Fisiolog\u00eda vegetal<\/strong><\/span><\/a><\/li><li><a href=\"https:\/\/carreras.uleam.edu.ec\/uaftt\/wp-content\/uploads\/sites\/68\/2022\/09\/0017-ESTADISTICA-APLICADA.pdf\"><span style=\"color: #800080\"><strong>Estad\u00edstica aplicada<\/strong><\/span><\/a><\/li><li><a href=\"https:\/\/carreras.uleam.edu.ec\/uaftt\/wp-content\/uploads\/sites\/68\/2022\/09\/PAA-F0017-AGRO-CLIMATOLOGIA.pdf\"><span style=\"color: #800080\"><strong>Agro-climatolog\u00eda<\/strong><\/span><\/a><\/li><\/ul><\/li><\/ul><\/li><\/ul><ul><li style=\"list-style-type: none\"><ul><li>Segundo nivel<ul><li><a href=\"https:\/\/carreras.uleam.edu.ec\/uaftt\/wp-content\/uploads\/sites\/68\/2022\/09\/0017-SISTEMA-DE-INF.-GEO.pdf\"><span style=\"color: #800080\"><strong>Sistema de informaci\u00f3n geogr\u00e1fica<\/strong><\/span><\/a><\/li><li><a href=\"https:\/\/carreras.uleam.edu.ec\/uaftt\/wp-content\/uploads\/sites\/68\/2022\/09\/PAA-F-0017-ANALISIS-HIDROFISICO.pdf\"><span style=\"color: #800080\"><strong>An\u00e1lisis hidrof\u00edsico del suelo<\/strong><\/span><\/a><\/li><li><a href=\"https:\/\/carreras.uleam.edu.ec\/uaftt\/wp-content\/uploads\/sites\/68\/2022\/09\/PAA-F0017-SANIDAD-VEGETAL.pdf\"><span style=\"color: #800080\"><strong>Sanidad vegetal<\/strong><\/span><\/a><\/li><li><a href=\"https:\/\/carreras.uleam.edu.ec\/uaftt\/wp-content\/uploads\/sites\/68\/2022\/09\/0017-FERTILIZACION.pdf\"><span style=\"color: #800080\"><strong>Fertilizaci\u00f3n<\/strong><\/span><\/a><\/li><li><a href=\"https:\/\/carreras.uleam.edu.ec\/uaftt\/wp-content\/uploads\/sites\/68\/2022\/09\/F0017-CALIDAD-DE-AGUA.pdf\"><span style=\"color: #800080\"><strong>Calidad de agua<\/strong><\/span><\/a><\/li><\/ul><\/li><\/ul><\/li><\/ul><\/div>\n\t\t\t\t<\/div>\n\t\t\t\t\t\t\t<div class=\"elementor-toggle-item\">\n\t\t\t\t\t<div id=\"elementor-tab-title-2013\" class=\"elementor-tab-title\" data-tab=\"3\" role=\"tab\" aria-controls=\"elementor-tab-content-2013\" aria-expanded=\"false\">\n\t\t\t\t\t\t\t\t\t\t\t\t<span class=\"elementor-toggle-icon elementor-toggle-icon-left\" aria-hidden=\"true\">\n\t\t\t\t\t\t\t\t\t\t\t\t\t\t\t<span class=\"elementor-toggle-icon-closed\"><i class=\"fas fa-caret-right\"><\/i><\/span>\n\t\t\t\t\t\t\t\t<span class=\"elementor-toggle-icon-opened\"><i class=\"elementor-toggle-icon-opened fas fa-caret-up\"><\/i><\/span>\n\t\t\t\t\t\t\t\t\t\t\t\t\t<\/span>\n\t\t\t\t\t\t\t\t\t\t\t\t<a href=\"\" class=\"elementor-toggle-title\">Distribuci\u00f3n docente<\/a>\n\t\t\t\t\t<\/div>\n\t\t\t\t\t<div id=\"elementor-tab-content-2013\" class=\"elementor-tab-content elementor-clearfix\" data-tab=\"3\" role=\"tabpanel\" aria-labelledby=\"elementor-tab-title-2013\"><h5>Cohorte 2021-2<\/h5><ul><li>Periodo Acad\u00e9mico Ordinario 2021-2<ul><li>Primer nivel<ul><li>Ing. Edison Fabian Medranda Vera, Mg., <span style=\"font-family: inherit;font-size: inherit\">AGRO-CLIMATOLOG\u00cdA<\/span><\/li><li>Ing. Gilber Jenniper Loor Mu\u00f1oz, Mg,. ESTADISTICA APLICADA<\/li><li>Ing. Edison Fabian Medranda Vera, Mg., FISIOLOG\u00cdA VEGETAL<\/li><li>Ing. Luis Daniel Zambrano Molina, Mg., HIDR\u00c1ULICA<\/li><li>Ing. Rub\u00e9n Dar\u00edo Rivera Fern\u00e1ndez, Mg., SUELO<\/li><\/ul><\/li><\/ul><\/li><\/ul><ul><li>Periodo Acad\u00e9mico Ordinario 2022-1<ul><li>Segundo nivel<ul><li>Arq. Ang\u00e9lica Lilibeth Calder\u00f3n V\u00e9lez, Mg., <span style=\"font-family: inherit;font-size: inherit\">SISTEMA DE INFORMACI\u00d3N GEOGR\u00c1FICA<\/span><\/li><li>Ing. Pierre Luis Moreira Mu\u00f1\u00f3z, AN\u00c1LISIS HIDROF\u00cdSICO DEL SUELO<\/li><li>Ing. Marlon Ricardo Vera Flores, SANIDAD VEGETAL<\/li><li>Ing. Edison Fabian Medranda Vera, Mg., FERTILIZACI\u00d3N<\/li><li>Ing. Pierre Luis Moreira Mu\u00f1\u00f3z,CALIDAD DE AGUA<\/li><\/ul><\/li><\/ul><\/li><\/ul><h5>Cohorte 2022-1<\/h5><ul><li>Periodo Acad\u00e9mico Ordinario 2022-1<ul><li>Primer nivel<ul><li>Ing. Edison Fabian Medranda Vera, Mg., <span style=\"font-family: inherit;font-size: inherit\">AGRO-CLIMATOLOG\u00cdA<\/span><\/li><li>Lic. Felisa Hermelinda Meza Intriago, Mg,. ESTADISTICA APLICADA<\/li><li>Ing. Edison Fabian Medranda Vera, Mg., FISIOLOG\u00cdA VEGETAL<\/li><li>Ing. Jean Carlos V\u00e9lez Esparza, HIDR\u00c1ULICA<\/li><li>Ing. Pierre Luis Moreira Mu\u00f1\u00f3z, SUELO<\/li><\/ul><\/li><\/ul><\/li><\/ul><ul><li style=\"list-style-type: none\">\u00a0<\/li><\/ul><ul><li style=\"list-style-type: none\">\u00a0<\/li><\/ul><\/div>\n\t\t\t\t<\/div>\n\t\t\t\t\t\t\t\t<\/div>\n\t\t\t\t<\/div>\n\t\t\t\t<\/div>\n\t\t\t\t\t<\/div>\n\t\t<\/div>\n\t\t\t\t\t\t\t<\/div>\n\t\t<\/section>\n\t\t\t\t\t\t<\/div>\n\t\t\t\t\t<\/div>\n\t\t","protected":false},"excerpt":{"rendered":"","protected":false},"author":1018,"featured_media":0,"parent":0,"menu_order":0,"comment_status":"closed","ping_status":"closed","template":"","meta":{"_acf_changed":false,"footnotes":""},"class_list":["post-59","page","type-page","status-publish","hentry"],"acf":[],"_links":{"self":[{"href":"https:\/\/carreras.uleam.edu.ec\/unitev\/wp-json\/wp\/v2\/pages\/59","targetHints":{"allow":["GET"]}}],"collection":[{"href":"https:\/\/carreras.uleam.edu.ec\/unitev\/wp-json\/wp\/v2\/pages"}],"about":[{"href":"https:\/\/carreras.uleam.edu.ec\/unitev\/wp-json\/wp\/v2\/types\/page"}],"author":[{"embeddable":true,"href":"https:\/\/carreras.uleam.edu.ec\/unitev\/wp-json\/wp\/v2\/users\/1018"}],"replies":[{"embeddable":true,"href":"https:\/\/carreras.uleam.edu.ec\/unitev\/wp-json\/wp\/v2\/comments?post=59"}],"version-history":[{"count":207,"href":"https:\/\/carreras.uleam.edu.ec\/unitev\/wp-json\/wp\/v2\/pages\/59\/revisions"}],"predecessor-version":[{"id":1357,"href":"https:\/\/carreras.uleam.edu.ec\/unitev\/wp-json\/wp\/v2\/pages\/59\/revisions\/1357"}],"wp:attachment":[{"href":"https:\/\/carreras.uleam.edu.ec\/unitev\/wp-json\/wp\/v2\/media?parent=59"}],"curies":[{"name":"wp","href":"https:\/\/api.w.org\/{rel}","templated":true}]}}