{"id":825,"date":"2022-12-12T14:22:11","date_gmt":"2022-12-12T14:22:11","guid":{"rendered":"https:\/\/carreras.uleam.edu.ec\/uaftt\/?page_id=825"},"modified":"2022-12-12T15:11:11","modified_gmt":"2022-12-12T15:11:11","slug":"congresos","status":"publish","type":"page","link":"https:\/\/carreras.uleam.edu.ec\/unitev\/congresos\/","title":{"rendered":"Congresos"},"content":{"rendered":"\t\t<div data-elementor-type=\"wp-page\" data-elementor-id=\"825\" class=\"elementor elementor-825\" data-elementor-settings=\"[]\">\n\t\t\t\t\t\t\t<div class=\"elementor-section-wrap\">\n\t\t\t\t\t\t\t<section class=\"elementor-section elementor-top-section elementor-element elementor-element-f10d670 elementor-section-boxed elementor-section-height-default elementor-section-height-default\" data-id=\"f10d670\" data-element_type=\"section\">\n\t\t\t\t\t\t<div class=\"elementor-container elementor-column-gap-default\">\n\t\t\t\t\t<div class=\"elementor-column elementor-col-100 elementor-top-column elementor-element elementor-element-3b1482b\" data-id=\"3b1482b\" data-element_type=\"column\">\n\t\t\t<div class=\"elementor-widget-wrap elementor-element-populated\">\n\t\t\t\t\t\t\t\t<div class=\"elementor-element elementor-element-5ec3392 elementor-tabs-view-horizontal elementor-widget elementor-widget-tabs\" data-id=\"5ec3392\" data-element_type=\"widget\" data-widget_type=\"tabs.default\">\n\t\t\t\t<div class=\"elementor-widget-container\">\n\t\t\t\t\t<div class=\"elementor-tabs\">\n\t\t\t<div class=\"elementor-tabs-wrapper\" role=\"tablist\" >\n\t\t\t\t\t\t\t\t\t<div id=\"elementor-tab-title-9931\" class=\"elementor-tab-title elementor-tab-desktop-title\" aria-selected=\"true\" data-tab=\"1\" role=\"tab\" tabindex=\"0\" aria-controls=\"elementor-tab-content-9931\" aria-expanded=\"false\">ICTAR 2022<\/div>\n\t\t\t\t\t\t\t\t\t<div id=\"elementor-tab-title-9932\" class=\"elementor-tab-title elementor-tab-desktop-title\" aria-selected=\"false\" data-tab=\"2\" role=\"tab\" tabindex=\"-1\" aria-controls=\"elementor-tab-content-9932\" aria-expanded=\"false\">Titulo de la pesta\u00f1a<\/div>\n\t\t\t\t\t\t\t<\/div>\n\t\t\t<div class=\"elementor-tabs-content-wrapper\" role=\"tablist\" aria-orientation=\"vertical\">\n\t\t\t\t\t\t\t\t\t<div class=\"elementor-tab-title elementor-tab-mobile-title\" aria-selected=\"true\" data-tab=\"1\" role=\"tab\" tabindex=\"0\" aria-controls=\"elementor-tab-content-9931\" aria-expanded=\"false\">ICTAR 2022<\/div>\n\t\t\t\t\t<div id=\"elementor-tab-content-9931\" class=\"elementor-tab-content elementor-clearfix\" data-tab=\"1\" role=\"tabpanel\" aria-labelledby=\"elementor-tab-title-9931\" tabindex=\"0\" hidden=\"false\"><p><img loading=\"lazy\" decoding=\"async\" class=\"alignnone size-medium wp-image-888\" src=\"https:\/\/carreras.uleam.edu.ec\/uaftt\/wp-content\/uploads\/sites\/68\/2022\/12\/Ictar2022_B-300x114.png\" alt=\"\" width=\"300\" height=\"114\" srcset=\"https:\/\/carreras.uleam.edu.ec\/unitev\/wp-content\/uploads\/sites\/68\/2022\/12\/Ictar2022_B-300x114.png 300w, https:\/\/carreras.uleam.edu.ec\/unitev\/wp-content\/uploads\/sites\/68\/2022\/12\/Ictar2022_B-768x292.png 768w, https:\/\/carreras.uleam.edu.ec\/unitev\/wp-content\/uploads\/sites\/68\/2022\/12\/Ictar2022_B.png 851w\" sizes=\"auto, (max-width: 300px) 100vw, 300px\" \/><\/p><\/div>\n\t\t\t\t\t\t\t\t\t<div class=\"elementor-tab-title elementor-tab-mobile-title\" aria-selected=\"false\" data-tab=\"2\" role=\"tab\" tabindex=\"-1\" aria-controls=\"elementor-tab-content-9932\" aria-expanded=\"false\">Titulo de la pesta\u00f1a<\/div>\n\t\t\t\t\t<div id=\"elementor-tab-content-9932\" class=\"elementor-tab-content elementor-clearfix\" data-tab=\"2\" role=\"tabpanel\" aria-labelledby=\"elementor-tab-title-9932\" tabindex=\"0\" hidden=\"hidden\">Contenido de la pesta\u00f1a<\/div>\n\t\t\t\t\t\t\t<\/div>\n\t\t<\/div>\n\t\t\t\t<\/div>\n\t\t\t\t<\/div>\n\t\t\t\t\t<\/div>\n\t\t<\/div>\n\t\t\t\t\t\t\t<\/div>\n\t\t<\/section>\n\t\t\t\t\t\t<\/div>\n\t\t\t\t\t<\/div>\n\t\t","protected":false},"excerpt":{"rendered":"<p>ICTAR 2022 Titulo de la pesta\u00f1a ICTAR 2022 Titulo de la pesta\u00f1a Contenido de la pesta\u00f1a<\/p>\n","protected":false},"author":1018,"featured_media":0,"parent":0,"menu_order":0,"comment_status":"closed","ping_status":"closed","template":"","meta":{"_acf_changed":false,"footnotes":""},"class_list":["post-825","page","type-page","status-publish","hentry"],"acf":[],"_links":{"self":[{"href":"https:\/\/carreras.uleam.edu.ec\/unitev\/wp-json\/wp\/v2\/pages\/825","targetHints":{"allow":["GET"]}}],"collection":[{"href":"https:\/\/carreras.uleam.edu.ec\/unitev\/wp-json\/wp\/v2\/pages"}],"about":[{"href":"https:\/\/carreras.uleam.edu.ec\/unitev\/wp-json\/wp\/v2\/types\/page"}],"author":[{"embeddable":true,"href":"https:\/\/carreras.uleam.edu.ec\/unitev\/wp-json\/wp\/v2\/users\/1018"}],"replies":[{"embeddable":true,"href":"https:\/\/carreras.uleam.edu.ec\/unitev\/wp-json\/wp\/v2\/comments?post=825"}],"version-history":[{"count":17,"href":"https:\/\/carreras.uleam.edu.ec\/unitev\/wp-json\/wp\/v2\/pages\/825\/revisions"}],"predecessor-version":[{"id":904,"href":"https:\/\/carreras.uleam.edu.ec\/unitev\/wp-json\/wp\/v2\/pages\/825\/revisions\/904"}],"wp:attachment":[{"href":"https:\/\/carreras.uleam.edu.ec\/unitev\/wp-json\/wp\/v2\/media?parent=825"}],"curies":[{"name":"wp","href":"https:\/\/api.w.org\/{rel}","templated":true}]}}